{"id":8384,"date":"2024-03-15T09:51:00","date_gmt":"2024-03-15T08:51:00","guid":{"rendered":"https:\/\/gsgroup.danspot.dk\/?page_id=8384"},"modified":"2026-01-07T12:34:51","modified_gmt":"2026-01-07T11:34:51","slug":"drive-safe","status":"publish","type":"page","link":"https:\/\/www.gsfleet.io\/no\/drive-safe\/","title":{"rendered":"Drive Safe"},"content":{"rendered":"\t\t<div data-elementor-type=\"wp-page\" data-elementor-id=\"8384\" class=\"elementor elementor-8384 elementor-8381\" data-elementor-post-type=\"page\">\n\t\t\t\t<div class=\"elementor-element elementor-element-d1ab2a6 e-con-full e-flex e-con e-parent\" data-id=\"d1ab2a6\" data-element_type=\"container\" data-e-type=\"container\" data-settings=\"{&quot;background_background&quot;:&quot;video&quot;,&quot;background_video_link&quot;:&quot;https:\\\/\\\/www.gsfleet.io\\\/wp-content\\\/uploads\\\/AdobeStock_187837047_1.mp4&quot;}\">\n\t\t<div class=\"elementor-background-video-container elementor-hidden-mobile\">\n\t\t\t\t\t\t\t<video class=\"elementor-background-video-hosted\" role=\"presentation\" autoplay muted playsinline loop><\/video>\n\t\t\t\t\t<\/div>\t\t<div class=\"elementor-element elementor-element-e2bd3e6 elementor-widget__width-initial elementor-widget elementor-widget-heading\" data-id=\"e2bd3e6\" data-element_type=\"widget\" data-e-type=\"widget\" data-widget_type=\"heading.default\">\n\t\t\t\t<div class=\"elementor-widget-container\">\n\t\t\t\t\t<h1 class=\"elementor-heading-title elementor-size-default\">Drive Safe<br>Somebody Loves You<\/h1>\t\t\t\t<\/div>\n\t\t\t\t<\/div>\n\t\t\t\t<div class=\"elementor-element elementor-element-cab0a74 elementor-align-center elementor-widget elementor-widget-button\" data-id=\"cab0a74\" data-element_type=\"widget\" data-e-type=\"widget\" data-widget_type=\"button.default\">\n\t\t\t\t<div class=\"elementor-widget-container\">\n\t\t\t\t\t\t\t\t\t<div class=\"elementor-button-wrapper\">\n\t\t\t\t\t<a class=\"elementor-button elementor-button-link elementor-size-sm\" href=\"https:\/\/www.gsfleet.io\/no\/drive-safe\/bestilling\/\">\n\t\t\t\t\t\t<span class=\"elementor-button-content-wrapper\">\n\t\t\t\t\t\t\t\t\t<span class=\"elementor-button-text\">Bestill et gratis klistremerke<\/span>\n\t\t\t\t\t<\/span>\n\t\t\t\t\t<\/a>\n\t\t\t\t<\/div>\n\t\t\t\t\t\t\t\t<\/div>\n\t\t\t\t<\/div>\n\t\t\t\t<\/div>\n\t\t<div class=\"elementor-element elementor-element-492b51d e-flex e-con-boxed e-con e-parent\" data-id=\"492b51d\" data-element_type=\"container\" data-e-type=\"container\">\n\t\t\t\t\t<div class=\"e-con-inner\">\n\t\t\t\t<div class=\"elementor-element elementor-element-22b6cbf elementor-widget elementor-widget-heading\" data-id=\"22b6cbf\" data-element_type=\"widget\" data-e-type=\"widget\" data-widget_type=\"heading.default\">\n\t\t\t\t<div class=\"elementor-widget-container\">\n\t\t\t\t\t<h2 class=\"elementor-heading-title elementor-size-default\">Med initiativet \"Drive Safe Somebody Loves You\" \u00f8nsker vi \u00e5 <strong>styrke fellesskapet p\u00e5 veiene og redusere antall ulykker<\/strong> ved \u00e5 oppfordre bilf\u00f8rere til \u00e5 vise hensyn og v\u00e6re forsiktige.<\/h2>\t\t\t\t<\/div>\n\t\t\t\t<\/div>\n\t\t\t\t\t<\/div>\n\t\t\t\t<\/div>\n\t\t<div class=\"elementor-element elementor-element-9ce5d70 e-flex e-con-boxed e-con e-parent\" data-id=\"9ce5d70\" data-element_type=\"container\" data-e-type=\"container\">\n\t\t\t\t\t<div class=\"e-con-inner\">\n\t\t<div class=\"elementor-element elementor-element-cec9c09 e-con-full e-flex e-con e-child\" data-id=\"cec9c09\" data-element_type=\"container\" data-e-type=\"container\">\n\t\t\t\t<div class=\"elementor-element elementor-element-a393f3e elementor-widget elementor-widget-heading\" data-id=\"a393f3e\" data-element_type=\"widget\" data-e-type=\"widget\" data-widget_type=\"heading.default\">\n\t\t\t\t<div class=\"elementor-widget-container\">\n\t\t\t\t\t<h2 class=\"elementor-heading-title elementor-size-default\">Drive Safe, Somebody Loves You (DSSLY)<\/h2>\t\t\t\t<\/div>\n\t\t\t\t<\/div>\n\t\t\t\t<div class=\"elementor-element elementor-element-56f40a7 elementor-widget elementor-widget-text-editor\" data-id=\"56f40a7\" data-element_type=\"widget\" data-e-type=\"widget\" data-widget_type=\"text-editor.default\">\n\t\t\t\t<div class=\"elementor-widget-container\">\n\t\t\t\t\t\t\t\t\t<p><span style=\"font-weight: 400;\">Vi er drevet av \u00e5 spre omtanke og empati i trafikken, og derfor begynte vi \u00e5 se etter en l\u00f8sning som kunne utfylle den teknologiske utviklingen, og \u00f8ke sikkerheten p\u00e5 veiene. Det var da vi kom p\u00e5 ideen om en enkel, men kraftfull p\u00e5minnelse som vi kunne begynne \u00e5 spre.<\/span><\/p><p><span style=\"font-weight: 400;\">Det er v\u00e5r m\u00e5te \u00e5 bringe mer medmenneskelighet inn i diskusjonen om trafikksikkerhet, der hver eneste p\u00e5minnelse har potensial til \u00e5 redde liv.<\/span><\/p>\t\t\t\t\t\t\t\t<\/div>\n\t\t\t\t<\/div>\n\t\t\t\t<div class=\"elementor-element elementor-element-0872f4e elementor-align-left elementor-widget elementor-widget-button\" data-id=\"0872f4e\" data-element_type=\"widget\" data-e-type=\"widget\" data-widget_type=\"button.default\">\n\t\t\t\t<div class=\"elementor-widget-container\">\n\t\t\t\t\t\t\t\t\t<div class=\"elementor-button-wrapper\">\n\t\t\t\t\t<a class=\"elementor-button elementor-button-link elementor-size-sm\" href=\"https:\/\/www.gsfleet.io\/no\/drive-safe\/bestilling\/\">\n\t\t\t\t\t\t<span class=\"elementor-button-content-wrapper\">\n\t\t\t\t\t\t\t\t\t<span class=\"elementor-button-text\"> Bestill ditt klistremerke i dag!<\/span>\n\t\t\t\t\t<\/span>\n\t\t\t\t\t<\/a>\n\t\t\t\t<\/div>\n\t\t\t\t\t\t\t\t<\/div>\n\t\t\t\t<\/div>\n\t\t\t\t<\/div>\n\t\t<div class=\"elementor-element elementor-element-e8368c3 e-con-full e-flex e-con e-child\" data-id=\"e8368c3\" data-element_type=\"container\" data-e-type=\"container\">\n\t\t\t\t<div class=\"elementor-element elementor-element-664b4db elementor-widget elementor-widget-image\" data-id=\"664b4db\" data-element_type=\"widget\" data-e-type=\"widget\" data-widget_type=\"image.default\">\n\t\t\t\t<div class=\"elementor-widget-container\">\n\t\t\t\t\t\t\t\t\t\t\t\t\t\t\t<img loading=\"lazy\" decoding=\"async\" width=\"768\" height=\"768\" src=\"https:\/\/www.gsfleet.io\/wp-content\/uploads\/sticker_grafik_gsfleet_DriveSafe-768x768.png\" class=\"attachment-medium_large size-medium_large wp-image-14547\" alt=\"Sticker FSFleet DriveSafe\" srcset=\"https:\/\/www.gsfleet.io\/wp-content\/uploads\/sticker_grafik_gsfleet_DriveSafe-768x768.png 768w, https:\/\/www.gsfleet.io\/wp-content\/uploads\/sticker_grafik_gsfleet_DriveSafe-300x300.png 300w, https:\/\/www.gsfleet.io\/wp-content\/uploads\/sticker_grafik_gsfleet_DriveSafe-1024x1024.png 1024w, https:\/\/www.gsfleet.io\/wp-content\/uploads\/sticker_grafik_gsfleet_DriveSafe-150x150.png 150w, https:\/\/www.gsfleet.io\/wp-content\/uploads\/sticker_grafik_gsfleet_DriveSafe-600x600.png 600w, https:\/\/www.gsfleet.io\/wp-content\/uploads\/sticker_grafik_gsfleet_DriveSafe-100x100.png 100w, https:\/\/www.gsfleet.io\/wp-content\/uploads\/sticker_grafik_gsfleet_DriveSafe.png 1500w\" sizes=\"auto, (max-width: 768px) 100vw, 768px\" \/>\t\t\t\t\t\t\t\t\t\t\t\t\t\t\t<\/div>\n\t\t\t\t<\/div>\n\t\t\t\t<\/div>\n\t\t\t\t\t<\/div>\n\t\t\t\t<\/div>\n\t\t<div class=\"elementor-element elementor-element-7682953 e-flex e-con-boxed e-con e-parent\" data-id=\"7682953\" data-element_type=\"container\" data-e-type=\"container\" data-settings=\"{&quot;background_background&quot;:&quot;classic&quot;}\">\n\t\t\t\t\t<div class=\"e-con-inner\">\n\t\t<div class=\"elementor-element elementor-element-745ecab e-con-full elementor-hidden-tablet elementor-hidden-mobile e-flex e-con e-child\" data-id=\"745ecab\" data-element_type=\"container\" data-e-type=\"container\">\n\t\t\t\t<div class=\"elementor-element elementor-element-19dba63 elementor-widget elementor-widget-image\" data-id=\"19dba63\" data-element_type=\"widget\" data-e-type=\"widget\" data-widget_type=\"image.default\">\n\t\t\t\t<div class=\"elementor-widget-container\">\n\t\t\t\t\t\t\t\t\t\t\t\t\t\t\t<img loading=\"lazy\" decoding=\"async\" width=\"588\" height=\"1126\" src=\"https:\/\/www.gsfleet.io\/wp-content\/uploads\/Skarmavbild-2024-01-31-kl.-15.55.57.png\" class=\"attachment-medium_large size-medium_large wp-image-7009\" alt=\"\" srcset=\"https:\/\/www.gsfleet.io\/wp-content\/uploads\/Skarmavbild-2024-01-31-kl.-15.55.57.png 588w, https:\/\/www.gsfleet.io\/wp-content\/uploads\/Skarmavbild-2024-01-31-kl.-15.55.57-157x300.png 157w, https:\/\/www.gsfleet.io\/wp-content\/uploads\/Skarmavbild-2024-01-31-kl.-15.55.57-535x1024.png 535w\" sizes=\"auto, (max-width: 588px) 100vw, 588px\" \/>\t\t\t\t\t\t\t\t\t\t\t\t\t\t\t<\/div>\n\t\t\t\t<\/div>\n\t\t\t\t<\/div>\n\t\t<div class=\"elementor-element elementor-element-9eae79e e-con-full e-flex e-con e-child\" data-id=\"9eae79e\" data-element_type=\"container\" data-e-type=\"container\">\n\t\t\t\t<div class=\"elementor-element elementor-element-2db01b5 elementor-widget elementor-widget-heading\" data-id=\"2db01b5\" data-element_type=\"widget\" data-e-type=\"widget\" data-widget_type=\"heading.default\">\n\t\t\t\t<div class=\"elementor-widget-container\">\n\t\t\t\t\t<h2 class=\"elementor-heading-title elementor-size-default\">Vil du f\u00f8lge med p\u00e5 utviklingen v\u00e5r og motta informasjon om de nyeste produktene v\u00e5re?<\/h2>\t\t\t\t<\/div>\n\t\t\t\t<\/div>\n\t\t\t\t<div class=\"elementor-element elementor-element-323c910 elementor-widget elementor-widget-text-editor\" data-id=\"323c910\" data-element_type=\"widget\" data-e-type=\"widget\" data-widget_type=\"text-editor.default\">\n\t\t\t\t<div class=\"elementor-widget-container\">\n\t\t\t\t\t\t\t\t\tAbonner p\u00e5 nyhetsbrevet v\u00e5rt. \nF\u00e5 nyheter og produktinformasjon.\t\t\t\t\t\t\t\t<\/div>\n\t\t\t\t<\/div>\n\t\t\t\t<div class=\"elementor-element elementor-element-f7f05dd elementor-button-align-start elementor-widget elementor-widget-form\" data-id=\"f7f05dd\" data-element_type=\"widget\" data-e-type=\"widget\" data-settings=\"{&quot;step_next_label&quot;:&quot;Neste&quot;,&quot;step_previous_label&quot;:&quot;Tidligere&quot;,&quot;button_width&quot;:&quot;100&quot;,&quot;step_type&quot;:&quot;number_text&quot;,&quot;step_icon_shape&quot;:&quot;circle&quot;}\" data-widget_type=\"form.default\">\n\t\t\t\t<div class=\"elementor-widget-container\">\n\t\t\t\t\t\t\t<form class=\"elementor-form\" method=\"post\" name=\"Nytt skjema\" aria-label=\"Nytt skjema\">\n\t\t\t<input type=\"hidden\" name=\"post_id\" value=\"8384\"\/>\n\t\t\t<input type=\"hidden\" name=\"form_id\" value=\"f7f05dd\"\/>\n\t\t\t<input type=\"hidden\" name=\"referer_title\" value=\"GSFleet\" \/>\n\n\t\t\t\n\t\t\t<div class=\"elementor-form-fields-wrapper elementor-labels-above\">\n\t\t\t\t\t\t\t\t<div class=\"elementor-field-type-text elementor-field-group elementor-column elementor-field-group-name elementor-col-100\">\n\t\t\t\t\t\t\t\t\t\t\t\t<label for=\"form-field-name\" class=\"elementor-field-label\">\n\t\t\t\t\t\t\t\tNavn\t\t\t\t\t\t\t<\/label>\n\t\t\t\t\t\t\t\t\t\t\t\t\t\t<input size=\"1\" type=\"text\" name=\"form_fields[name]\" id=\"form-field-name\" class=\"elementor-field elementor-size-sm  elementor-field-textual\" placeholder=\"Navn\">\n\t\t\t\t\t\t\t\t\t\t\t<\/div>\n\t\t\t\t\t\t\t\t<div class=\"elementor-field-type-email elementor-field-group elementor-column elementor-field-group-email elementor-col-100 elementor-field-required\">\n\t\t\t\t\t\t\t\t\t\t\t\t<label for=\"form-field-email\" class=\"elementor-field-label\">\n\t\t\t\t\t\t\t\tE-post\t\t\t\t\t\t\t<\/label>\n\t\t\t\t\t\t\t\t\t\t\t\t\t\t<input size=\"1\" type=\"email\" name=\"form_fields[email]\" id=\"form-field-email\" class=\"elementor-field elementor-size-sm  elementor-field-textual\" placeholder=\"E-post\" required=\"required\">\n\t\t\t\t\t\t\t\t\t\t\t<\/div>\n\t\t\t\t\t\t\t\t<div class=\"elementor-field-group elementor-column elementor-field-type-submit elementor-col-100 e-form__buttons\">\n\t\t\t\t\t<button class=\"elementor-button elementor-size-md\" type=\"submit\">\n\t\t\t\t\t\t<span class=\"elementor-button-content-wrapper\">\n\t\t\t\t\t\t\t\t\t\t\t\t\t\t\t\t\t\t\t\t\t\t<span class=\"elementor-button-text\">Registrer deg n\u00e5!<\/span>\n\t\t\t\t\t\t\t\t\t\t\t\t\t<\/span>\n\t\t\t\t\t<\/button>\n\t\t\t\t<\/div>\n\t\t\t<\/div>\n\t\t<\/form>\n\t\t\t\t\t\t<\/div>\n\t\t\t\t<\/div>\n\t\t\t\t<div class=\"elementor-element elementor-element-02bfd58 elementor-widget elementor-widget-text-editor\" data-id=\"02bfd58\" data-element_type=\"widget\" data-e-type=\"widget\" data-widget_type=\"text-editor.default\">\n\t\t\t\t<div class=\"elementor-widget-container\">\n\t\t\t\t\t\t\t\t\t<p>Vi delar aldrig din e-postadress med tredje part.<br>Du kan enkelt avregistrera dig n\u00e4r som helst. <\/p>\t\t\t\t\t\t\t\t<\/div>\n\t\t\t\t<\/div>\n\t\t\t\t<\/div>\n\t\t\t\t\t<\/div>\n\t\t\t\t<\/div>\n\t\t\t\t<\/div>\n\t\t","protected":false},"excerpt":{"rendered":"<p>Drive SafeSomebody Loves You Bestill et gratis klistremerke Med initiativet &laquo;Drive Safe Somebody Loves You&raquo; \u00f8nsker vi \u00e5 styrke fellesskapet p\u00e5 veiene og redusere antall ulykker ved \u00e5 oppfordre bilf\u00f8rere til \u00e5 vise hensyn og v\u00e6re forsiktige. Drive Safe, Somebody Loves You (DSSLY) Vi er drevet av \u00e5 spre omtanke og empati i trafikken, og [&hellip;]<\/p>\n","protected":false},"author":6,"featured_media":6874,"parent":0,"menu_order":0,"comment_status":"closed","ping_status":"closed","template":"","meta":{"_acf_changed":false,"footnotes":""},"class_list":["post-8384","page","type-page","status-publish","has-post-thumbnail","hentry"],"acf":[],"yoast_head":"<!-- This site is optimized with the Yoast SEO Premium plugin v27.4 (Yoast SEO v27.4) - https:\/\/yoast.com\/product\/yoast-seo-premium-wordpress\/ -->\n<title>Drive safe - GSFleet NO<\/title>\n<meta name=\"robots\" content=\"index, follow, max-snippet:-1, max-image-preview:large, max-video-preview:-1\" \/>\n<link rel=\"canonical\" href=\"https:\/\/www.gsfleet.io\/no\/drive-safe\/\" \/>\n<meta property=\"og:locale\" content=\"nb_NO\" \/>\n<meta property=\"og:type\" content=\"article\" \/>\n<meta property=\"og:title\" content=\"Drive Safe\" \/>\n<meta property=\"og:description\" content=\"Drive SafeSomebody Loves You Bestill et gratis klistremerke Med initiativet &laquo;Drive Safe Somebody Loves You&raquo; \u00f8nsker vi \u00e5 styrke fellesskapet p\u00e5 veiene og redusere antall ulykker ved \u00e5 oppfordre bilf\u00f8rere til \u00e5 vise hensyn og v\u00e6re forsiktige. Drive Safe, Somebody Loves You (DSSLY) Vi er drevet av \u00e5 spre omtanke og empati i trafikken, og [&hellip;]\" \/>\n<meta property=\"og:url\" content=\"https:\/\/www.gsfleet.io\/no\/drive-safe\/\" \/>\n<meta property=\"og:site_name\" content=\"GSFleet\" \/>\n<meta property=\"article:modified_time\" content=\"2026-01-07T11:34:51+00:00\" \/>\n<meta property=\"og:image\" content=\"https:\/\/www.gsfleet.io\/wp-content\/uploads\/AdobeStock_207111843.jpg\" \/>\n\t<meta property=\"og:image:width\" content=\"1920\" \/>\n\t<meta property=\"og:image:height\" content=\"1280\" \/>\n\t<meta property=\"og:image:type\" content=\"image\/jpeg\" \/>\n<meta name=\"twitter:card\" content=\"summary_large_image\" \/>\n<meta name=\"twitter:label1\" content=\"Ansl. lesetid\" \/>\n\t<meta name=\"twitter:data1\" content=\"2 minutter\" \/>\n<script type=\"application\/ld+json\" class=\"yoast-schema-graph\">{\"@context\":\"https:\\\/\\\/schema.org\",\"@graph\":[{\"@type\":\"WebPage\",\"@id\":\"https:\\\/\\\/www.gsfleet.io\\\/no\\\/drive-safe\\\/\",\"url\":\"https:\\\/\\\/www.gsfleet.io\\\/no\\\/drive-safe\\\/\",\"name\":\"Drive safe - GSFleet NO\",\"isPartOf\":{\"@id\":\"https:\\\/\\\/www.gsfleet.io\\\/no\\\/#website\"},\"primaryImageOfPage\":{\"@id\":\"https:\\\/\\\/www.gsfleet.io\\\/no\\\/drive-safe\\\/#primaryimage\"},\"image\":{\"@id\":\"https:\\\/\\\/www.gsfleet.io\\\/no\\\/drive-safe\\\/#primaryimage\"},\"thumbnailUrl\":\"https:\\\/\\\/www.gsfleet.io\\\/wp-content\\\/uploads\\\/AdobeStock_207111843.jpg\",\"datePublished\":\"2024-03-15T08:51:00+00:00\",\"dateModified\":\"2026-01-07T11:34:51+00:00\",\"breadcrumb\":{\"@id\":\"https:\\\/\\\/www.gsfleet.io\\\/no\\\/drive-safe\\\/#breadcrumb\"},\"inLanguage\":\"nb-NO\",\"potentialAction\":[{\"@type\":\"ReadAction\",\"target\":[\"https:\\\/\\\/www.gsfleet.io\\\/no\\\/drive-safe\\\/\"]}]},{\"@type\":\"ImageObject\",\"inLanguage\":\"nb-NO\",\"@id\":\"https:\\\/\\\/www.gsfleet.io\\\/no\\\/drive-safe\\\/#primaryimage\",\"url\":\"https:\\\/\\\/www.gsfleet.io\\\/wp-content\\\/uploads\\\/AdobeStock_207111843.jpg\",\"contentUrl\":\"https:\\\/\\\/www.gsfleet.io\\\/wp-content\\\/uploads\\\/AdobeStock_207111843.jpg\",\"width\":1920,\"height\":1280},{\"@type\":\"BreadcrumbList\",\"@id\":\"https:\\\/\\\/www.gsfleet.io\\\/no\\\/drive-safe\\\/#breadcrumb\",\"itemListElement\":[{\"@type\":\"ListItem\",\"position\":1,\"name\":\"Home\",\"item\":\"https:\\\/\\\/www.gsfleet.io\\\/no\\\/\"},{\"@type\":\"ListItem\",\"position\":2,\"name\":\"Drive Safe\"}]},{\"@type\":\"WebSite\",\"@id\":\"https:\\\/\\\/www.gsfleet.io\\\/no\\\/#website\",\"url\":\"https:\\\/\\\/www.gsfleet.io\\\/no\\\/\",\"name\":\"GSFleet\",\"description\":\"\",\"publisher\":{\"@id\":\"https:\\\/\\\/www.gsfleet.io\\\/no\\\/#organization\"},\"potentialAction\":[{\"@type\":\"SearchAction\",\"target\":{\"@type\":\"EntryPoint\",\"urlTemplate\":\"https:\\\/\\\/www.gsfleet.io\\\/no\\\/?s={search_term_string}\"},\"query-input\":{\"@type\":\"PropertyValueSpecification\",\"valueRequired\":true,\"valueName\":\"search_term_string\"}}],\"inLanguage\":\"nb-NO\"},{\"@type\":\"Organization\",\"@id\":\"https:\\\/\\\/www.gsfleet.io\\\/no\\\/#organization\",\"name\":\"GSFleet\",\"url\":\"https:\\\/\\\/www.gsfleet.io\\\/no\\\/\",\"logo\":{\"@type\":\"ImageObject\",\"inLanguage\":\"nb-NO\",\"@id\":\"https:\\\/\\\/www.gsfleet.io\\\/no\\\/#\\\/schema\\\/logo\\\/image\\\/\",\"url\":\"https:\\\/\\\/www.gsfleet.io\\\/wp-content\\\/uploads\\\/GSFleet-Logo-1.svg\",\"contentUrl\":\"https:\\\/\\\/www.gsfleet.io\\\/wp-content\\\/uploads\\\/GSFleet-Logo-1.svg\",\"width\":130,\"height\":25,\"caption\":\"GSFleet\"},\"image\":{\"@id\":\"https:\\\/\\\/www.gsfleet.io\\\/no\\\/#\\\/schema\\\/logo\\\/image\\\/\"}}]}<\/script>\n<!-- \/ Yoast SEO Premium plugin. -->","yoast_head_json":{"title":"Drive safe - GSFleet NO","robots":{"index":"index","follow":"follow","max-snippet":"max-snippet:-1","max-image-preview":"max-image-preview:large","max-video-preview":"max-video-preview:-1"},"canonical":"https:\/\/www.gsfleet.io\/no\/drive-safe\/","og_locale":"nb_NO","og_type":"article","og_title":"Drive Safe","og_description":"Drive SafeSomebody Loves You Bestill et gratis klistremerke Med initiativet &laquo;Drive Safe Somebody Loves You&raquo; \u00f8nsker vi \u00e5 styrke fellesskapet p\u00e5 veiene og redusere antall ulykker ved \u00e5 oppfordre bilf\u00f8rere til \u00e5 vise hensyn og v\u00e6re forsiktige. Drive Safe, Somebody Loves You (DSSLY) Vi er drevet av \u00e5 spre omtanke og empati i trafikken, og [&hellip;]","og_url":"https:\/\/www.gsfleet.io\/no\/drive-safe\/","og_site_name":"GSFleet","article_modified_time":"2026-01-07T11:34:51+00:00","og_image":[{"width":1920,"height":1280,"url":"https:\/\/www.gsfleet.io\/wp-content\/uploads\/AdobeStock_207111843.jpg","type":"image\/jpeg"}],"twitter_card":"summary_large_image","twitter_misc":{"Ansl. lesetid":"2 minutter"},"schema":{"@context":"https:\/\/schema.org","@graph":[{"@type":"WebPage","@id":"https:\/\/www.gsfleet.io\/no\/drive-safe\/","url":"https:\/\/www.gsfleet.io\/no\/drive-safe\/","name":"Drive safe - GSFleet NO","isPartOf":{"@id":"https:\/\/www.gsfleet.io\/no\/#website"},"primaryImageOfPage":{"@id":"https:\/\/www.gsfleet.io\/no\/drive-safe\/#primaryimage"},"image":{"@id":"https:\/\/www.gsfleet.io\/no\/drive-safe\/#primaryimage"},"thumbnailUrl":"https:\/\/www.gsfleet.io\/wp-content\/uploads\/AdobeStock_207111843.jpg","datePublished":"2024-03-15T08:51:00+00:00","dateModified":"2026-01-07T11:34:51+00:00","breadcrumb":{"@id":"https:\/\/www.gsfleet.io\/no\/drive-safe\/#breadcrumb"},"inLanguage":"nb-NO","potentialAction":[{"@type":"ReadAction","target":["https:\/\/www.gsfleet.io\/no\/drive-safe\/"]}]},{"@type":"ImageObject","inLanguage":"nb-NO","@id":"https:\/\/www.gsfleet.io\/no\/drive-safe\/#primaryimage","url":"https:\/\/www.gsfleet.io\/wp-content\/uploads\/AdobeStock_207111843.jpg","contentUrl":"https:\/\/www.gsfleet.io\/wp-content\/uploads\/AdobeStock_207111843.jpg","width":1920,"height":1280},{"@type":"BreadcrumbList","@id":"https:\/\/www.gsfleet.io\/no\/drive-safe\/#breadcrumb","itemListElement":[{"@type":"ListItem","position":1,"name":"Home","item":"https:\/\/www.gsfleet.io\/no\/"},{"@type":"ListItem","position":2,"name":"Drive Safe"}]},{"@type":"WebSite","@id":"https:\/\/www.gsfleet.io\/no\/#website","url":"https:\/\/www.gsfleet.io\/no\/","name":"GSFleet","description":"","publisher":{"@id":"https:\/\/www.gsfleet.io\/no\/#organization"},"potentialAction":[{"@type":"SearchAction","target":{"@type":"EntryPoint","urlTemplate":"https:\/\/www.gsfleet.io\/no\/?s={search_term_string}"},"query-input":{"@type":"PropertyValueSpecification","valueRequired":true,"valueName":"search_term_string"}}],"inLanguage":"nb-NO"},{"@type":"Organization","@id":"https:\/\/www.gsfleet.io\/no\/#organization","name":"GSFleet","url":"https:\/\/www.gsfleet.io\/no\/","logo":{"@type":"ImageObject","inLanguage":"nb-NO","@id":"https:\/\/www.gsfleet.io\/no\/#\/schema\/logo\/image\/","url":"https:\/\/www.gsfleet.io\/wp-content\/uploads\/GSFleet-Logo-1.svg","contentUrl":"https:\/\/www.gsfleet.io\/wp-content\/uploads\/GSFleet-Logo-1.svg","width":130,"height":25,"caption":"GSFleet"},"image":{"@id":"https:\/\/www.gsfleet.io\/no\/#\/schema\/logo\/image\/"}}]}},"_links":{"self":[{"href":"https:\/\/www.gsfleet.io\/no\/wp-json\/wp\/v2\/pages\/8384","targetHints":{"allow":["GET"]}}],"collection":[{"href":"https:\/\/www.gsfleet.io\/no\/wp-json\/wp\/v2\/pages"}],"about":[{"href":"https:\/\/www.gsfleet.io\/no\/wp-json\/wp\/v2\/types\/page"}],"author":[{"embeddable":true,"href":"https:\/\/www.gsfleet.io\/no\/wp-json\/wp\/v2\/users\/6"}],"replies":[{"embeddable":true,"href":"https:\/\/www.gsfleet.io\/no\/wp-json\/wp\/v2\/comments?post=8384"}],"version-history":[{"count":20,"href":"https:\/\/www.gsfleet.io\/no\/wp-json\/wp\/v2\/pages\/8384\/revisions"}],"predecessor-version":[{"id":21191,"href":"https:\/\/www.gsfleet.io\/no\/wp-json\/wp\/v2\/pages\/8384\/revisions\/21191"}],"wp:featuredmedia":[{"embeddable":true,"href":"https:\/\/www.gsfleet.io\/no\/wp-json\/wp\/v2\/media\/6874"}],"wp:attachment":[{"href":"https:\/\/www.gsfleet.io\/no\/wp-json\/wp\/v2\/media?parent=8384"}],"curies":[{"name":"wp","href":"https:\/\/api.w.org\/{rel}","templated":true}]}}