{"id":6880,"date":"2023-09-29T12:04:43","date_gmt":"2023-09-29T10:04:43","guid":{"rendered":"https:\/\/gsgroup.danspot.dk\/vaara-solutions\/"},"modified":"2026-03-13T10:54:31","modified_gmt":"2026-03-13T09:54:31","slug":"vaare-loesninger","status":"publish","type":"page","link":"https:\/\/www.gsfleet.io\/no\/vaare-loesninger\/","title":{"rendered":"V\u00e5re l\u00f8sninger"},"content":{"rendered":"\t\t<div data-elementor-type=\"wp-page\" data-elementor-id=\"6880\" class=\"elementor elementor-6880 elementor-305\" data-elementor-post-type=\"page\">\n\t\t\t\t<div class=\"elementor-element elementor-element-7b2db48 e-flex e-con-boxed e-con e-parent\" data-id=\"7b2db48\" data-element_type=\"container\" data-e-type=\"container\">\n\t\t\t\t\t<div class=\"e-con-inner\">\n\t\t\t\t<div class=\"elementor-element elementor-element-f5f1eee elementor-widget elementor-widget-heading\" data-id=\"f5f1eee\" data-element_type=\"widget\" data-e-type=\"widget\" data-widget_type=\"heading.default\">\n\t\t\t\t<div class=\"elementor-widget-container\">\n\t\t\t\t\t<h2 class=\"elementor-heading-title elementor-size-default\">V\u00e5re l\u00f8sninger<\/h2>\t\t\t\t<\/div>\n\t\t\t\t<\/div>\n\t\t\t\t\t<\/div>\n\t\t\t\t<\/div>\n\t\t<div class=\"elementor-element elementor-element-159c985 e-flex e-con-boxed e-con e-parent\" data-id=\"159c985\" data-element_type=\"container\" data-e-type=\"container\">\n\t\t\t\t\t<div class=\"e-con-inner\">\n\t\t<a class=\"elementor-element elementor-element-4d84870 e-con-full e-flex e-con e-child\" data-id=\"4d84870\" data-element_type=\"container\" data-e-type=\"container\" data-settings=\"{&quot;background_background&quot;:&quot;classic&quot;}\" href=\"https:\/\/www.gsfleet.io\/no\/vaare-loesninger\/flatestyring\/\">\n\t\t\t\t<div class=\"elementor-element elementor-element-ec6dc8c elementor-widget elementor-widget-heading\" data-id=\"ec6dc8c\" data-element_type=\"widget\" data-e-type=\"widget\" data-widget_type=\"heading.default\">\n\t\t\t\t<div class=\"elementor-widget-container\">\n\t\t\t\t\t<p class=\"elementor-heading-title elementor-size-default\">Fl\u00e5testyring<\/p>\t\t\t\t<\/div>\n\t\t\t\t<\/div>\n\t\t\t\t<\/a>\n\t\t<a class=\"elementor-element elementor-element-127d5d9 e-con-full e-flex e-con e-child\" data-id=\"127d5d9\" data-element_type=\"container\" data-e-type=\"container\" data-settings=\"{&quot;background_background&quot;:&quot;classic&quot;}\" href=\"https:\/\/www.gsfleet.io\/no\/vaare-loesninger\/kjore-og-hviletid\/\">\n\t\t\t\t<div class=\"elementor-element elementor-element-0c6970a elementor-widget elementor-widget-heading\" data-id=\"0c6970a\" data-element_type=\"widget\" data-e-type=\"widget\" data-widget_type=\"heading.default\">\n\t\t\t\t<div class=\"elementor-widget-container\">\n\t\t\t\t\t<p class=\"elementor-heading-title elementor-size-default\">Kj\u00f8re-og hviletid<\/p>\t\t\t\t<\/div>\n\t\t\t\t<\/div>\n\t\t\t\t<\/a>\n\t\t<a class=\"elementor-element elementor-element-a9f6708 e-con-full e-flex e-con e-child\" data-id=\"a9f6708\" data-element_type=\"container\" data-e-type=\"container\" data-settings=\"{&quot;background_background&quot;:&quot;classic&quot;}\" href=\"https:\/\/www.gsfleet.io\/no\/vaare-loesninger\/kjorebok\/\">\n\t\t\t\t<div class=\"elementor-element elementor-element-767293b elementor-widget elementor-widget-heading\" data-id=\"767293b\" data-element_type=\"widget\" data-e-type=\"widget\" data-widget_type=\"heading.default\">\n\t\t\t\t<div class=\"elementor-widget-container\">\n\t\t\t\t\t<p class=\"elementor-heading-title elementor-size-default\">Kj\u00f8rebok<\/p>\t\t\t\t<\/div>\n\t\t\t\t<\/div>\n\t\t\t\t<\/a>\n\t\t<a class=\"elementor-element elementor-element-7f4aae8 e-con-full e-flex e-con e-child\" data-id=\"7f4aae8\" data-element_type=\"container\" data-e-type=\"container\" data-settings=\"{&quot;background_background&quot;:&quot;classic&quot;}\" href=\"https:\/\/www.gsfleet.io\/no\/vaare-loesninger\/sporing-og-gjenfinning\/\">\n\t\t\t\t<div class=\"elementor-element elementor-element-62d9ce7 elementor-widget elementor-widget-heading\" data-id=\"62d9ce7\" data-element_type=\"widget\" data-e-type=\"widget\" data-widget_type=\"heading.default\">\n\t\t\t\t<div class=\"elementor-widget-container\">\n\t\t\t\t\t<p class=\"elementor-heading-title elementor-size-default\">Sporing og gjenfinning<\/p>\t\t\t\t<\/div>\n\t\t\t\t<\/div>\n\t\t\t\t<\/a>\n\t\t<a class=\"elementor-element elementor-element-7ff428a e-con-full e-flex e-con e-child\" data-id=\"7ff428a\" data-element_type=\"container\" data-e-type=\"container\" data-settings=\"{&quot;background_background&quot;:&quot;classic&quot;}\" href=\"https:\/\/www.gsfleet.io\/no\/vaare-loesninger\/temperaturkontroll\/\">\n\t\t\t\t<div class=\"elementor-element elementor-element-4c8f628 elementor-widget elementor-widget-heading\" data-id=\"4c8f628\" data-element_type=\"widget\" data-e-type=\"widget\" data-widget_type=\"heading.default\">\n\t\t\t\t<div class=\"elementor-widget-container\">\n\t\t\t\t\t<p class=\"elementor-heading-title elementor-size-default\">Temperaturkontroll<\/p>\t\t\t\t<\/div>\n\t\t\t\t<\/div>\n\t\t\t\t<\/a>\n\t\t<a class=\"elementor-element elementor-element-a53d43d e-con-full e-flex e-con e-child\" data-id=\"a53d43d\" data-element_type=\"container\" data-e-type=\"container\" data-settings=\"{&quot;background_background&quot;:&quot;classic&quot;}\" href=\"https:\/\/www.gsfleet.io\/no\/vaare-loesninger\/utstyrskontroll\/\">\n\t\t\t\t<div class=\"elementor-element elementor-element-963b706 elementor-widget elementor-widget-heading\" data-id=\"963b706\" data-element_type=\"widget\" data-e-type=\"widget\" data-widget_type=\"heading.default\">\n\t\t\t\t<div class=\"elementor-widget-container\">\n\t\t\t\t\t<p class=\"elementor-heading-title elementor-size-default\">Utstyrskontroll<\/p>\t\t\t\t<\/div>\n\t\t\t\t<\/div>\n\t\t\t\t<\/a>\n\t\t\t\t\t<\/div>\n\t\t\t\t<\/div>\n\t\t\t\t<\/div>\n\t\t","protected":false},"excerpt":{"rendered":"<p>V\u00e5re l\u00f8sninger Fl\u00e5testyring Kj\u00f8re-og hviletid Kj\u00f8rebok Sporing og gjenfinning Temperaturkontroll Utstyrskontroll<\/p>\n","protected":false},"author":2,"featured_media":6883,"parent":0,"menu_order":0,"comment_status":"closed","ping_status":"closed","template":"","meta":{"_acf_changed":false,"footnotes":""},"class_list":["post-6880","page","type-page","status-publish","has-post-thumbnail","hentry"],"acf":[],"yoast_head":"<!-- This site is optimized with the Yoast SEO Premium plugin v27.4 (Yoast SEO v27.5) - https:\/\/yoast.com\/product\/yoast-seo-premium-wordpress\/ -->\n<title>V\u00e5re l\u00f8sninger - GSFleet<\/title>\n<meta name=\"robots\" content=\"index, follow, max-snippet:-1, max-image-preview:large, max-video-preview:-1\" \/>\n<link rel=\"canonical\" href=\"https:\/\/www.gsfleet.io\/no\/vaare-loesninger\/\" \/>\n<meta property=\"og:locale\" content=\"nb_NO\" \/>\n<meta property=\"og:type\" content=\"article\" \/>\n<meta property=\"og:title\" content=\"V\u00e5re l\u00f8sninger\" \/>\n<meta property=\"og:description\" content=\"V\u00e5re l\u00f8sninger Fl\u00e5testyring Kj\u00f8re-og hviletid Kj\u00f8rebok Sporing og gjenfinning Temperaturkontroll Utstyrskontroll\" \/>\n<meta property=\"og:url\" content=\"https:\/\/www.gsfleet.io\/no\/vaare-loesninger\/\" \/>\n<meta property=\"og:site_name\" content=\"GSFleet\" \/>\n<meta property=\"article:modified_time\" content=\"2026-03-13T09:54:31+00:00\" \/>\n<meta property=\"og:image\" content=\"https:\/\/www.gsfleet.io\/wp-content\/uploads\/AdobeStock_314960143-1.jpg\" \/>\n\t<meta property=\"og:image:width\" content=\"1920\" \/>\n\t<meta property=\"og:image:height\" content=\"1080\" \/>\n\t<meta property=\"og:image:type\" content=\"image\/jpeg\" \/>\n<meta name=\"twitter:card\" content=\"summary_large_image\" \/>\n<meta name=\"twitter:label1\" content=\"Ansl. lesetid\" \/>\n\t<meta name=\"twitter:data1\" content=\"1 minutt\" \/>\n<script type=\"application\/ld+json\" class=\"yoast-schema-graph\">{\"@context\":\"https:\\\/\\\/schema.org\",\"@graph\":[{\"@type\":\"WebPage\",\"@id\":\"https:\\\/\\\/www.gsfleet.io\\\/no\\\/vaare-loesninger\\\/\",\"url\":\"https:\\\/\\\/www.gsfleet.io\\\/no\\\/vaare-loesninger\\\/\",\"name\":\"V\u00e5re l\u00f8sninger - GSFleet\",\"isPartOf\":{\"@id\":\"https:\\\/\\\/www.gsfleet.io\\\/no\\\/#website\"},\"primaryImageOfPage\":{\"@id\":\"https:\\\/\\\/www.gsfleet.io\\\/no\\\/vaare-loesninger\\\/#primaryimage\"},\"image\":{\"@id\":\"https:\\\/\\\/www.gsfleet.io\\\/no\\\/vaare-loesninger\\\/#primaryimage\"},\"thumbnailUrl\":\"https:\\\/\\\/www.gsfleet.io\\\/wp-content\\\/uploads\\\/AdobeStock_314960143-1.jpg\",\"datePublished\":\"2023-09-29T10:04:43+00:00\",\"dateModified\":\"2026-03-13T09:54:31+00:00\",\"breadcrumb\":{\"@id\":\"https:\\\/\\\/www.gsfleet.io\\\/no\\\/vaare-loesninger\\\/#breadcrumb\"},\"inLanguage\":\"nb-NO\",\"potentialAction\":[{\"@type\":\"ReadAction\",\"target\":[\"https:\\\/\\\/www.gsfleet.io\\\/no\\\/vaare-loesninger\\\/\"]}]},{\"@type\":\"ImageObject\",\"inLanguage\":\"nb-NO\",\"@id\":\"https:\\\/\\\/www.gsfleet.io\\\/no\\\/vaare-loesninger\\\/#primaryimage\",\"url\":\"https:\\\/\\\/www.gsfleet.io\\\/wp-content\\\/uploads\\\/AdobeStock_314960143-1.jpg\",\"contentUrl\":\"https:\\\/\\\/www.gsfleet.io\\\/wp-content\\\/uploads\\\/AdobeStock_314960143-1.jpg\",\"width\":1920,\"height\":1080},{\"@type\":\"BreadcrumbList\",\"@id\":\"https:\\\/\\\/www.gsfleet.io\\\/no\\\/vaare-loesninger\\\/#breadcrumb\",\"itemListElement\":[{\"@type\":\"ListItem\",\"position\":1,\"name\":\"Home\",\"item\":\"https:\\\/\\\/www.gsfleet.io\\\/no\\\/\"},{\"@type\":\"ListItem\",\"position\":2,\"name\":\"V\u00e5re l\u00f8sninger\"}]},{\"@type\":\"WebSite\",\"@id\":\"https:\\\/\\\/www.gsfleet.io\\\/no\\\/#website\",\"url\":\"https:\\\/\\\/www.gsfleet.io\\\/no\\\/\",\"name\":\"GSFleet\",\"description\":\"\",\"publisher\":{\"@id\":\"https:\\\/\\\/www.gsfleet.io\\\/no\\\/#organization\"},\"potentialAction\":[{\"@type\":\"SearchAction\",\"target\":{\"@type\":\"EntryPoint\",\"urlTemplate\":\"https:\\\/\\\/www.gsfleet.io\\\/no\\\/?s={search_term_string}\"},\"query-input\":{\"@type\":\"PropertyValueSpecification\",\"valueRequired\":true,\"valueName\":\"search_term_string\"}}],\"inLanguage\":\"nb-NO\"},{\"@type\":\"Organization\",\"@id\":\"https:\\\/\\\/www.gsfleet.io\\\/no\\\/#organization\",\"name\":\"GSFleet\",\"url\":\"https:\\\/\\\/www.gsfleet.io\\\/no\\\/\",\"logo\":{\"@type\":\"ImageObject\",\"inLanguage\":\"nb-NO\",\"@id\":\"https:\\\/\\\/www.gsfleet.io\\\/no\\\/#\\\/schema\\\/logo\\\/image\\\/\",\"url\":\"https:\\\/\\\/www.gsfleet.io\\\/wp-content\\\/uploads\\\/GSFleet-Logo-1.svg\",\"contentUrl\":\"https:\\\/\\\/www.gsfleet.io\\\/wp-content\\\/uploads\\\/GSFleet-Logo-1.svg\",\"width\":130,\"height\":25,\"caption\":\"GSFleet\"},\"image\":{\"@id\":\"https:\\\/\\\/www.gsfleet.io\\\/no\\\/#\\\/schema\\\/logo\\\/image\\\/\"}}]}<\/script>\n<!-- \/ Yoast SEO Premium plugin. -->","yoast_head_json":{"title":"V\u00e5re l\u00f8sninger - GSFleet","robots":{"index":"index","follow":"follow","max-snippet":"max-snippet:-1","max-image-preview":"max-image-preview:large","max-video-preview":"max-video-preview:-1"},"canonical":"https:\/\/www.gsfleet.io\/no\/vaare-loesninger\/","og_locale":"nb_NO","og_type":"article","og_title":"V\u00e5re l\u00f8sninger","og_description":"V\u00e5re l\u00f8sninger Fl\u00e5testyring Kj\u00f8re-og hviletid Kj\u00f8rebok Sporing og gjenfinning Temperaturkontroll Utstyrskontroll","og_url":"https:\/\/www.gsfleet.io\/no\/vaare-loesninger\/","og_site_name":"GSFleet","article_modified_time":"2026-03-13T09:54:31+00:00","og_image":[{"width":1920,"height":1080,"url":"https:\/\/www.gsfleet.io\/wp-content\/uploads\/AdobeStock_314960143-1.jpg","type":"image\/jpeg"}],"twitter_card":"summary_large_image","twitter_misc":{"Ansl. lesetid":"1 minutt"},"schema":{"@context":"https:\/\/schema.org","@graph":[{"@type":"WebPage","@id":"https:\/\/www.gsfleet.io\/no\/vaare-loesninger\/","url":"https:\/\/www.gsfleet.io\/no\/vaare-loesninger\/","name":"V\u00e5re l\u00f8sninger - GSFleet","isPartOf":{"@id":"https:\/\/www.gsfleet.io\/no\/#website"},"primaryImageOfPage":{"@id":"https:\/\/www.gsfleet.io\/no\/vaare-loesninger\/#primaryimage"},"image":{"@id":"https:\/\/www.gsfleet.io\/no\/vaare-loesninger\/#primaryimage"},"thumbnailUrl":"https:\/\/www.gsfleet.io\/wp-content\/uploads\/AdobeStock_314960143-1.jpg","datePublished":"2023-09-29T10:04:43+00:00","dateModified":"2026-03-13T09:54:31+00:00","breadcrumb":{"@id":"https:\/\/www.gsfleet.io\/no\/vaare-loesninger\/#breadcrumb"},"inLanguage":"nb-NO","potentialAction":[{"@type":"ReadAction","target":["https:\/\/www.gsfleet.io\/no\/vaare-loesninger\/"]}]},{"@type":"ImageObject","inLanguage":"nb-NO","@id":"https:\/\/www.gsfleet.io\/no\/vaare-loesninger\/#primaryimage","url":"https:\/\/www.gsfleet.io\/wp-content\/uploads\/AdobeStock_314960143-1.jpg","contentUrl":"https:\/\/www.gsfleet.io\/wp-content\/uploads\/AdobeStock_314960143-1.jpg","width":1920,"height":1080},{"@type":"BreadcrumbList","@id":"https:\/\/www.gsfleet.io\/no\/vaare-loesninger\/#breadcrumb","itemListElement":[{"@type":"ListItem","position":1,"name":"Home","item":"https:\/\/www.gsfleet.io\/no\/"},{"@type":"ListItem","position":2,"name":"V\u00e5re l\u00f8sninger"}]},{"@type":"WebSite","@id":"https:\/\/www.gsfleet.io\/no\/#website","url":"https:\/\/www.gsfleet.io\/no\/","name":"GSFleet","description":"","publisher":{"@id":"https:\/\/www.gsfleet.io\/no\/#organization"},"potentialAction":[{"@type":"SearchAction","target":{"@type":"EntryPoint","urlTemplate":"https:\/\/www.gsfleet.io\/no\/?s={search_term_string}"},"query-input":{"@type":"PropertyValueSpecification","valueRequired":true,"valueName":"search_term_string"}}],"inLanguage":"nb-NO"},{"@type":"Organization","@id":"https:\/\/www.gsfleet.io\/no\/#organization","name":"GSFleet","url":"https:\/\/www.gsfleet.io\/no\/","logo":{"@type":"ImageObject","inLanguage":"nb-NO","@id":"https:\/\/www.gsfleet.io\/no\/#\/schema\/logo\/image\/","url":"https:\/\/www.gsfleet.io\/wp-content\/uploads\/GSFleet-Logo-1.svg","contentUrl":"https:\/\/www.gsfleet.io\/wp-content\/uploads\/GSFleet-Logo-1.svg","width":130,"height":25,"caption":"GSFleet"},"image":{"@id":"https:\/\/www.gsfleet.io\/no\/#\/schema\/logo\/image\/"}}]}},"_links":{"self":[{"href":"https:\/\/www.gsfleet.io\/no\/wp-json\/wp\/v2\/pages\/6880","targetHints":{"allow":["GET"]}}],"collection":[{"href":"https:\/\/www.gsfleet.io\/no\/wp-json\/wp\/v2\/pages"}],"about":[{"href":"https:\/\/www.gsfleet.io\/no\/wp-json\/wp\/v2\/types\/page"}],"author":[{"embeddable":true,"href":"https:\/\/www.gsfleet.io\/no\/wp-json\/wp\/v2\/users\/2"}],"replies":[{"embeddable":true,"href":"https:\/\/www.gsfleet.io\/no\/wp-json\/wp\/v2\/comments?post=6880"}],"version-history":[{"count":27,"href":"https:\/\/www.gsfleet.io\/no\/wp-json\/wp\/v2\/pages\/6880\/revisions"}],"predecessor-version":[{"id":21713,"href":"https:\/\/www.gsfleet.io\/no\/wp-json\/wp\/v2\/pages\/6880\/revisions\/21713"}],"wp:featuredmedia":[{"embeddable":true,"href":"https:\/\/www.gsfleet.io\/no\/wp-json\/wp\/v2\/media\/6883"}],"wp:attachment":[{"href":"https:\/\/www.gsfleet.io\/no\/wp-json\/wp\/v2\/media?parent=6880"}],"curies":[{"name":"wp","href":"https:\/\/api.w.org\/{rel}","templated":true}]}}