{"id":6847,"date":"2023-10-02T10:30:14","date_gmt":"2023-10-02T08:30:14","guid":{"rendered":"https:\/\/gsgroup.danspot.dk\/bli-partner\/"},"modified":"2026-04-21T14:14:29","modified_gmt":"2026-04-21T12:14:29","slug":"bli-en-partner","status":"publish","type":"page","link":"https:\/\/www.gsfleet.io\/no\/partnere\/bli-en-partner\/","title":{"rendered":"Bli partner"},"content":{"rendered":"\t\t<div data-elementor-type=\"wp-page\" data-elementor-id=\"6847\" class=\"elementor elementor-6847 elementor-415\" data-elementor-post-type=\"page\">\n\t\t\t\t<div class=\"elementor-element elementor-element-49e7aa6 e-con-full e-flex e-con e-parent\" data-id=\"49e7aa6\" data-element_type=\"container\" data-e-type=\"container\" data-settings=\"{&quot;background_background&quot;:&quot;classic&quot;}\">\n\t\t\t\t<div class=\"elementor-element elementor-element-86441e2 elementor-widget__width-initial elementor-widget elementor-widget-heading\" data-id=\"86441e2\" data-element_type=\"widget\" data-e-type=\"widget\" data-widget_type=\"heading.default\">\n\t\t\t\t<div class=\"elementor-widget-container\">\n\t\t\t\t\t<h1 class=\"elementor-heading-title elementor-size-default\">Bli partner<\/h1>\t\t\t\t<\/div>\n\t\t\t\t<\/div>\n\t\t\t\t<\/div>\n\t\t<div class=\"elementor-element elementor-element-6c62025 e-flex e-con-boxed e-con e-parent\" data-id=\"6c62025\" data-element_type=\"container\" data-e-type=\"container\">\n\t\t\t\t\t<div class=\"e-con-inner\">\n\t\t\t\t<div class=\"elementor-element elementor-element-ec195ca elementor-widget elementor-widget-text-editor\" data-id=\"ec195ca\" data-element_type=\"widget\" data-e-type=\"widget\" data-widget_type=\"text-editor.default\">\n\t\t\t\t<div class=\"elementor-widget-container\">\n\t\t\t\t\t\t\t\t\t<p><strong>Hva betyr det \u00e5 v\u00e6re partner med GSFleet?<\/strong><\/p><p>Vi tilbyr medlemmene og kundene dine en helhetlig l\u00f8sning der de enkelt kan se kj\u00f8ret\u00f8yene sine i sanntid, redusere drivstoff- og driftskostnader, dokumentere all kj\u00f8relengde, sikre serviceintervaller og spore kj\u00f8ret\u00f8y og gjenstander over hele verden i tilfelle tyveri. <\/p><p>Uavhengig av kj\u00f8ret\u00f8yets modell eller merke.<\/p><p><strong>Hva gj\u00f8r GSFleet til det beste valget for dine medlemmer og kunder?<\/strong><\/p><p>Vi har over 30 \u00e5rs erfaring med \u00e5 levere tjenester til v\u00e5re kunder og partnere, og vi er stolte av \u00e5 ha v\u00e6rt den foretrukne partneren til noen av de st\u00f8rste akt\u00f8rene i transportsektoren i mange \u00e5r.<\/p><p>Mer enn 30 \u00e5r i bransjen gj\u00f8r at vi vet hva kundene v\u00e5re \u00f8nsker og hva vi kan bidra med for \u00e5 skape langsiktige og l\u00f8nnsomme l\u00f8sninger for partnerne v\u00e5re.<\/p><p><strong>Er du interessert i \u00e5 h\u00f8re mer om hva vi kan gj\u00f8re for deg? Fyll ut skjemaet nedenfor, s\u00e5 kontakter vi deg! <\/strong><\/p>\t\t\t\t\t\t\t\t<\/div>\n\t\t\t\t<\/div>\n\t\t\t\t<div class=\"elementor-element elementor-element-8fc82bb elementor-widget elementor-widget-html\" data-id=\"8fc82bb\" data-element_type=\"widget\" data-e-type=\"widget\" data-widget_type=\"html.default\">\n\t\t\t\t<div class=\"elementor-widget-container\">\n\t\t\t\t\t<script src=\"https:\/\/js-eu1.hsforms.net\/forms\/embed\/145226144.js\" defer><\/script>\n<div class=\"hs-form-frame\" data-region=\"eu1\" data-form-id=\"1f463950-d868-40b9-851e-21966f3370f9\" data-portal-id=\"145226144\"><\/div>\t\t\t\t<\/div>\n\t\t\t\t<\/div>\n\t\t\t\t\t<\/div>\n\t\t\t\t<\/div>\n\t\t\t\t<\/div>\n\t\t","protected":false},"excerpt":{"rendered":"<p>Bli partner Hva betyr det \u00e5 v\u00e6re partner med GSFleet? Vi tilbyr medlemmene og kundene dine en helhetlig l\u00f8sning der de enkelt kan se kj\u00f8ret\u00f8yene sine i sanntid, redusere drivstoff- og driftskostnader, dokumentere all kj\u00f8relengde, sikre serviceintervaller og spore kj\u00f8ret\u00f8y og gjenstander over hele verden i tilfelle tyveri. Uavhengig av kj\u00f8ret\u00f8yets modell eller merke. Hva [&hellip;]<\/p>\n","protected":false},"author":2,"featured_media":6849,"parent":6897,"menu_order":0,"comment_status":"closed","ping_status":"closed","template":"","meta":{"_acf_changed":false,"footnotes":""},"class_list":["post-6847","page","type-page","status-publish","has-post-thumbnail","hentry"],"acf":[],"yoast_head":"<!-- This site is optimized with the Yoast SEO Premium plugin v27.4 (Yoast SEO v27.5) - https:\/\/yoast.com\/product\/yoast-seo-premium-wordpress\/ -->\n<title>Bli partner - GSFleet<\/title>\n<meta name=\"description\" content=\"Bli en GSFleet-partner. Tilby kundene dine komplette l\u00f8sninger for fl\u00e5testyring og reduser driftskostnadene. Klikk for \u00e5 l\u00e6re mer!\" \/>\n<meta name=\"robots\" content=\"index, follow, max-snippet:-1, max-image-preview:large, max-video-preview:-1\" \/>\n<link rel=\"canonical\" href=\"https:\/\/www.gsfleet.io\/no\/partnere\/bli-en-partner\/\" \/>\n<meta property=\"og:locale\" content=\"nb_NO\" \/>\n<meta property=\"og:type\" content=\"article\" \/>\n<meta property=\"og:title\" content=\"Bli partner\" \/>\n<meta property=\"og:description\" content=\"Bli en GSFleet-partner. Tilby kundene dine komplette l\u00f8sninger for fl\u00e5testyring og reduser driftskostnadene. Klikk for \u00e5 l\u00e6re mer!\" \/>\n<meta property=\"og:url\" content=\"https:\/\/www.gsfleet.io\/no\/partnere\/bli-en-partner\/\" \/>\n<meta property=\"og:site_name\" content=\"GSFleet\" \/>\n<meta property=\"article:modified_time\" content=\"2026-04-21T12:14:29+00:00\" \/>\n<meta property=\"og:image\" content=\"https:\/\/www.gsfleet.io\/wp-content\/uploads\/AdobeStock_386502382-1.jpg\" \/>\n\t<meta property=\"og:image:width\" content=\"1920\" \/>\n\t<meta property=\"og:image:height\" content=\"1279\" \/>\n\t<meta property=\"og:image:type\" content=\"image\/jpeg\" \/>\n<meta name=\"twitter:card\" content=\"summary_large_image\" \/>\n<meta name=\"twitter:label1\" content=\"Ansl. lesetid\" \/>\n\t<meta name=\"twitter:data1\" content=\"1 minutt\" \/>\n<script type=\"application\/ld+json\" class=\"yoast-schema-graph\">{\"@context\":\"https:\\\/\\\/schema.org\",\"@graph\":[{\"@type\":\"WebPage\",\"@id\":\"https:\\\/\\\/www.gsfleet.io\\\/no\\\/partnere\\\/bli-en-partner\\\/\",\"url\":\"https:\\\/\\\/www.gsfleet.io\\\/no\\\/partnere\\\/bli-en-partner\\\/\",\"name\":\"Bli partner - GSFleet\",\"isPartOf\":{\"@id\":\"https:\\\/\\\/www.gsfleet.io\\\/no\\\/#website\"},\"primaryImageOfPage\":{\"@id\":\"https:\\\/\\\/www.gsfleet.io\\\/no\\\/partnere\\\/bli-en-partner\\\/#primaryimage\"},\"image\":{\"@id\":\"https:\\\/\\\/www.gsfleet.io\\\/no\\\/partnere\\\/bli-en-partner\\\/#primaryimage\"},\"thumbnailUrl\":\"https:\\\/\\\/www.gsfleet.io\\\/wp-content\\\/uploads\\\/AdobeStock_386502382-1.jpg\",\"datePublished\":\"2023-10-02T08:30:14+00:00\",\"dateModified\":\"2026-04-21T12:14:29+00:00\",\"description\":\"Bli en GSFleet-partner. Tilby kundene dine komplette l\u00f8sninger for fl\u00e5testyring og reduser driftskostnadene. Klikk for \u00e5 l\u00e6re mer!\",\"breadcrumb\":{\"@id\":\"https:\\\/\\\/www.gsfleet.io\\\/no\\\/partnere\\\/bli-en-partner\\\/#breadcrumb\"},\"inLanguage\":\"nb-NO\",\"potentialAction\":[{\"@type\":\"ReadAction\",\"target\":[\"https:\\\/\\\/www.gsfleet.io\\\/no\\\/partnere\\\/bli-en-partner\\\/\"]}]},{\"@type\":\"ImageObject\",\"inLanguage\":\"nb-NO\",\"@id\":\"https:\\\/\\\/www.gsfleet.io\\\/no\\\/partnere\\\/bli-en-partner\\\/#primaryimage\",\"url\":\"https:\\\/\\\/www.gsfleet.io\\\/wp-content\\\/uploads\\\/AdobeStock_386502382-1.jpg\",\"contentUrl\":\"https:\\\/\\\/www.gsfleet.io\\\/wp-content\\\/uploads\\\/AdobeStock_386502382-1.jpg\",\"width\":1920,\"height\":1279},{\"@type\":\"BreadcrumbList\",\"@id\":\"https:\\\/\\\/www.gsfleet.io\\\/no\\\/partnere\\\/bli-en-partner\\\/#breadcrumb\",\"itemListElement\":[{\"@type\":\"ListItem\",\"position\":1,\"name\":\"Home\",\"item\":\"https:\\\/\\\/www.gsfleet.io\\\/no\\\/\"},{\"@type\":\"ListItem\",\"position\":2,\"name\":\"Partnere\",\"item\":\"https:\\\/\\\/www.gsfleet.io\\\/no\\\/partnere\\\/\"},{\"@type\":\"ListItem\",\"position\":3,\"name\":\"Bli partner\"}]},{\"@type\":\"WebSite\",\"@id\":\"https:\\\/\\\/www.gsfleet.io\\\/no\\\/#website\",\"url\":\"https:\\\/\\\/www.gsfleet.io\\\/no\\\/\",\"name\":\"GSFleet\",\"description\":\"\",\"publisher\":{\"@id\":\"https:\\\/\\\/www.gsfleet.io\\\/no\\\/#organization\"},\"potentialAction\":[{\"@type\":\"SearchAction\",\"target\":{\"@type\":\"EntryPoint\",\"urlTemplate\":\"https:\\\/\\\/www.gsfleet.io\\\/no\\\/?s={search_term_string}\"},\"query-input\":{\"@type\":\"PropertyValueSpecification\",\"valueRequired\":true,\"valueName\":\"search_term_string\"}}],\"inLanguage\":\"nb-NO\"},{\"@type\":\"Organization\",\"@id\":\"https:\\\/\\\/www.gsfleet.io\\\/no\\\/#organization\",\"name\":\"GSFleet\",\"url\":\"https:\\\/\\\/www.gsfleet.io\\\/no\\\/\",\"logo\":{\"@type\":\"ImageObject\",\"inLanguage\":\"nb-NO\",\"@id\":\"https:\\\/\\\/www.gsfleet.io\\\/no\\\/#\\\/schema\\\/logo\\\/image\\\/\",\"url\":\"https:\\\/\\\/www.gsfleet.io\\\/wp-content\\\/uploads\\\/GSFleet-Logo-1.svg\",\"contentUrl\":\"https:\\\/\\\/www.gsfleet.io\\\/wp-content\\\/uploads\\\/GSFleet-Logo-1.svg\",\"width\":130,\"height\":25,\"caption\":\"GSFleet\"},\"image\":{\"@id\":\"https:\\\/\\\/www.gsfleet.io\\\/no\\\/#\\\/schema\\\/logo\\\/image\\\/\"}}]}<\/script>\n<!-- \/ Yoast SEO Premium plugin. -->","yoast_head_json":{"title":"Bli partner - GSFleet","description":"Bli en GSFleet-partner. Tilby kundene dine komplette l\u00f8sninger for fl\u00e5testyring og reduser driftskostnadene. Klikk for \u00e5 l\u00e6re mer!","robots":{"index":"index","follow":"follow","max-snippet":"max-snippet:-1","max-image-preview":"max-image-preview:large","max-video-preview":"max-video-preview:-1"},"canonical":"https:\/\/www.gsfleet.io\/no\/partnere\/bli-en-partner\/","og_locale":"nb_NO","og_type":"article","og_title":"Bli partner","og_description":"Bli en GSFleet-partner. Tilby kundene dine komplette l\u00f8sninger for fl\u00e5testyring og reduser driftskostnadene. Klikk for \u00e5 l\u00e6re mer!","og_url":"https:\/\/www.gsfleet.io\/no\/partnere\/bli-en-partner\/","og_site_name":"GSFleet","article_modified_time":"2026-04-21T12:14:29+00:00","og_image":[{"width":1920,"height":1279,"url":"https:\/\/www.gsfleet.io\/wp-content\/uploads\/AdobeStock_386502382-1.jpg","type":"image\/jpeg"}],"twitter_card":"summary_large_image","twitter_misc":{"Ansl. lesetid":"1 minutt"},"schema":{"@context":"https:\/\/schema.org","@graph":[{"@type":"WebPage","@id":"https:\/\/www.gsfleet.io\/no\/partnere\/bli-en-partner\/","url":"https:\/\/www.gsfleet.io\/no\/partnere\/bli-en-partner\/","name":"Bli partner - GSFleet","isPartOf":{"@id":"https:\/\/www.gsfleet.io\/no\/#website"},"primaryImageOfPage":{"@id":"https:\/\/www.gsfleet.io\/no\/partnere\/bli-en-partner\/#primaryimage"},"image":{"@id":"https:\/\/www.gsfleet.io\/no\/partnere\/bli-en-partner\/#primaryimage"},"thumbnailUrl":"https:\/\/www.gsfleet.io\/wp-content\/uploads\/AdobeStock_386502382-1.jpg","datePublished":"2023-10-02T08:30:14+00:00","dateModified":"2026-04-21T12:14:29+00:00","description":"Bli en GSFleet-partner. Tilby kundene dine komplette l\u00f8sninger for fl\u00e5testyring og reduser driftskostnadene. Klikk for \u00e5 l\u00e6re mer!","breadcrumb":{"@id":"https:\/\/www.gsfleet.io\/no\/partnere\/bli-en-partner\/#breadcrumb"},"inLanguage":"nb-NO","potentialAction":[{"@type":"ReadAction","target":["https:\/\/www.gsfleet.io\/no\/partnere\/bli-en-partner\/"]}]},{"@type":"ImageObject","inLanguage":"nb-NO","@id":"https:\/\/www.gsfleet.io\/no\/partnere\/bli-en-partner\/#primaryimage","url":"https:\/\/www.gsfleet.io\/wp-content\/uploads\/AdobeStock_386502382-1.jpg","contentUrl":"https:\/\/www.gsfleet.io\/wp-content\/uploads\/AdobeStock_386502382-1.jpg","width":1920,"height":1279},{"@type":"BreadcrumbList","@id":"https:\/\/www.gsfleet.io\/no\/partnere\/bli-en-partner\/#breadcrumb","itemListElement":[{"@type":"ListItem","position":1,"name":"Home","item":"https:\/\/www.gsfleet.io\/no\/"},{"@type":"ListItem","position":2,"name":"Partnere","item":"https:\/\/www.gsfleet.io\/no\/partnere\/"},{"@type":"ListItem","position":3,"name":"Bli partner"}]},{"@type":"WebSite","@id":"https:\/\/www.gsfleet.io\/no\/#website","url":"https:\/\/www.gsfleet.io\/no\/","name":"GSFleet","description":"","publisher":{"@id":"https:\/\/www.gsfleet.io\/no\/#organization"},"potentialAction":[{"@type":"SearchAction","target":{"@type":"EntryPoint","urlTemplate":"https:\/\/www.gsfleet.io\/no\/?s={search_term_string}"},"query-input":{"@type":"PropertyValueSpecification","valueRequired":true,"valueName":"search_term_string"}}],"inLanguage":"nb-NO"},{"@type":"Organization","@id":"https:\/\/www.gsfleet.io\/no\/#organization","name":"GSFleet","url":"https:\/\/www.gsfleet.io\/no\/","logo":{"@type":"ImageObject","inLanguage":"nb-NO","@id":"https:\/\/www.gsfleet.io\/no\/#\/schema\/logo\/image\/","url":"https:\/\/www.gsfleet.io\/wp-content\/uploads\/GSFleet-Logo-1.svg","contentUrl":"https:\/\/www.gsfleet.io\/wp-content\/uploads\/GSFleet-Logo-1.svg","width":130,"height":25,"caption":"GSFleet"},"image":{"@id":"https:\/\/www.gsfleet.io\/no\/#\/schema\/logo\/image\/"}}]}},"_links":{"self":[{"href":"https:\/\/www.gsfleet.io\/no\/wp-json\/wp\/v2\/pages\/6847","targetHints":{"allow":["GET"]}}],"collection":[{"href":"https:\/\/www.gsfleet.io\/no\/wp-json\/wp\/v2\/pages"}],"about":[{"href":"https:\/\/www.gsfleet.io\/no\/wp-json\/wp\/v2\/types\/page"}],"author":[{"embeddable":true,"href":"https:\/\/www.gsfleet.io\/no\/wp-json\/wp\/v2\/users\/2"}],"replies":[{"embeddable":true,"href":"https:\/\/www.gsfleet.io\/no\/wp-json\/wp\/v2\/comments?post=6847"}],"version-history":[{"count":14,"href":"https:\/\/www.gsfleet.io\/no\/wp-json\/wp\/v2\/pages\/6847\/revisions"}],"predecessor-version":[{"id":22479,"href":"https:\/\/www.gsfleet.io\/no\/wp-json\/wp\/v2\/pages\/6847\/revisions\/22479"}],"up":[{"embeddable":true,"href":"https:\/\/www.gsfleet.io\/no\/wp-json\/wp\/v2\/pages\/6897"}],"wp:featuredmedia":[{"embeddable":true,"href":"https:\/\/www.gsfleet.io\/no\/wp-json\/wp\/v2\/media\/6849"}],"wp:attachment":[{"href":"https:\/\/www.gsfleet.io\/no\/wp-json\/wp\/v2\/media?parent=6847"}],"curies":[{"name":"wp","href":"https:\/\/api.w.org\/{rel}","templated":true}]}}