{"id":6788,"date":"2023-11-15T08:41:56","date_gmt":"2023-11-15T07:41:56","guid":{"rendered":"https:\/\/gsgroup.danspot.dk\/stoette\/refusjonsenheter\/"},"modified":"2024-07-02T14:43:32","modified_gmt":"2024-07-02T12:43:32","slug":"erstatningsenheter","status":"publish","type":"page","link":"https:\/\/www.gsfleet.io\/no\/support\/erstatningsenheter\/","title":{"rendered":"Erstatningsenheter"},"content":{"rendered":"\t\t<div data-elementor-type=\"wp-page\" data-elementor-id=\"6788\" class=\"elementor elementor-6788 elementor-1638\" data-elementor-post-type=\"page\">\n\t\t\t\t<div class=\"elementor-element elementor-element-ce336c8 e-flex e-con-boxed e-con e-parent\" data-id=\"ce336c8\" data-element_type=\"container\" data-e-type=\"container\">\n\t\t\t\t\t<div class=\"e-con-inner\">\n\t\t\t\t<div class=\"elementor-element elementor-element-1545a1b elementor-widget elementor-widget-heading\" data-id=\"1545a1b\" data-element_type=\"widget\" data-e-type=\"widget\" data-widget_type=\"heading.default\">\n\t\t\t\t<div class=\"elementor-widget-container\">\n\t\t\t\t\t<h1 class=\"elementor-heading-title elementor-size-default\">Erstatningsenheter<\/h1>\t\t\t\t<\/div>\n\t\t\t\t<\/div>\n\t\t\t\t\t<\/div>\n\t\t\t\t<\/div>\n\t\t<div class=\"elementor-element elementor-element-dcc337f e-flex e-con-boxed e-con e-parent\" data-id=\"dcc337f\" data-element_type=\"container\" data-e-type=\"container\" data-settings=\"{&quot;background_background&quot;:&quot;classic&quot;}\">\n\t\t\t\t\t<div class=\"e-con-inner\">\n\t\t<div class=\"elementor-element elementor-element-1ef04ef e-flex e-con-boxed e-con e-child\" data-id=\"1ef04ef\" data-element_type=\"container\" data-e-type=\"container\" data-settings=\"{&quot;background_background&quot;:&quot;classic&quot;}\">\n\t\t\t\t\t<div class=\"e-con-inner\">\n\t\t\t\t<div class=\"elementor-element elementor-element-df48f83 elementor-button-align-center elementor-widget elementor-widget-form\" data-id=\"df48f83\" data-element_type=\"widget\" data-e-type=\"widget\" data-settings=\"{&quot;step_next_label&quot;:&quot;Neste&quot;,&quot;step_previous_label&quot;:&quot;Tidligere&quot;,&quot;button_width&quot;:&quot;100&quot;,&quot;step_type&quot;:&quot;number_text&quot;,&quot;step_icon_shape&quot;:&quot;circle&quot;}\" data-widget_type=\"form.default\">\n\t\t\t\t<div class=\"elementor-widget-container\">\n\t\t\t\t\t\t\t<form class=\"elementor-form\" method=\"post\" name=\"Erstatningsenheter\" aria-label=\"Erstatningsenheter\">\n\t\t\t<input type=\"hidden\" name=\"post_id\" value=\"6788\"\/>\n\t\t\t<input type=\"hidden\" name=\"form_id\" value=\"df48f83\"\/>\n\t\t\t<input type=\"hidden\" name=\"referer_title\" value=\"Erstatningsenheter - GSFleet\" \/>\n\n\t\t\t\t\t\t\t<input type=\"hidden\" name=\"queried_id\" value=\"6788\"\/>\n\t\t\t\n\t\t\t<div class=\"elementor-form-fields-wrapper elementor-labels-above\">\n\t\t\t\t\t\t\t\t<div class=\"elementor-field-type-text elementor-field-group elementor-column elementor-field-group-navn elementor-col-100 elementor-field-required elementor-mark-required\">\n\t\t\t\t\t\t\t\t\t\t\t\t<label for=\"form-field-navn\" class=\"elementor-field-label\">\n\t\t\t\t\t\t\t\tNavn\/firma\t\t\t\t\t\t\t<\/label>\n\t\t\t\t\t\t\t\t\t\t\t\t\t\t<input size=\"1\" type=\"text\" name=\"form_fields[navn]\" id=\"form-field-navn\" class=\"elementor-field elementor-size-md  elementor-field-textual\" required=\"required\">\n\t\t\t\t\t\t\t\t\t\t\t<\/div>\n\t\t\t\t\t\t\t\t<div class=\"elementor-field-type-tel elementor-field-group elementor-column elementor-field-group-field_7222565 elementor-col-100 elementor-field-required elementor-mark-required\">\n\t\t\t\t\t\t\t\t\t\t\t\t<label for=\"form-field-field_7222565\" class=\"elementor-field-label\">\n\t\t\t\t\t\t\t\tTelefon\t\t\t\t\t\t\t<\/label>\n\t\t\t\t\t\t\t\t<input size=\"1\" type=\"tel\" name=\"form_fields[field_7222565]\" id=\"form-field-field_7222565\" class=\"elementor-field elementor-size-md  elementor-field-textual\" required=\"required\" pattern=\"[0-9()#&amp;+*-=.]+\" title=\"Only numbers and phone characters (#, -, *, etc) are accepted.\">\n\n\t\t\t\t\t\t<\/div>\n\t\t\t\t\t\t\t\t<div class=\"elementor-field-type-email elementor-field-group elementor-column elementor-field-group-email elementor-col-100 elementor-field-required elementor-mark-required\">\n\t\t\t\t\t\t\t\t\t\t\t\t<label for=\"form-field-email\" class=\"elementor-field-label\">\n\t\t\t\t\t\t\t\tE-post\t\t\t\t\t\t\t<\/label>\n\t\t\t\t\t\t\t\t\t\t\t\t\t\t<input size=\"1\" type=\"email\" name=\"form_fields[email]\" id=\"form-field-email\" class=\"elementor-field elementor-size-md  elementor-field-textual\" required=\"required\">\n\t\t\t\t\t\t\t\t\t\t\t<\/div>\n\t\t\t\t\t\t\t\t<div class=\"elementor-field-type-text elementor-field-group elementor-column elementor-field-group-field_fc34acd elementor-col-100 elementor-field-required elementor-mark-required\">\n\t\t\t\t\t\t\t\t\t\t\t\t<label for=\"form-field-field_fc34acd\" class=\"elementor-field-label\">\n\t\t\t\t\t\t\t\tAdresse\t\t\t\t\t\t\t<\/label>\n\t\t\t\t\t\t\t\t\t\t\t\t\t\t<input size=\"1\" type=\"text\" name=\"form_fields[field_fc34acd]\" id=\"form-field-field_fc34acd\" class=\"elementor-field elementor-size-md  elementor-field-textual\" required=\"required\">\n\t\t\t\t\t\t\t\t\t\t\t<\/div>\n\t\t\t\t\t\t\t\t<div class=\"elementor-field-type-text elementor-field-group elementor-column elementor-field-group-field_cb0449a elementor-col-30 elementor-field-required elementor-mark-required\">\n\t\t\t\t\t\t\t\t\t\t\t\t<label for=\"form-field-field_cb0449a\" class=\"elementor-field-label\">\n\t\t\t\t\t\t\t\tPostnummer\t\t\t\t\t\t\t<\/label>\n\t\t\t\t\t\t\t\t\t\t\t\t\t\t<input size=\"1\" type=\"text\" name=\"form_fields[field_cb0449a]\" id=\"form-field-field_cb0449a\" class=\"elementor-field elementor-size-md  elementor-field-textual\" required=\"required\">\n\t\t\t\t\t\t\t\t\t\t\t<\/div>\n\t\t\t\t\t\t\t\t<div class=\"elementor-field-type-text elementor-field-group elementor-column elementor-field-group-field_13d38c4 elementor-col-70 elementor-field-required elementor-mark-required\">\n\t\t\t\t\t\t\t\t\t\t\t\t<label for=\"form-field-field_13d38c4\" class=\"elementor-field-label\">\n\t\t\t\t\t\t\t\tBy\t\t\t\t\t\t\t<\/label>\n\t\t\t\t\t\t\t\t\t\t\t\t\t\t<input size=\"1\" type=\"text\" name=\"form_fields[field_13d38c4]\" id=\"form-field-field_13d38c4\" class=\"elementor-field elementor-size-md  elementor-field-textual\" required=\"required\">\n\t\t\t\t\t\t\t\t\t\t\t<\/div>\n\t\t\t\t\t\t\t\t<div class=\"elementor-field-type-text elementor-field-group elementor-column elementor-field-group-field_c739dca elementor-col-100 elementor-field-required elementor-mark-required\">\n\t\t\t\t\t\t\t\t\t\t\t\t<label for=\"form-field-field_c739dca\" class=\"elementor-field-label\">\n\t\t\t\t\t\t\t\tEksisterende Spotguard-nummer\t\t\t\t\t\t\t<\/label>\n\t\t\t\t\t\t\t\t\t\t\t\t\t\t<input size=\"1\" type=\"text\" name=\"form_fields[field_c739dca]\" id=\"form-field-field_c739dca\" class=\"elementor-field elementor-size-md  elementor-field-textual\" required=\"required\">\n\t\t\t\t\t\t\t\t\t\t\t<\/div>\n\t\t\t\t\t\t\t\t<div class=\"elementor-field-type-radio elementor-field-group elementor-column elementor-field-group-field_b0406de elementor-col-100 elementor-field-required elementor-mark-required\">\n\t\t\t\t\t\t\t\t\t\t\t\t<label for=\"form-field-field_b0406de\" class=\"elementor-field-label\">\n\t\t\t\t\t\t\t\tPris for utskifting av en Spotguard Plus\t\t\t\t\t\t\t<\/label>\n\t\t\t\t\t\t<div class=\"elementor-field-subgroup  \"><span class=\"elementor-field-option\"><input type=\"radio\" value=\"1650 - ink Moms ekskl. frakt\" id=\"form-field-field_b0406de-0\" name=\"form_fields[field_b0406de]\" required=\"required\"> <label for=\"form-field-field_b0406de-0\">1650 - ink Moms ekskl. frakt<\/label><\/span><\/div>\t\t\t\t<\/div>\n\t\t\t\t\t\t\t\t<div class=\"elementor-field-type-recaptcha_v3 elementor-field-group elementor-column elementor-field-group-field_ad8dfc4 elementor-col-100 recaptcha_v3-bottomright\">\n\t\t\t\t\t<div class=\"elementor-field\" id=\"form-field-field_ad8dfc4\"><div class=\"elementor-g-recaptcha\" data-sitekey=\"6LeSdlAsAAAAAHUQHtMyKe9gT4qtiwtMvAjS6Nd0\" data-type=\"v3\" data-action=\"Form\" data-badge=\"bottomright\" data-size=\"invisible\"><\/div><\/div>\t\t\t\t<\/div>\n\t\t\t\t\t\t\t\t<div class=\"elementor-field-group elementor-column elementor-field-type-submit elementor-col-100 e-form__buttons\">\n\t\t\t\t\t<button class=\"elementor-button elementor-size-sm\" type=\"submit\">\n\t\t\t\t\t\t<span class=\"elementor-button-content-wrapper\">\n\t\t\t\t\t\t\t\t\t\t\t\t\t\t\t\t\t\t\t\t\t\t<span class=\"elementor-button-text\">Send<\/span>\n\t\t\t\t\t\t\t\t\t\t\t\t\t<\/span>\n\t\t\t\t\t<\/button>\n\t\t\t\t<\/div>\n\t\t\t<\/div>\n\t\t<\/form>\n\t\t\t\t\t\t<\/div>\n\t\t\t\t<\/div>\n\t\t\t\t\t<\/div>\n\t\t\t\t<\/div>\n\t\t\t\t<div class=\"elementor-element elementor-element-3b634dc elementor-widget elementor-widget-text-editor\" data-id=\"3b634dc\" data-element_type=\"widget\" data-e-type=\"widget\" data-widget_type=\"text-editor.default\">\n\t\t\t\t<div class=\"elementor-widget-container\">\n\t\t\t\t\t\t\t\t\t<p><em>*Driftskontrakten fortsetter som vanlig, det er bare maskinvaren som byttes ut.<\/em><\/p>\n<p><em>**Den gamle enheten din trenger ikke \u00e5 returneres, sorter enheten som elektronisk avfall. V\u00e6r oppmerksom p\u00e5 at kun eksisterende kunder med Spotguard Plus kan bestille via denne siden. For nye kunder henviser vi deg til: <a href=\"https:\/\/www.gsfleet.io\/no\/vaare-loesninger\/sporing-og-gjenfinning\/\"><span class=\"umbraco-forms-tooltip help-block\">gsfleet.io\/no\/vaare-loesninger\/sporing-og-gjenfinning\/<\/span><\/a><\/em><\/p>\n\t\t\t\t\t\t\t\t<\/div>\n\t\t\t\t<\/div>\n\t\t\t\t\t<\/div>\n\t\t\t\t<\/div>\n\t\t\t\t<\/div>\n\t\t","protected":false},"excerpt":{"rendered":"<p>Erstatningsenheter *Driftskontrakten fortsetter som vanlig, det er bare maskinvaren som byttes ut. **Den gamle enheten din trenger ikke \u00e5 returneres, sorter enheten som elektronisk avfall. V\u00e6r oppmerksom p\u00e5 at kun eksisterende kunder med Spotguard Plus kan bestille via denne siden. For nye kunder henviser vi deg til: gsfleet.io\/no\/vaare-loesninger\/sporing-og-gjenfinning\/<\/p>\n","protected":false},"author":2,"featured_media":0,"parent":10599,"menu_order":0,"comment_status":"closed","ping_status":"closed","template":"","meta":{"_acf_changed":false,"footnotes":""},"class_list":["post-6788","page","type-page","status-publish","hentry"],"acf":[],"yoast_head":"<!-- This site is optimized with the Yoast SEO Premium plugin v27.4 (Yoast SEO v27.5) - https:\/\/yoast.com\/product\/yoast-seo-premium-wordpress\/ -->\n<title>Erstatningsenheter - GSFleet<\/title>\n<meta name=\"robots\" content=\"index, follow, max-snippet:-1, max-image-preview:large, max-video-preview:-1\" \/>\n<link rel=\"canonical\" href=\"https:\/\/www.gsfleet.io\/no\/support\/erstatningsenheter\/\" \/>\n<meta property=\"og:locale\" content=\"nb_NO\" \/>\n<meta property=\"og:type\" content=\"article\" \/>\n<meta property=\"og:title\" content=\"Erstatningsenheter\" \/>\n<meta property=\"og:description\" content=\"Erstatningsenheter *Driftskontrakten fortsetter som vanlig, det er bare maskinvaren som byttes ut. **Den gamle enheten din trenger ikke \u00e5 returneres, sorter enheten som elektronisk avfall. V\u00e6r oppmerksom p\u00e5 at kun eksisterende kunder med Spotguard Plus kan bestille via denne siden. For nye kunder henviser vi deg til: gsfleet.io\/no\/vaare-loesninger\/sporing-og-gjenfinning\/\" \/>\n<meta property=\"og:url\" content=\"https:\/\/www.gsfleet.io\/no\/support\/erstatningsenheter\/\" \/>\n<meta property=\"og:site_name\" content=\"GSFleet\" \/>\n<meta property=\"article:modified_time\" content=\"2024-07-02T12:43:32+00:00\" \/>\n<meta property=\"og:image\" content=\"https:\/\/www.gsfleet.io\/wp-content\/uploads\/AdobeStock_452354262_new.jpg\" \/>\n\t<meta property=\"og:image:width\" content=\"1240\" \/>\n\t<meta property=\"og:image:height\" content=\"827\" \/>\n\t<meta property=\"og:image:type\" content=\"image\/jpeg\" \/>\n<meta name=\"twitter:card\" content=\"summary_large_image\" \/>\n<meta name=\"twitter:label1\" content=\"Ansl. lesetid\" \/>\n\t<meta name=\"twitter:data1\" content=\"1 minutt\" \/>\n<script type=\"application\/ld+json\" class=\"yoast-schema-graph\">{\"@context\":\"https:\\\/\\\/schema.org\",\"@graph\":[{\"@type\":\"WebPage\",\"@id\":\"https:\\\/\\\/www.gsfleet.io\\\/no\\\/support\\\/erstatningsenheter\\\/\",\"url\":\"https:\\\/\\\/www.gsfleet.io\\\/no\\\/support\\\/erstatningsenheter\\\/\",\"name\":\"Erstatningsenheter - GSFleet\",\"isPartOf\":{\"@id\":\"https:\\\/\\\/www.gsfleet.io\\\/no\\\/#website\"},\"datePublished\":\"2023-11-15T07:41:56+00:00\",\"dateModified\":\"2024-07-02T12:43:32+00:00\",\"breadcrumb\":{\"@id\":\"https:\\\/\\\/www.gsfleet.io\\\/no\\\/support\\\/erstatningsenheter\\\/#breadcrumb\"},\"inLanguage\":\"nb-NO\",\"potentialAction\":[{\"@type\":\"ReadAction\",\"target\":[\"https:\\\/\\\/www.gsfleet.io\\\/no\\\/support\\\/erstatningsenheter\\\/\"]}]},{\"@type\":\"BreadcrumbList\",\"@id\":\"https:\\\/\\\/www.gsfleet.io\\\/no\\\/support\\\/erstatningsenheter\\\/#breadcrumb\",\"itemListElement\":[{\"@type\":\"ListItem\",\"position\":1,\"name\":\"Home\",\"item\":\"https:\\\/\\\/www.gsfleet.io\\\/no\\\/\"},{\"@type\":\"ListItem\",\"position\":2,\"name\":\"Support\",\"item\":\"https:\\\/\\\/www.gsfleet.io\\\/no\\\/support\\\/\"},{\"@type\":\"ListItem\",\"position\":3,\"name\":\"Erstatningsenheter\"}]},{\"@type\":\"WebSite\",\"@id\":\"https:\\\/\\\/www.gsfleet.io\\\/no\\\/#website\",\"url\":\"https:\\\/\\\/www.gsfleet.io\\\/no\\\/\",\"name\":\"GSFleet\",\"description\":\"\",\"publisher\":{\"@id\":\"https:\\\/\\\/www.gsfleet.io\\\/no\\\/#organization\"},\"potentialAction\":[{\"@type\":\"SearchAction\",\"target\":{\"@type\":\"EntryPoint\",\"urlTemplate\":\"https:\\\/\\\/www.gsfleet.io\\\/no\\\/?s={search_term_string}\"},\"query-input\":{\"@type\":\"PropertyValueSpecification\",\"valueRequired\":true,\"valueName\":\"search_term_string\"}}],\"inLanguage\":\"nb-NO\"},{\"@type\":\"Organization\",\"@id\":\"https:\\\/\\\/www.gsfleet.io\\\/no\\\/#organization\",\"name\":\"GSFleet\",\"url\":\"https:\\\/\\\/www.gsfleet.io\\\/no\\\/\",\"logo\":{\"@type\":\"ImageObject\",\"inLanguage\":\"nb-NO\",\"@id\":\"https:\\\/\\\/www.gsfleet.io\\\/no\\\/#\\\/schema\\\/logo\\\/image\\\/\",\"url\":\"https:\\\/\\\/www.gsfleet.io\\\/wp-content\\\/uploads\\\/GSFleet-Logo-1.svg\",\"contentUrl\":\"https:\\\/\\\/www.gsfleet.io\\\/wp-content\\\/uploads\\\/GSFleet-Logo-1.svg\",\"width\":130,\"height\":25,\"caption\":\"GSFleet\"},\"image\":{\"@id\":\"https:\\\/\\\/www.gsfleet.io\\\/no\\\/#\\\/schema\\\/logo\\\/image\\\/\"}}]}<\/script>\n<!-- \/ Yoast SEO Premium plugin. -->","yoast_head_json":{"title":"Erstatningsenheter - GSFleet","robots":{"index":"index","follow":"follow","max-snippet":"max-snippet:-1","max-image-preview":"max-image-preview:large","max-video-preview":"max-video-preview:-1"},"canonical":"https:\/\/www.gsfleet.io\/no\/support\/erstatningsenheter\/","og_locale":"nb_NO","og_type":"article","og_title":"Erstatningsenheter","og_description":"Erstatningsenheter *Driftskontrakten fortsetter som vanlig, det er bare maskinvaren som byttes ut. **Den gamle enheten din trenger ikke \u00e5 returneres, sorter enheten som elektronisk avfall. V\u00e6r oppmerksom p\u00e5 at kun eksisterende kunder med Spotguard Plus kan bestille via denne siden. For nye kunder henviser vi deg til: gsfleet.io\/no\/vaare-loesninger\/sporing-og-gjenfinning\/","og_url":"https:\/\/www.gsfleet.io\/no\/support\/erstatningsenheter\/","og_site_name":"GSFleet","article_modified_time":"2024-07-02T12:43:32+00:00","og_image":[{"width":1240,"height":827,"url":"https:\/\/www.gsfleet.io\/wp-content\/uploads\/AdobeStock_452354262_new.jpg","type":"image\/jpeg"}],"twitter_card":"summary_large_image","twitter_misc":{"Ansl. lesetid":"1 minutt"},"schema":{"@context":"https:\/\/schema.org","@graph":[{"@type":"WebPage","@id":"https:\/\/www.gsfleet.io\/no\/support\/erstatningsenheter\/","url":"https:\/\/www.gsfleet.io\/no\/support\/erstatningsenheter\/","name":"Erstatningsenheter - GSFleet","isPartOf":{"@id":"https:\/\/www.gsfleet.io\/no\/#website"},"datePublished":"2023-11-15T07:41:56+00:00","dateModified":"2024-07-02T12:43:32+00:00","breadcrumb":{"@id":"https:\/\/www.gsfleet.io\/no\/support\/erstatningsenheter\/#breadcrumb"},"inLanguage":"nb-NO","potentialAction":[{"@type":"ReadAction","target":["https:\/\/www.gsfleet.io\/no\/support\/erstatningsenheter\/"]}]},{"@type":"BreadcrumbList","@id":"https:\/\/www.gsfleet.io\/no\/support\/erstatningsenheter\/#breadcrumb","itemListElement":[{"@type":"ListItem","position":1,"name":"Home","item":"https:\/\/www.gsfleet.io\/no\/"},{"@type":"ListItem","position":2,"name":"Support","item":"https:\/\/www.gsfleet.io\/no\/support\/"},{"@type":"ListItem","position":3,"name":"Erstatningsenheter"}]},{"@type":"WebSite","@id":"https:\/\/www.gsfleet.io\/no\/#website","url":"https:\/\/www.gsfleet.io\/no\/","name":"GSFleet","description":"","publisher":{"@id":"https:\/\/www.gsfleet.io\/no\/#organization"},"potentialAction":[{"@type":"SearchAction","target":{"@type":"EntryPoint","urlTemplate":"https:\/\/www.gsfleet.io\/no\/?s={search_term_string}"},"query-input":{"@type":"PropertyValueSpecification","valueRequired":true,"valueName":"search_term_string"}}],"inLanguage":"nb-NO"},{"@type":"Organization","@id":"https:\/\/www.gsfleet.io\/no\/#organization","name":"GSFleet","url":"https:\/\/www.gsfleet.io\/no\/","logo":{"@type":"ImageObject","inLanguage":"nb-NO","@id":"https:\/\/www.gsfleet.io\/no\/#\/schema\/logo\/image\/","url":"https:\/\/www.gsfleet.io\/wp-content\/uploads\/GSFleet-Logo-1.svg","contentUrl":"https:\/\/www.gsfleet.io\/wp-content\/uploads\/GSFleet-Logo-1.svg","width":130,"height":25,"caption":"GSFleet"},"image":{"@id":"https:\/\/www.gsfleet.io\/no\/#\/schema\/logo\/image\/"}}]}},"_links":{"self":[{"href":"https:\/\/www.gsfleet.io\/no\/wp-json\/wp\/v2\/pages\/6788","targetHints":{"allow":["GET"]}}],"collection":[{"href":"https:\/\/www.gsfleet.io\/no\/wp-json\/wp\/v2\/pages"}],"about":[{"href":"https:\/\/www.gsfleet.io\/no\/wp-json\/wp\/v2\/types\/page"}],"author":[{"embeddable":true,"href":"https:\/\/www.gsfleet.io\/no\/wp-json\/wp\/v2\/users\/2"}],"replies":[{"embeddable":true,"href":"https:\/\/www.gsfleet.io\/no\/wp-json\/wp\/v2\/comments?post=6788"}],"version-history":[{"count":32,"href":"https:\/\/www.gsfleet.io\/no\/wp-json\/wp\/v2\/pages\/6788\/revisions"}],"predecessor-version":[{"id":15553,"href":"https:\/\/www.gsfleet.io\/no\/wp-json\/wp\/v2\/pages\/6788\/revisions\/15553"}],"up":[{"embeddable":true,"href":"https:\/\/www.gsfleet.io\/no\/wp-json\/wp\/v2\/pages\/10599"}],"wp:attachment":[{"href":"https:\/\/www.gsfleet.io\/no\/wp-json\/wp\/v2\/media?parent=6788"}],"curies":[{"name":"wp","href":"https:\/\/api.w.org\/{rel}","templated":true}]}}