{"id":6781,"date":"2023-11-15T08:43:48","date_gmt":"2023-11-15T07:43:48","guid":{"rendered":"https:\/\/gsgroup.danspot.dk\/oppsigelse\/"},"modified":"2026-01-20T11:23:49","modified_gmt":"2026-01-20T10:23:49","slug":"avbestilling","status":"publish","type":"page","link":"https:\/\/www.gsfleet.io\/no\/support\/avbestilling\/","title":{"rendered":"Avbestilling"},"content":{"rendered":"\t\t<div data-elementor-type=\"wp-page\" data-elementor-id=\"6781\" class=\"elementor elementor-6781 elementor-1643\" data-elementor-post-type=\"page\">\n\t\t\t\t<div class=\"elementor-element elementor-element-ce336c8 e-flex e-con-boxed e-con e-parent\" data-id=\"ce336c8\" data-element_type=\"container\" data-e-type=\"container\">\n\t\t\t\t\t<div class=\"e-con-inner\">\n\t\t\t\t<div class=\"elementor-element elementor-element-1545a1b elementor-widget elementor-widget-heading\" data-id=\"1545a1b\" data-element_type=\"widget\" data-e-type=\"widget\" data-widget_type=\"heading.default\">\n\t\t\t\t<div class=\"elementor-widget-container\">\n\t\t\t\t\t<h1 class=\"elementor-heading-title elementor-size-default\">Avbestilling<\/h1>\t\t\t\t<\/div>\n\t\t\t\t<\/div>\n\t\t\t\t\t<\/div>\n\t\t\t\t<\/div>\n\t\t<div class=\"elementor-element elementor-element-dcc337f e-flex e-con-boxed e-con e-parent\" data-id=\"dcc337f\" data-element_type=\"container\" data-e-type=\"container\" data-settings=\"{&quot;background_background&quot;:&quot;classic&quot;}\">\n\t\t\t\t\t<div class=\"e-con-inner\">\n\t\t<div class=\"elementor-element elementor-element-1ef04ef e-flex e-con-boxed e-con e-child\" data-id=\"1ef04ef\" data-element_type=\"container\" data-e-type=\"container\" data-settings=\"{&quot;background_background&quot;:&quot;classic&quot;}\">\n\t\t\t\t\t<div class=\"e-con-inner\">\n\t\t\t\t<div class=\"elementor-element elementor-element-6e38c4a elementor-widget elementor-widget-html\" data-id=\"6e38c4a\" data-element_type=\"widget\" data-e-type=\"widget\" data-widget_type=\"html.default\">\n\t\t\t\t<div class=\"elementor-widget-container\">\n\t\t\t\t\t<script>let showThisFieldIf = {\n    fakturasvar: {\n        faktura: [2]\n    },\n    \n}\n\n\/* Code from https:\/\/element.how\/elementor-pro-add-conditional-form-fields\/\n* You are allowed to use on your website and your clients websites\n* No sale or redistribution without permission\n* Copyright 2023 by Element.how\n* Version 1.1 2023\/03\/15\n*\/\ndocument.addEventListener('DOMContentLoaded', conditionalFormFieldFunc);\ndocument.addEventListener('DOMContentLoaded',function(){\njQuery(document).on('elementor\/popup\/show', (event, id, instance) => {\nconditionalFormFieldFunc();\n});\n});\n\nfunction conditionalFormFieldFunc() {\nfunction testLogic() {\nfor (const [conditionalInputID, condition] of Object.entries(showThisFieldIf)) {\nlet conditionalInput = setInputsElemArray(conditionalInputID);\nlet match = true;\nfor (const [conditionID, conditionValues] of Object.entries(condition)) {\nlet inputs = setInputsElemArray(conditionID);\nlet selectedInputs = [];\ninputs.forEach((input, i) => { if (input.checked) { selectedInputs.push(i); } });\nif (inputs[0].tagName == 'SELECT') {\nselectedInputs.push(inputs[0].selectedIndex);\n}\nlet adjustedConditionValues = conditionValues.map(e => e - 1);\nif (!(adjustedConditionValues.every(condition => selectedInputs.indexOf(condition) > -1))) {\nmatch = false;\n}\n};\nif (match) {\nconditionalInput.forEach(e => e.closest('.elementor-field-group').style.display = \"block\")\n} else {\nconditionalInput.forEach(e => e.closest('.elementor-field-group').style.display = \"none\")\n}\n}\n}\ntestLogic();\n\n\/* Add event listeners *\/\nfor (const [conditionalInputID, condition] of Object.entries(showThisFieldIf)) {\nfor (const [conditionID, conditionValues] of Object.entries(condition)) {\nlet inputs = setInputsElemArray(conditionID);\ninputs.forEach(input => {\ninput.addEventListener('input', function () {\ntestLogic();\n})\n})\n}\n}\n\nfunction setInputsElemArray(ID) {\nlet selectors = `[name=\"form_fields[${ID}]\"]`;\nlet inputs = Array.from(document.querySelectorAll(selectors));\nif (!inputs.length) {\nselectors = `[name=\"form_fields[${ID}][]\"]`;\ninputs = Array.from(document.querySelectorAll(selectors));\n}\nreturn inputs;\n}\n};\n\n<\/script>\t\t\t\t<\/div>\n\t\t\t\t<\/div>\n\t\t\t\t<div class=\"elementor-element elementor-element-df48f83 elementor-button-align-center elementor-widget elementor-widget-form\" data-id=\"df48f83\" data-element_type=\"widget\" data-e-type=\"widget\" data-settings=\"{&quot;step_next_label&quot;:&quot;Neste&quot;,&quot;step_previous_label&quot;:&quot;Tidligere&quot;,&quot;button_width&quot;:&quot;100&quot;,&quot;step_type&quot;:&quot;number_text&quot;,&quot;step_icon_shape&quot;:&quot;circle&quot;}\" data-widget_type=\"form.default\">\n\t\t\t\t<div class=\"elementor-widget-container\">\n\t\t\t\t\t\t\t<form class=\"elementor-form\" method=\"post\" name=\"Avbestilling\" aria-label=\"Avbestilling\">\n\t\t\t<input type=\"hidden\" name=\"post_id\" value=\"6781\"\/>\n\t\t\t<input type=\"hidden\" name=\"form_id\" value=\"df48f83\"\/>\n\t\t\t<input type=\"hidden\" name=\"referer_title\" value=\"Avbestilling - GSFleet\" \/>\n\n\t\t\t\t\t\t\t<input type=\"hidden\" name=\"queried_id\" value=\"6781\"\/>\n\t\t\t\n\t\t\t<div class=\"elementor-form-fields-wrapper elementor-labels-above\">\n\t\t\t\t\t\t\t\t<div class=\"elementor-field-type-text elementor-field-group elementor-column elementor-field-group-namn elementor-col-100 elementor-field-required elementor-mark-required\">\n\t\t\t\t\t\t\t\t\t\t\t\t<label for=\"form-field-namn\" class=\"elementor-field-label\">\n\t\t\t\t\t\t\t\tNavn\/firma\t\t\t\t\t\t\t<\/label>\n\t\t\t\t\t\t\t\t\t\t\t\t\t\t<input size=\"1\" type=\"text\" name=\"form_fields[namn]\" id=\"form-field-namn\" class=\"elementor-field elementor-size-md  elementor-field-textual\" required=\"required\">\n\t\t\t\t\t\t\t\t\t\t\t<\/div>\n\t\t\t\t\t\t\t\t<div class=\"elementor-field-type-tel elementor-field-group elementor-column elementor-field-group-field_7222565 elementor-col-100 elementor-field-required elementor-mark-required\">\n\t\t\t\t\t\t\t\t\t\t\t\t<label for=\"form-field-field_7222565\" class=\"elementor-field-label\">\n\t\t\t\t\t\t\t\tTelefon\t\t\t\t\t\t\t<\/label>\n\t\t\t\t\t\t\t\t<input size=\"1\" type=\"tel\" name=\"form_fields[field_7222565]\" id=\"form-field-field_7222565\" class=\"elementor-field elementor-size-md  elementor-field-textual\" required=\"required\" pattern=\"[0-9()#&amp;+*-=.]+\" title=\"Only numbers and phone characters (#, -, *, etc) are accepted.\">\n\n\t\t\t\t\t\t<\/div>\n\t\t\t\t\t\t\t\t<div class=\"elementor-field-type-email elementor-field-group elementor-column elementor-field-group-email elementor-col-100 elementor-field-required elementor-mark-required\">\n\t\t\t\t\t\t\t\t\t\t\t\t<label for=\"form-field-email\" class=\"elementor-field-label\">\n\t\t\t\t\t\t\t\tE-post\t\t\t\t\t\t\t<\/label>\n\t\t\t\t\t\t\t\t\t\t\t\t\t\t<input size=\"1\" type=\"email\" name=\"form_fields[email]\" id=\"form-field-email\" class=\"elementor-field elementor-size-md  elementor-field-textual\" required=\"required\">\n\t\t\t\t\t\t\t\t\t\t\t<\/div>\n\t\t\t\t\t\t\t\t<div class=\"elementor-field-type-text elementor-field-group elementor-column elementor-field-group-field_c739dca elementor-col-100\">\n\t\t\t\t\t\t\t\t\t\t\t\t<label for=\"form-field-field_c739dca\" class=\"elementor-field-label\">\n\t\t\t\t\t\t\t\tID-nummeret til sporingsenheten (se alarmkort eller faktura).\t\t\t\t\t\t\t<\/label>\n\t\t\t\t\t\t\t\t\t\t\t\t\t\t<input size=\"1\" type=\"text\" name=\"form_fields[field_c739dca]\" id=\"form-field-field_c739dca\" class=\"elementor-field elementor-size-md  elementor-field-textual\">\n\t\t\t\t\t\t\t\t\t\t\t<\/div>\n\t\t\t\t\t\t\t\t<div class=\"elementor-field-type-radio elementor-field-group elementor-column elementor-field-group-faktura elementor-col-100\">\n\t\t\t\t\t\t\t\t\t\t\t\t<label for=\"form-field-faktura\" class=\"elementor-field-label\">\n\t\t\t\t\t\t\t\tHar du allerede mottatt en faktura?\t\t\t\t\t\t\t<\/label>\n\t\t\t\t\t\t<div class=\"elementor-field-subgroup  \"><span class=\"elementor-field-option\"><input type=\"radio\" value=\"NEI\" id=\"form-field-faktura-0\" name=\"form_fields[faktura]\"> <label for=\"form-field-faktura-0\">NEI<\/label><\/span><span class=\"elementor-field-option\"><input type=\"radio\" value=\"JA\" id=\"form-field-faktura-1\" name=\"form_fields[faktura]\"> <label for=\"form-field-faktura-1\">JA<\/label><\/span><\/div>\t\t\t\t<\/div>\n\t\t\t\t\t\t\t\t<div class=\"elementor-field-type-radio elementor-field-group elementor-column elementor-field-group-fakturasvar elementor-col-100\">\n\t\t\t\t\t\t\t\t\t\t\t\t<label for=\"form-field-fakturasvar\" class=\"elementor-field-label\">\n\t\t\t\t\t\t\t\t**\t\t\t\t\t\t\t<\/label>\n\t\t\t\t\t\t<div class=\"elementor-field-subgroup  \"><span class=\"elementor-field-option\"><input type=\"radio\" value=\"Jeg betaler den mottatte fakturaen, men \u00f8nsker \u00e5 avbestille tjenesten for neste periode.\" id=\"form-field-fakturasvar-0\" name=\"form_fields[fakturasvar]\"> <label for=\"form-field-fakturasvar-0\">Jeg betaler den mottatte fakturaen, men \u00f8nsker \u00e5 avbestille tjenesten for neste periode.<\/label><\/span><span class=\"elementor-field-option\"><input type=\"radio\" value=\"Jeg eier ikke lenger objektet. \u00d8nsker \u00e5 avslutte tjenesten. GSFleet kan ikke lenger gjennoms\u00f8ke objektet i tilfelle tyveri.\" id=\"form-field-fakturasvar-1\" name=\"form_fields[fakturasvar]\"> <label for=\"form-field-fakturasvar-1\">Jeg eier ikke lenger objektet. \u00d8nsker \u00e5 avslutte tjenesten. GSFleet kan ikke lenger gjennoms\u00f8ke objektet i tilfelle tyveri.<\/label><\/span><\/div>\t\t\t\t<\/div>\n\t\t\t\t\t\t\t\t<div class=\"elementor-field-type-textarea elementor-field-group elementor-column elementor-field-group-field_17146d8 elementor-col-100\">\n\t\t\t\t\t\t\t\t\t\t\t\t<label for=\"form-field-field_17146d8\" class=\"elementor-field-label\">\n\t\t\t\t\t\t\t\tMelding til GSFleet\t\t\t\t\t\t\t<\/label>\n\t\t\t\t\t\t<textarea class=\"elementor-field-textual elementor-field  elementor-size-md\" name=\"form_fields[field_17146d8]\" id=\"form-field-field_17146d8\" rows=\"6\"><\/textarea>\t\t\t\t<\/div>\n\t\t\t\t\t\t\t\t<div class=\"elementor-field-type-recaptcha_v3 elementor-field-group elementor-column elementor-field-group-field_d0f08b0 elementor-col-100 recaptcha_v3-bottomright\">\n\t\t\t\t\t<div class=\"elementor-field\" id=\"form-field-field_d0f08b0\"><div class=\"elementor-g-recaptcha\" data-sitekey=\"6LeSdlAsAAAAAHUQHtMyKe9gT4qtiwtMvAjS6Nd0\" data-type=\"v3\" data-action=\"Form\" data-badge=\"bottomright\" data-size=\"invisible\"><\/div><\/div>\t\t\t\t<\/div>\n\t\t\t\t\t\t\t\t<div class=\"elementor-field-group elementor-column elementor-field-type-submit elementor-col-100 e-form__buttons\">\n\t\t\t\t\t<button class=\"elementor-button elementor-size-sm\" type=\"submit\">\n\t\t\t\t\t\t<span class=\"elementor-button-content-wrapper\">\n\t\t\t\t\t\t\t\t\t\t\t\t\t\t\t\t\t\t\t\t\t\t<span class=\"elementor-button-text\">Send inn<\/span>\n\t\t\t\t\t\t\t\t\t\t\t\t\t<\/span>\n\t\t\t\t\t<\/button>\n\t\t\t\t<\/div>\n\t\t\t<\/div>\n\t\t<\/form>\n\t\t\t\t\t\t<\/div>\n\t\t\t\t<\/div>\n\t\t\t\t\t<\/div>\n\t\t\t\t<\/div>\n\t\t\t\t\t<\/div>\n\t\t\t\t<\/div>\n\t\t\t\t<\/div>\n\t\t","protected":false},"excerpt":{"rendered":"<p>Avbestilling<\/p>\n","protected":false},"author":2,"featured_media":0,"parent":10599,"menu_order":0,"comment_status":"closed","ping_status":"closed","template":"","meta":{"_acf_changed":false,"footnotes":""},"class_list":["post-6781","page","type-page","status-publish","hentry"],"acf":[],"yoast_head":"<!-- This site is optimized with the Yoast SEO Premium plugin v27.4 (Yoast SEO v27.5) - https:\/\/yoast.com\/product\/yoast-seo-premium-wordpress\/ -->\n<title>Avbestilling - GSFleet<\/title>\n<meta name=\"robots\" content=\"index, follow, max-snippet:-1, max-image-preview:large, max-video-preview:-1\" \/>\n<link rel=\"canonical\" href=\"https:\/\/www.gsfleet.io\/no\/support\/avbestilling\/\" \/>\n<meta property=\"og:locale\" content=\"nb_NO\" \/>\n<meta property=\"og:type\" content=\"article\" \/>\n<meta property=\"og:title\" content=\"Avbestilling\" \/>\n<meta property=\"og:description\" content=\"Avbestilling\" \/>\n<meta property=\"og:url\" content=\"https:\/\/www.gsfleet.io\/no\/support\/avbestilling\/\" \/>\n<meta property=\"og:site_name\" content=\"GSFleet\" \/>\n<meta property=\"article:modified_time\" content=\"2026-01-20T10:23:49+00:00\" \/>\n<meta property=\"og:image\" content=\"https:\/\/www.gsfleet.io\/wp-content\/uploads\/AdobeStock_452354262_new.jpg\" \/>\n\t<meta property=\"og:image:width\" content=\"1240\" \/>\n\t<meta property=\"og:image:height\" content=\"827\" \/>\n\t<meta property=\"og:image:type\" content=\"image\/jpeg\" \/>\n<meta name=\"twitter:card\" content=\"summary_large_image\" \/>\n<meta name=\"twitter:label1\" content=\"Ansl. lesetid\" \/>\n\t<meta name=\"twitter:data1\" content=\"1 minutt\" \/>\n<script type=\"application\/ld+json\" class=\"yoast-schema-graph\">{\"@context\":\"https:\\\/\\\/schema.org\",\"@graph\":[{\"@type\":\"WebPage\",\"@id\":\"https:\\\/\\\/www.gsfleet.io\\\/no\\\/support\\\/avbestilling\\\/\",\"url\":\"https:\\\/\\\/www.gsfleet.io\\\/no\\\/support\\\/avbestilling\\\/\",\"name\":\"Avbestilling - GSFleet\",\"isPartOf\":{\"@id\":\"https:\\\/\\\/www.gsfleet.io\\\/no\\\/#website\"},\"datePublished\":\"2023-11-15T07:43:48+00:00\",\"dateModified\":\"2026-01-20T10:23:49+00:00\",\"breadcrumb\":{\"@id\":\"https:\\\/\\\/www.gsfleet.io\\\/no\\\/support\\\/avbestilling\\\/#breadcrumb\"},\"inLanguage\":\"nb-NO\",\"potentialAction\":[{\"@type\":\"ReadAction\",\"target\":[\"https:\\\/\\\/www.gsfleet.io\\\/no\\\/support\\\/avbestilling\\\/\"]}]},{\"@type\":\"BreadcrumbList\",\"@id\":\"https:\\\/\\\/www.gsfleet.io\\\/no\\\/support\\\/avbestilling\\\/#breadcrumb\",\"itemListElement\":[{\"@type\":\"ListItem\",\"position\":1,\"name\":\"Home\",\"item\":\"https:\\\/\\\/www.gsfleet.io\\\/no\\\/\"},{\"@type\":\"ListItem\",\"position\":2,\"name\":\"Support\",\"item\":\"https:\\\/\\\/www.gsfleet.io\\\/no\\\/support\\\/\"},{\"@type\":\"ListItem\",\"position\":3,\"name\":\"Avbestilling\"}]},{\"@type\":\"WebSite\",\"@id\":\"https:\\\/\\\/www.gsfleet.io\\\/no\\\/#website\",\"url\":\"https:\\\/\\\/www.gsfleet.io\\\/no\\\/\",\"name\":\"GSFleet\",\"description\":\"\",\"publisher\":{\"@id\":\"https:\\\/\\\/www.gsfleet.io\\\/no\\\/#organization\"},\"potentialAction\":[{\"@type\":\"SearchAction\",\"target\":{\"@type\":\"EntryPoint\",\"urlTemplate\":\"https:\\\/\\\/www.gsfleet.io\\\/no\\\/?s={search_term_string}\"},\"query-input\":{\"@type\":\"PropertyValueSpecification\",\"valueRequired\":true,\"valueName\":\"search_term_string\"}}],\"inLanguage\":\"nb-NO\"},{\"@type\":\"Organization\",\"@id\":\"https:\\\/\\\/www.gsfleet.io\\\/no\\\/#organization\",\"name\":\"GSFleet\",\"url\":\"https:\\\/\\\/www.gsfleet.io\\\/no\\\/\",\"logo\":{\"@type\":\"ImageObject\",\"inLanguage\":\"nb-NO\",\"@id\":\"https:\\\/\\\/www.gsfleet.io\\\/no\\\/#\\\/schema\\\/logo\\\/image\\\/\",\"url\":\"https:\\\/\\\/www.gsfleet.io\\\/wp-content\\\/uploads\\\/GSFleet-Logo-1.svg\",\"contentUrl\":\"https:\\\/\\\/www.gsfleet.io\\\/wp-content\\\/uploads\\\/GSFleet-Logo-1.svg\",\"width\":130,\"height\":25,\"caption\":\"GSFleet\"},\"image\":{\"@id\":\"https:\\\/\\\/www.gsfleet.io\\\/no\\\/#\\\/schema\\\/logo\\\/image\\\/\"}}]}<\/script>\n<!-- \/ Yoast SEO Premium plugin. -->","yoast_head_json":{"title":"Avbestilling - GSFleet","robots":{"index":"index","follow":"follow","max-snippet":"max-snippet:-1","max-image-preview":"max-image-preview:large","max-video-preview":"max-video-preview:-1"},"canonical":"https:\/\/www.gsfleet.io\/no\/support\/avbestilling\/","og_locale":"nb_NO","og_type":"article","og_title":"Avbestilling","og_description":"Avbestilling","og_url":"https:\/\/www.gsfleet.io\/no\/support\/avbestilling\/","og_site_name":"GSFleet","article_modified_time":"2026-01-20T10:23:49+00:00","og_image":[{"width":1240,"height":827,"url":"https:\/\/www.gsfleet.io\/wp-content\/uploads\/AdobeStock_452354262_new.jpg","type":"image\/jpeg"}],"twitter_card":"summary_large_image","twitter_misc":{"Ansl. lesetid":"1 minutt"},"schema":{"@context":"https:\/\/schema.org","@graph":[{"@type":"WebPage","@id":"https:\/\/www.gsfleet.io\/no\/support\/avbestilling\/","url":"https:\/\/www.gsfleet.io\/no\/support\/avbestilling\/","name":"Avbestilling - GSFleet","isPartOf":{"@id":"https:\/\/www.gsfleet.io\/no\/#website"},"datePublished":"2023-11-15T07:43:48+00:00","dateModified":"2026-01-20T10:23:49+00:00","breadcrumb":{"@id":"https:\/\/www.gsfleet.io\/no\/support\/avbestilling\/#breadcrumb"},"inLanguage":"nb-NO","potentialAction":[{"@type":"ReadAction","target":["https:\/\/www.gsfleet.io\/no\/support\/avbestilling\/"]}]},{"@type":"BreadcrumbList","@id":"https:\/\/www.gsfleet.io\/no\/support\/avbestilling\/#breadcrumb","itemListElement":[{"@type":"ListItem","position":1,"name":"Home","item":"https:\/\/www.gsfleet.io\/no\/"},{"@type":"ListItem","position":2,"name":"Support","item":"https:\/\/www.gsfleet.io\/no\/support\/"},{"@type":"ListItem","position":3,"name":"Avbestilling"}]},{"@type":"WebSite","@id":"https:\/\/www.gsfleet.io\/no\/#website","url":"https:\/\/www.gsfleet.io\/no\/","name":"GSFleet","description":"","publisher":{"@id":"https:\/\/www.gsfleet.io\/no\/#organization"},"potentialAction":[{"@type":"SearchAction","target":{"@type":"EntryPoint","urlTemplate":"https:\/\/www.gsfleet.io\/no\/?s={search_term_string}"},"query-input":{"@type":"PropertyValueSpecification","valueRequired":true,"valueName":"search_term_string"}}],"inLanguage":"nb-NO"},{"@type":"Organization","@id":"https:\/\/www.gsfleet.io\/no\/#organization","name":"GSFleet","url":"https:\/\/www.gsfleet.io\/no\/","logo":{"@type":"ImageObject","inLanguage":"nb-NO","@id":"https:\/\/www.gsfleet.io\/no\/#\/schema\/logo\/image\/","url":"https:\/\/www.gsfleet.io\/wp-content\/uploads\/GSFleet-Logo-1.svg","contentUrl":"https:\/\/www.gsfleet.io\/wp-content\/uploads\/GSFleet-Logo-1.svg","width":130,"height":25,"caption":"GSFleet"},"image":{"@id":"https:\/\/www.gsfleet.io\/no\/#\/schema\/logo\/image\/"}}]}},"_links":{"self":[{"href":"https:\/\/www.gsfleet.io\/no\/wp-json\/wp\/v2\/pages\/6781","targetHints":{"allow":["GET"]}}],"collection":[{"href":"https:\/\/www.gsfleet.io\/no\/wp-json\/wp\/v2\/pages"}],"about":[{"href":"https:\/\/www.gsfleet.io\/no\/wp-json\/wp\/v2\/types\/page"}],"author":[{"embeddable":true,"href":"https:\/\/www.gsfleet.io\/no\/wp-json\/wp\/v2\/users\/2"}],"replies":[{"embeddable":true,"href":"https:\/\/www.gsfleet.io\/no\/wp-json\/wp\/v2\/comments?post=6781"}],"version-history":[{"count":13,"href":"https:\/\/www.gsfleet.io\/no\/wp-json\/wp\/v2\/pages\/6781\/revisions"}],"predecessor-version":[{"id":21245,"href":"https:\/\/www.gsfleet.io\/no\/wp-json\/wp\/v2\/pages\/6781\/revisions\/21245"}],"up":[{"embeddable":true,"href":"https:\/\/www.gsfleet.io\/no\/wp-json\/wp\/v2\/pages\/10599"}],"wp:attachment":[{"href":"https:\/\/www.gsfleet.io\/no\/wp-json\/wp\/v2\/media?parent=6781"}],"curies":[{"name":"wp","href":"https:\/\/api.w.org\/{rel}","templated":true}]}}