{"id":8383,"date":"2024-03-15T09:51:00","date_gmt":"2024-03-15T08:51:00","guid":{"rendered":"https:\/\/gsgroup.danspot.dk\/?page_id=8383"},"modified":"2026-01-07T12:40:26","modified_gmt":"2026-01-07T11:40:26","slug":"drive-safe","status":"publish","type":"page","link":"https:\/\/www.gsfleet.io\/fi\/drive-safe\/","title":{"rendered":"Drive Safe"},"content":{"rendered":"\t\t<div data-elementor-type=\"wp-page\" data-elementor-id=\"8383\" class=\"elementor elementor-8383 elementor-8381\" data-elementor-post-type=\"page\">\n\t\t\t\t<div class=\"elementor-element elementor-element-d1ab2a6 e-con-full e-flex e-con e-parent\" data-id=\"d1ab2a6\" data-element_type=\"container\" data-e-type=\"container\" data-settings=\"{&quot;background_background&quot;:&quot;video&quot;,&quot;background_video_link&quot;:&quot;https:\\\/\\\/www.gsfleet.io\\\/wp-content\\\/uploads\\\/AdobeStock_187837047_1.mp4&quot;}\">\n\t\t<div class=\"elementor-background-video-container elementor-hidden-mobile\">\n\t\t\t\t\t\t\t<video class=\"elementor-background-video-hosted\" role=\"presentation\" autoplay muted playsinline loop><\/video>\n\t\t\t\t\t<\/div>\t\t<div class=\"elementor-element elementor-element-e2bd3e6 elementor-widget__width-initial elementor-widget elementor-widget-heading\" data-id=\"e2bd3e6\" data-element_type=\"widget\" data-e-type=\"widget\" data-widget_type=\"heading.default\">\n\t\t\t\t<div class=\"elementor-widget-container\">\n\t\t\t\t\t<h1 class=\"elementor-heading-title elementor-size-default\">Drive Safe<br>Somebody Loves You<\/h1>\t\t\t\t<\/div>\n\t\t\t\t<\/div>\n\t\t\t\t<div class=\"elementor-element elementor-element-cab0a74 elementor-align-center elementor-widget elementor-widget-button\" data-id=\"cab0a74\" data-element_type=\"widget\" data-e-type=\"widget\" data-widget_type=\"button.default\">\n\t\t\t\t<div class=\"elementor-widget-container\">\n\t\t\t\t\t\t\t\t\t<div class=\"elementor-button-wrapper\">\n\t\t\t\t\t<a class=\"elementor-button elementor-button-link elementor-size-sm\" href=\"https:\/\/www.gsfleet.io\/fi\/drive-safe\/tilaaminen\/\">\n\t\t\t\t\t\t<span class=\"elementor-button-content-wrapper\">\n\t\t\t\t\t\t\t\t\t<span class=\"elementor-button-text\">Tilaa ilmainen tarra<\/span>\n\t\t\t\t\t<\/span>\n\t\t\t\t\t<\/a>\n\t\t\t\t<\/div>\n\t\t\t\t\t\t\t\t<\/div>\n\t\t\t\t<\/div>\n\t\t\t\t<\/div>\n\t\t<div class=\"elementor-element elementor-element-492b51d e-flex e-con-boxed e-con e-parent\" data-id=\"492b51d\" data-element_type=\"container\" data-e-type=\"container\">\n\t\t\t\t\t<div class=\"e-con-inner\">\n\t\t\t\t<div class=\"elementor-element elementor-element-22b6cbf elementor-widget elementor-widget-heading\" data-id=\"22b6cbf\" data-element_type=\"widget\" data-e-type=\"widget\" data-widget_type=\"heading.default\">\n\t\t\t\t<div class=\"elementor-widget-container\">\n\t\t\t\t\t<h2 class=\"elementor-heading-title elementor-size-default\">Drive Safe, Somebody Loves You -hankkeella pyrimme <strong>vahvistamaan liikenneyhteis\u00f6\u00e4 ja v\u00e4hent\u00e4m\u00e4\u00e4n onnettomuuksia<\/strong> kannustamalla kuljettajia ajamaan varovasti ja turvallisesti.<\/h2>\t\t\t\t<\/div>\n\t\t\t\t<\/div>\n\t\t\t\t\t<\/div>\n\t\t\t\t<\/div>\n\t\t<div class=\"elementor-element elementor-element-9ce5d70 e-flex e-con-boxed e-con e-parent\" data-id=\"9ce5d70\" data-element_type=\"container\" data-e-type=\"container\">\n\t\t\t\t\t<div class=\"e-con-inner\">\n\t\t<div class=\"elementor-element elementor-element-cec9c09 e-con-full e-flex e-con e-child\" data-id=\"cec9c09\" data-element_type=\"container\" data-e-type=\"container\">\n\t\t\t\t<div class=\"elementor-element elementor-element-a393f3e elementor-widget elementor-widget-heading\" data-id=\"a393f3e\" data-element_type=\"widget\" data-e-type=\"widget\" data-widget_type=\"heading.default\">\n\t\t\t\t<div class=\"elementor-widget-container\">\n\t\t\t\t\t<h2 class=\"elementor-heading-title elementor-size-default\">Drive Safe, Somebody Loves You (DSSLY)<\/h2>\t\t\t\t<\/div>\n\t\t\t\t<\/div>\n\t\t\t\t<div class=\"elementor-element elementor-element-56f40a7 elementor-widget elementor-widget-text-editor\" data-id=\"56f40a7\" data-element_type=\"widget\" data-e-type=\"widget\" data-widget_type=\"text-editor.default\">\n\t\t\t\t<div class=\"elementor-widget-container\">\n\t\t\t\t\t\t\t\t\t<p><span style=\"font-weight: 400;\">Halusimme levitt\u00e4\u00e4 v\u00e4litt\u00e4mist\u00e4 ja my\u00f6t\u00e4tuntoa tien p\u00e4\u00e4ll\u00e4, joten l\u00e4hdimme etsim\u00e4\u00e4n ratkaisua, joka t\u00e4ydent\u00e4isi teknologista kehityst\u00e4 ja parantaisi liikenneturvallisuutta. Kehitimme yksinkertaisen mutta tehokkaan muistutuksen, jota voisimme alkaa levitt\u00e4\u00e4.<\/span><\/p><p><span style=\"font-weight: 400;\">Se on meid\u00e4n tapamme tuoda lis\u00e4\u00e4 inhimillisyytt\u00e4 keskusteluun liikenneturvallisuudesta \u2013 jokainen muistutus voi pelastaa ihmishenki\u00e4.<\/span><\/p>\t\t\t\t\t\t\t\t<\/div>\n\t\t\t\t<\/div>\n\t\t\t\t<div class=\"elementor-element elementor-element-0872f4e elementor-align-left elementor-widget elementor-widget-button\" data-id=\"0872f4e\" data-element_type=\"widget\" data-e-type=\"widget\" data-widget_type=\"button.default\">\n\t\t\t\t<div class=\"elementor-widget-container\">\n\t\t\t\t\t\t\t\t\t<div class=\"elementor-button-wrapper\">\n\t\t\t\t\t<a class=\"elementor-button elementor-button-link elementor-size-sm\" href=\"https:\/\/www.gsfleet.io\/fi\/drive-safe\/tilaaminen\/\">\n\t\t\t\t\t\t<span class=\"elementor-button-content-wrapper\">\n\t\t\t\t\t\t\t\t\t<span class=\"elementor-button-text\"> Tilaa tarra jo t\u00e4n\u00e4\u00e4n!<\/span>\n\t\t\t\t\t<\/span>\n\t\t\t\t\t<\/a>\n\t\t\t\t<\/div>\n\t\t\t\t\t\t\t\t<\/div>\n\t\t\t\t<\/div>\n\t\t\t\t<\/div>\n\t\t<div class=\"elementor-element elementor-element-e8368c3 e-con-full e-flex e-con e-child\" data-id=\"e8368c3\" data-element_type=\"container\" data-e-type=\"container\">\n\t\t\t\t<div class=\"elementor-element elementor-element-664b4db elementor-widget elementor-widget-image\" data-id=\"664b4db\" data-element_type=\"widget\" data-e-type=\"widget\" data-widget_type=\"image.default\">\n\t\t\t\t<div class=\"elementor-widget-container\">\n\t\t\t\t\t\t\t\t\t\t\t\t\t\t\t<img loading=\"lazy\" decoding=\"async\" width=\"768\" height=\"768\" src=\"https:\/\/www.gsfleet.io\/wp-content\/uploads\/sticker_grafik_gsfleet_DriveSafe-768x768.png\" class=\"attachment-medium_large size-medium_large wp-image-14550\" alt=\"Sticker FSFleet DriveSafe\" srcset=\"https:\/\/www.gsfleet.io\/wp-content\/uploads\/sticker_grafik_gsfleet_DriveSafe-768x768.png 768w, https:\/\/www.gsfleet.io\/wp-content\/uploads\/sticker_grafik_gsfleet_DriveSafe-300x300.png 300w, https:\/\/www.gsfleet.io\/wp-content\/uploads\/sticker_grafik_gsfleet_DriveSafe-1024x1024.png 1024w, https:\/\/www.gsfleet.io\/wp-content\/uploads\/sticker_grafik_gsfleet_DriveSafe-150x150.png 150w, https:\/\/www.gsfleet.io\/wp-content\/uploads\/sticker_grafik_gsfleet_DriveSafe-600x600.png 600w, https:\/\/www.gsfleet.io\/wp-content\/uploads\/sticker_grafik_gsfleet_DriveSafe-100x100.png 100w, https:\/\/www.gsfleet.io\/wp-content\/uploads\/sticker_grafik_gsfleet_DriveSafe.png 1500w\" sizes=\"auto, (max-width: 768px) 100vw, 768px\" \/>\t\t\t\t\t\t\t\t\t\t\t\t\t\t\t<\/div>\n\t\t\t\t<\/div>\n\t\t\t\t<\/div>\n\t\t\t\t\t<\/div>\n\t\t\t\t<\/div>\n\t\t<div class=\"elementor-element elementor-element-7682953 e-flex e-con-boxed e-con e-parent\" data-id=\"7682953\" data-element_type=\"container\" data-e-type=\"container\" data-settings=\"{&quot;background_background&quot;:&quot;classic&quot;}\">\n\t\t\t\t\t<div class=\"e-con-inner\">\n\t\t<div class=\"elementor-element elementor-element-745ecab e-con-full elementor-hidden-tablet elementor-hidden-mobile e-flex e-con e-child\" data-id=\"745ecab\" data-element_type=\"container\" data-e-type=\"container\">\n\t\t\t\t<div class=\"elementor-element elementor-element-19dba63 elementor-widget elementor-widget-image\" data-id=\"19dba63\" data-element_type=\"widget\" data-e-type=\"widget\" data-widget_type=\"image.default\">\n\t\t\t\t<div class=\"elementor-widget-container\">\n\t\t\t\t\t\t\t\t\t\t\t\t\t\t\t<img loading=\"lazy\" decoding=\"async\" width=\"588\" height=\"1126\" src=\"https:\/\/www.gsfleet.io\/wp-content\/uploads\/Skarmavbild-2024-01-31-kl.-15.55.57.png\" class=\"attachment-medium_large size-medium_large wp-image-6983\" alt=\"\" srcset=\"https:\/\/www.gsfleet.io\/wp-content\/uploads\/Skarmavbild-2024-01-31-kl.-15.55.57.png 588w, https:\/\/www.gsfleet.io\/wp-content\/uploads\/Skarmavbild-2024-01-31-kl.-15.55.57-157x300.png 157w, https:\/\/www.gsfleet.io\/wp-content\/uploads\/Skarmavbild-2024-01-31-kl.-15.55.57-535x1024.png 535w\" sizes=\"auto, (max-width: 588px) 100vw, 588px\" \/>\t\t\t\t\t\t\t\t\t\t\t\t\t\t\t<\/div>\n\t\t\t\t<\/div>\n\t\t\t\t<\/div>\n\t\t<div class=\"elementor-element elementor-element-9eae79e e-con-full e-flex e-con e-child\" data-id=\"9eae79e\" data-element_type=\"container\" data-e-type=\"container\">\n\t\t\t\t<div class=\"elementor-element elementor-element-2db01b5 elementor-widget elementor-widget-heading\" data-id=\"2db01b5\" data-element_type=\"widget\" data-e-type=\"widget\" data-widget_type=\"heading.default\">\n\t\t\t\t<div class=\"elementor-widget-container\">\n\t\t\t\t\t<h2 class=\"elementor-heading-title elementor-size-default\">Haluatko seurata meit\u00e4 ja saada tietoa uusimmista tuotteistamme?<\/h2>\t\t\t\t<\/div>\n\t\t\t\t<\/div>\n\t\t\t\t<div class=\"elementor-element elementor-element-323c910 elementor-widget elementor-widget-text-editor\" data-id=\"323c910\" data-element_type=\"widget\" data-e-type=\"widget\" data-widget_type=\"text-editor.default\">\n\t\t\t\t<div class=\"elementor-widget-container\">\n\t\t\t\t\t\t\t\t\tTilaa uutiskirjeemme. \nSaat uutisia ja tuotetietoa.\t\t\t\t\t\t\t\t<\/div>\n\t\t\t\t<\/div>\n\t\t\t\t<div class=\"elementor-element elementor-element-f7f05dd elementor-button-align-start elementor-widget elementor-widget-form\" data-id=\"f7f05dd\" data-element_type=\"widget\" data-e-type=\"widget\" data-settings=\"{&quot;step_next_label&quot;:&quot;Seuraava&quot;,&quot;step_previous_label&quot;:&quot;Edellinen&quot;,&quot;button_width&quot;:&quot;100&quot;,&quot;step_type&quot;:&quot;number_text&quot;,&quot;step_icon_shape&quot;:&quot;circle&quot;}\" data-widget_type=\"form.default\">\n\t\t\t\t<div class=\"elementor-widget-container\">\n\t\t\t\t\t\t\t<form class=\"elementor-form\" method=\"post\" name=\"Uusi lomake\" aria-label=\"Uusi lomake\">\n\t\t\t<input type=\"hidden\" name=\"post_id\" value=\"8383\"\/>\n\t\t\t<input type=\"hidden\" name=\"form_id\" value=\"f7f05dd\"\/>\n\t\t\t<input type=\"hidden\" name=\"referer_title\" value=\"Drive safe - GSFleet FI\" \/>\n\n\t\t\t\t\t\t\t<input type=\"hidden\" name=\"queried_id\" value=\"8383\"\/>\n\t\t\t\n\t\t\t<div class=\"elementor-form-fields-wrapper elementor-labels-above\">\n\t\t\t\t\t\t\t\t<div class=\"elementor-field-type-text elementor-field-group elementor-column elementor-field-group-name elementor-col-100\">\n\t\t\t\t\t\t\t\t\t\t\t\t<label for=\"form-field-name\" class=\"elementor-field-label\">\n\t\t\t\t\t\t\t\tNimi\t\t\t\t\t\t\t<\/label>\n\t\t\t\t\t\t\t\t\t\t\t\t\t\t<input size=\"1\" type=\"text\" name=\"form_fields[name]\" id=\"form-field-name\" class=\"elementor-field elementor-size-sm  elementor-field-textual\" placeholder=\"Nimi\">\n\t\t\t\t\t\t\t\t\t\t\t<\/div>\n\t\t\t\t\t\t\t\t<div class=\"elementor-field-type-email elementor-field-group elementor-column elementor-field-group-email elementor-col-100 elementor-field-required\">\n\t\t\t\t\t\t\t\t\t\t\t\t<label for=\"form-field-email\" class=\"elementor-field-label\">\n\t\t\t\t\t\t\t\tS\u00e4hk\u00f6posti\t\t\t\t\t\t\t<\/label>\n\t\t\t\t\t\t\t\t\t\t\t\t\t\t<input size=\"1\" type=\"email\" name=\"form_fields[email]\" id=\"form-field-email\" class=\"elementor-field elementor-size-sm  elementor-field-textual\" placeholder=\"S\u00e4hk\u00f6posti\" required=\"required\">\n\t\t\t\t\t\t\t\t\t\t\t<\/div>\n\t\t\t\t\t\t\t\t<div class=\"elementor-field-group elementor-column elementor-field-type-submit elementor-col-100 e-form__buttons\">\n\t\t\t\t\t<button class=\"elementor-button elementor-size-md\" type=\"submit\">\n\t\t\t\t\t\t<span class=\"elementor-button-content-wrapper\">\n\t\t\t\t\t\t\t\t\t\t\t\t\t\t\t\t\t\t\t\t\t\t<span class=\"elementor-button-text\">Rekister\u00f6idy nyt!<\/span>\n\t\t\t\t\t\t\t\t\t\t\t\t\t<\/span>\n\t\t\t\t\t<\/button>\n\t\t\t\t<\/div>\n\t\t\t<\/div>\n\t\t<\/form>\n\t\t\t\t\t\t<\/div>\n\t\t\t\t<\/div>\n\t\t\t\t<div class=\"elementor-element elementor-element-02bfd58 elementor-widget elementor-widget-text-editor\" data-id=\"02bfd58\" data-element_type=\"widget\" data-e-type=\"widget\" data-widget_type=\"text-editor.default\">\n\t\t\t\t<div class=\"elementor-widget-container\">\n\t\t\t\t\t\t\t\t\t<p>Vi delar aldrig din e-postadress med tredje part.<br>Du kan enkelt avregistrera dig n\u00e4r som helst. <\/p>\t\t\t\t\t\t\t\t<\/div>\n\t\t\t\t<\/div>\n\t\t\t\t<\/div>\n\t\t\t\t\t<\/div>\n\t\t\t\t<\/div>\n\t\t\t\t<\/div>\n\t\t","protected":false},"excerpt":{"rendered":"<p>Drive SafeSomebody Loves You Tilaa ilmainen tarra Drive Safe, Somebody Loves You -hankkeella pyrimme vahvistamaan liikenneyhteis\u00f6\u00e4 ja v\u00e4hent\u00e4m\u00e4\u00e4n onnettomuuksia kannustamalla kuljettajia ajamaan varovasti ja turvallisesti. Drive Safe, Somebody Loves You (DSSLY) Halusimme levitt\u00e4\u00e4 v\u00e4litt\u00e4mist\u00e4 ja my\u00f6t\u00e4tuntoa tien p\u00e4\u00e4ll\u00e4, joten l\u00e4hdimme etsim\u00e4\u00e4n ratkaisua, joka t\u00e4ydent\u00e4isi teknologista kehityst\u00e4 ja parantaisi liikenneturvallisuutta. Kehitimme yksinkertaisen mutta tehokkaan muistutuksen, jota [&hellip;]<\/p>\n","protected":false},"author":6,"featured_media":6852,"parent":0,"menu_order":0,"comment_status":"closed","ping_status":"closed","template":"","meta":{"_acf_changed":false,"footnotes":""},"class_list":["post-8383","page","type-page","status-publish","has-post-thumbnail","hentry"],"acf":[],"yoast_head":"<!-- This site is optimized with the Yoast SEO Premium plugin v27.5 (Yoast SEO v27.5) - https:\/\/yoast.com\/product\/yoast-seo-premium-wordpress\/ -->\n<title>Drive safe - GSFleet FI<\/title>\n<meta name=\"robots\" content=\"index, follow, max-snippet:-1, max-image-preview:large, max-video-preview:-1\" \/>\n<link rel=\"canonical\" href=\"https:\/\/www.gsfleet.io\/fi\/drive-safe\/\" \/>\n<meta property=\"og:locale\" content=\"fi_FI\" \/>\n<meta property=\"og:type\" content=\"article\" \/>\n<meta property=\"og:title\" content=\"Drive Safe\" \/>\n<meta property=\"og:description\" content=\"Drive SafeSomebody Loves You Tilaa ilmainen tarra Drive Safe, Somebody Loves You -hankkeella pyrimme vahvistamaan liikenneyhteis\u00f6\u00e4 ja v\u00e4hent\u00e4m\u00e4\u00e4n onnettomuuksia kannustamalla kuljettajia ajamaan varovasti ja turvallisesti. Drive Safe, Somebody Loves You (DSSLY) Halusimme levitt\u00e4\u00e4 v\u00e4litt\u00e4mist\u00e4 ja my\u00f6t\u00e4tuntoa tien p\u00e4\u00e4ll\u00e4, joten l\u00e4hdimme etsim\u00e4\u00e4n ratkaisua, joka t\u00e4ydent\u00e4isi teknologista kehityst\u00e4 ja parantaisi liikenneturvallisuutta. Kehitimme yksinkertaisen mutta tehokkaan muistutuksen, jota [&hellip;]\" \/>\n<meta property=\"og:url\" content=\"https:\/\/www.gsfleet.io\/fi\/drive-safe\/\" \/>\n<meta property=\"og:site_name\" content=\"GSFleet\" \/>\n<meta property=\"article:modified_time\" content=\"2026-01-07T11:40:26+00:00\" \/>\n<meta property=\"og:image\" content=\"https:\/\/www.gsfleet.io\/wp-content\/uploads\/AdobeStock_207111843.jpg\" \/>\n\t<meta property=\"og:image:width\" content=\"1920\" \/>\n\t<meta property=\"og:image:height\" content=\"1280\" \/>\n\t<meta property=\"og:image:type\" content=\"image\/jpeg\" \/>\n<meta name=\"twitter:card\" content=\"summary_large_image\" \/>\n<meta name=\"twitter:label1\" content=\"Arvioitu lukuaika\" \/>\n\t<meta name=\"twitter:data1\" content=\"1 minuutti\" \/>\n<script type=\"application\/ld+json\" class=\"yoast-schema-graph\">{\"@context\":\"https:\\\/\\\/schema.org\",\"@graph\":[{\"@type\":\"WebPage\",\"@id\":\"https:\\\/\\\/www.gsfleet.io\\\/fi\\\/drive-safe\\\/\",\"url\":\"https:\\\/\\\/www.gsfleet.io\\\/fi\\\/drive-safe\\\/\",\"name\":\"Drive safe - GSFleet FI\",\"isPartOf\":{\"@id\":\"https:\\\/\\\/www.gsfleet.io\\\/fi\\\/#website\"},\"primaryImageOfPage\":{\"@id\":\"https:\\\/\\\/www.gsfleet.io\\\/fi\\\/drive-safe\\\/#primaryimage\"},\"image\":{\"@id\":\"https:\\\/\\\/www.gsfleet.io\\\/fi\\\/drive-safe\\\/#primaryimage\"},\"thumbnailUrl\":\"https:\\\/\\\/www.gsfleet.io\\\/wp-content\\\/uploads\\\/AdobeStock_207111843.jpg\",\"datePublished\":\"2024-03-15T08:51:00+00:00\",\"dateModified\":\"2026-01-07T11:40:26+00:00\",\"breadcrumb\":{\"@id\":\"https:\\\/\\\/www.gsfleet.io\\\/fi\\\/drive-safe\\\/#breadcrumb\"},\"inLanguage\":\"fi\",\"potentialAction\":[{\"@type\":\"ReadAction\",\"target\":[\"https:\\\/\\\/www.gsfleet.io\\\/fi\\\/drive-safe\\\/\"]}]},{\"@type\":\"ImageObject\",\"inLanguage\":\"fi\",\"@id\":\"https:\\\/\\\/www.gsfleet.io\\\/fi\\\/drive-safe\\\/#primaryimage\",\"url\":\"https:\\\/\\\/www.gsfleet.io\\\/wp-content\\\/uploads\\\/AdobeStock_207111843.jpg\",\"contentUrl\":\"https:\\\/\\\/www.gsfleet.io\\\/wp-content\\\/uploads\\\/AdobeStock_207111843.jpg\",\"width\":1920,\"height\":1280},{\"@type\":\"BreadcrumbList\",\"@id\":\"https:\\\/\\\/www.gsfleet.io\\\/fi\\\/drive-safe\\\/#breadcrumb\",\"itemListElement\":[{\"@type\":\"ListItem\",\"position\":1,\"name\":\"Home\",\"item\":\"https:\\\/\\\/www.gsfleet.io\\\/fi\\\/\"},{\"@type\":\"ListItem\",\"position\":2,\"name\":\"Drive Safe\"}]},{\"@type\":\"WebSite\",\"@id\":\"https:\\\/\\\/www.gsfleet.io\\\/fi\\\/#website\",\"url\":\"https:\\\/\\\/www.gsfleet.io\\\/fi\\\/\",\"name\":\"GSFleet\",\"description\":\"\",\"publisher\":{\"@id\":\"https:\\\/\\\/www.gsfleet.io\\\/fi\\\/#organization\"},\"potentialAction\":[{\"@type\":\"SearchAction\",\"target\":{\"@type\":\"EntryPoint\",\"urlTemplate\":\"https:\\\/\\\/www.gsfleet.io\\\/fi\\\/?s={search_term_string}\"},\"query-input\":{\"@type\":\"PropertyValueSpecification\",\"valueRequired\":true,\"valueName\":\"search_term_string\"}}],\"inLanguage\":\"fi\"},{\"@type\":\"Organization\",\"@id\":\"https:\\\/\\\/www.gsfleet.io\\\/fi\\\/#organization\",\"name\":\"GSFleet\",\"url\":\"https:\\\/\\\/www.gsfleet.io\\\/fi\\\/\",\"logo\":{\"@type\":\"ImageObject\",\"inLanguage\":\"fi\",\"@id\":\"https:\\\/\\\/www.gsfleet.io\\\/fi\\\/#\\\/schema\\\/logo\\\/image\\\/\",\"url\":\"https:\\\/\\\/www.gsfleet.io\\\/wp-content\\\/uploads\\\/GSFleet-Logo-1.svg\",\"contentUrl\":\"https:\\\/\\\/www.gsfleet.io\\\/wp-content\\\/uploads\\\/GSFleet-Logo-1.svg\",\"width\":130,\"height\":25,\"caption\":\"GSFleet\"},\"image\":{\"@id\":\"https:\\\/\\\/www.gsfleet.io\\\/fi\\\/#\\\/schema\\\/logo\\\/image\\\/\"}}]}<\/script>\n<!-- \/ Yoast SEO Premium plugin. -->","yoast_head_json":{"title":"Drive safe - GSFleet FI","robots":{"index":"index","follow":"follow","max-snippet":"max-snippet:-1","max-image-preview":"max-image-preview:large","max-video-preview":"max-video-preview:-1"},"canonical":"https:\/\/www.gsfleet.io\/fi\/drive-safe\/","og_locale":"fi_FI","og_type":"article","og_title":"Drive Safe","og_description":"Drive SafeSomebody Loves You Tilaa ilmainen tarra Drive Safe, Somebody Loves You -hankkeella pyrimme vahvistamaan liikenneyhteis\u00f6\u00e4 ja v\u00e4hent\u00e4m\u00e4\u00e4n onnettomuuksia kannustamalla kuljettajia ajamaan varovasti ja turvallisesti. Drive Safe, Somebody Loves You (DSSLY) Halusimme levitt\u00e4\u00e4 v\u00e4litt\u00e4mist\u00e4 ja my\u00f6t\u00e4tuntoa tien p\u00e4\u00e4ll\u00e4, joten l\u00e4hdimme etsim\u00e4\u00e4n ratkaisua, joka t\u00e4ydent\u00e4isi teknologista kehityst\u00e4 ja parantaisi liikenneturvallisuutta. Kehitimme yksinkertaisen mutta tehokkaan muistutuksen, jota [&hellip;]","og_url":"https:\/\/www.gsfleet.io\/fi\/drive-safe\/","og_site_name":"GSFleet","article_modified_time":"2026-01-07T11:40:26+00:00","og_image":[{"width":1920,"height":1280,"url":"https:\/\/www.gsfleet.io\/wp-content\/uploads\/AdobeStock_207111843.jpg","type":"image\/jpeg"}],"twitter_card":"summary_large_image","twitter_misc":{"Arvioitu lukuaika":"1 minuutti"},"schema":{"@context":"https:\/\/schema.org","@graph":[{"@type":"WebPage","@id":"https:\/\/www.gsfleet.io\/fi\/drive-safe\/","url":"https:\/\/www.gsfleet.io\/fi\/drive-safe\/","name":"Drive safe - GSFleet FI","isPartOf":{"@id":"https:\/\/www.gsfleet.io\/fi\/#website"},"primaryImageOfPage":{"@id":"https:\/\/www.gsfleet.io\/fi\/drive-safe\/#primaryimage"},"image":{"@id":"https:\/\/www.gsfleet.io\/fi\/drive-safe\/#primaryimage"},"thumbnailUrl":"https:\/\/www.gsfleet.io\/wp-content\/uploads\/AdobeStock_207111843.jpg","datePublished":"2024-03-15T08:51:00+00:00","dateModified":"2026-01-07T11:40:26+00:00","breadcrumb":{"@id":"https:\/\/www.gsfleet.io\/fi\/drive-safe\/#breadcrumb"},"inLanguage":"fi","potentialAction":[{"@type":"ReadAction","target":["https:\/\/www.gsfleet.io\/fi\/drive-safe\/"]}]},{"@type":"ImageObject","inLanguage":"fi","@id":"https:\/\/www.gsfleet.io\/fi\/drive-safe\/#primaryimage","url":"https:\/\/www.gsfleet.io\/wp-content\/uploads\/AdobeStock_207111843.jpg","contentUrl":"https:\/\/www.gsfleet.io\/wp-content\/uploads\/AdobeStock_207111843.jpg","width":1920,"height":1280},{"@type":"BreadcrumbList","@id":"https:\/\/www.gsfleet.io\/fi\/drive-safe\/#breadcrumb","itemListElement":[{"@type":"ListItem","position":1,"name":"Home","item":"https:\/\/www.gsfleet.io\/fi\/"},{"@type":"ListItem","position":2,"name":"Drive Safe"}]},{"@type":"WebSite","@id":"https:\/\/www.gsfleet.io\/fi\/#website","url":"https:\/\/www.gsfleet.io\/fi\/","name":"GSFleet","description":"","publisher":{"@id":"https:\/\/www.gsfleet.io\/fi\/#organization"},"potentialAction":[{"@type":"SearchAction","target":{"@type":"EntryPoint","urlTemplate":"https:\/\/www.gsfleet.io\/fi\/?s={search_term_string}"},"query-input":{"@type":"PropertyValueSpecification","valueRequired":true,"valueName":"search_term_string"}}],"inLanguage":"fi"},{"@type":"Organization","@id":"https:\/\/www.gsfleet.io\/fi\/#organization","name":"GSFleet","url":"https:\/\/www.gsfleet.io\/fi\/","logo":{"@type":"ImageObject","inLanguage":"fi","@id":"https:\/\/www.gsfleet.io\/fi\/#\/schema\/logo\/image\/","url":"https:\/\/www.gsfleet.io\/wp-content\/uploads\/GSFleet-Logo-1.svg","contentUrl":"https:\/\/www.gsfleet.io\/wp-content\/uploads\/GSFleet-Logo-1.svg","width":130,"height":25,"caption":"GSFleet"},"image":{"@id":"https:\/\/www.gsfleet.io\/fi\/#\/schema\/logo\/image\/"}}]}},"_links":{"self":[{"href":"https:\/\/www.gsfleet.io\/fi\/wp-json\/wp\/v2\/pages\/8383","targetHints":{"allow":["GET"]}}],"collection":[{"href":"https:\/\/www.gsfleet.io\/fi\/wp-json\/wp\/v2\/pages"}],"about":[{"href":"https:\/\/www.gsfleet.io\/fi\/wp-json\/wp\/v2\/types\/page"}],"author":[{"embeddable":true,"href":"https:\/\/www.gsfleet.io\/fi\/wp-json\/wp\/v2\/users\/6"}],"replies":[{"embeddable":true,"href":"https:\/\/www.gsfleet.io\/fi\/wp-json\/wp\/v2\/comments?post=8383"}],"version-history":[{"count":16,"href":"https:\/\/www.gsfleet.io\/fi\/wp-json\/wp\/v2\/pages\/8383\/revisions"}],"predecessor-version":[{"id":21192,"href":"https:\/\/www.gsfleet.io\/fi\/wp-json\/wp\/v2\/pages\/8383\/revisions\/21192"}],"wp:featuredmedia":[{"embeddable":true,"href":"https:\/\/www.gsfleet.io\/fi\/wp-json\/wp\/v2\/media\/6852"}],"wp:attachment":[{"href":"https:\/\/www.gsfleet.io\/fi\/wp-json\/wp\/v2\/media?parent=8383"}],"curies":[{"name":"wp","href":"https:\/\/api.w.org\/{rel}","templated":true}]}}