{"id":7953,"date":"2024-01-22T07:54:38","date_gmt":"2024-01-22T06:54:38","guid":{"rendered":"https:\/\/gsgroup.danspot.dk\/tilausvahvistus\/"},"modified":"2024-06-30T14:17:05","modified_gmt":"2024-06-30T12:17:05","slug":"tilausvahvistus","status":"publish","type":"page","link":"https:\/\/www.gsfleet.io\/fi\/ratkaisumme\/seurantalaitteet\/tilausvahvistus\/","title":{"rendered":"tilausvahvistus"},"content":{"rendered":"\t\t<div data-elementor-type=\"wp-page\" data-elementor-id=\"7953\" class=\"elementor elementor-7953 elementor-4115\" data-elementor-post-type=\"page\">\n\t\t\t\t<div class=\"elementor-element elementor-element-6c62025 e-flex e-con-boxed e-con e-parent\" data-id=\"6c62025\" data-element_type=\"container\" data-e-type=\"container\">\n\t\t\t\t\t<div class=\"e-con-inner\">\n\t\t\t\t<div class=\"elementor-element elementor-element-aa1842c elementor-widget__width-initial elementor-widget elementor-widget-heading\" data-id=\"aa1842c\" data-element_type=\"widget\" data-e-type=\"widget\" data-widget_type=\"heading.default\">\n\t\t\t\t<div class=\"elementor-widget-container\">\n\t\t\t\t\t<h2 class=\"elementor-heading-title elementor-size-default\">Kiitos!<\/br>\nVahvistus on l\u00e4hetetty s\u00e4hk\u00f6postiisi<\/h2>\t\t\t\t<\/div>\n\t\t\t\t<\/div>\n\t\t\t\t<div class=\"elementor-element elementor-element-ec195ca elementor-widget elementor-widget-text-editor\" data-id=\"ec195ca\" data-element_type=\"widget\" data-e-type=\"widget\" data-widget_type=\"text-editor.default\">\n\t\t\t\t<div class=\"elementor-widget-container\">\n\t\t\t\t\t\t\t\t\t<p>Tilaa uutiskirjeemme, niin saat uusimmat tiedot MyFleetist\u00e4.<\/p>\n\t\t\t\t\t\t\t\t<\/div>\n\t\t\t\t<\/div>\n\t\t\t\t<div class=\"elementor-element elementor-element-428d0f9 elementor-widget__width-initial elementor-button-align-stretch elementor-widget elementor-widget-form\" data-id=\"428d0f9\" data-element_type=\"widget\" data-e-type=\"widget\" data-settings=\"{&quot;step_next_label&quot;:&quot;Seuraava&quot;,&quot;step_previous_label&quot;:&quot;Edellinen&quot;,&quot;button_width&quot;:&quot;50&quot;,&quot;step_type&quot;:&quot;number_text&quot;,&quot;step_icon_shape&quot;:&quot;circle&quot;}\" data-widget_type=\"form.default\">\n\t\t\t\t<div class=\"elementor-widget-container\">\n\t\t\t\t\t\t\t<form class=\"elementor-form\" method=\"post\" name=\"Rekister\u00f6ityminen - tilausvahvistussivulta\" aria-label=\"Rekister\u00f6ityminen - tilausvahvistussivulta\">\n\t\t\t<input type=\"hidden\" name=\"post_id\" value=\"7953\"\/>\n\t\t\t<input type=\"hidden\" name=\"form_id\" value=\"428d0f9\"\/>\n\t\t\t<input type=\"hidden\" name=\"referer_title\" value=\"tilausvahvistus - GSFleet\" \/>\n\n\t\t\t\t\t\t\t<input type=\"hidden\" name=\"queried_id\" value=\"7953\"\/>\n\t\t\t\n\t\t\t<div class=\"elementor-form-fields-wrapper elementor-labels-above\">\n\t\t\t\t\t\t\t\t<div class=\"elementor-field-type-email elementor-field-group elementor-column elementor-field-group-email elementor-col-100 elementor-field-required elementor-mark-required\">\n\t\t\t\t\t\t\t\t\t\t\t\t\t<input size=\"1\" type=\"email\" name=\"form_fields[email]\" id=\"form-field-email\" class=\"elementor-field elementor-size-md  elementor-field-textual\" placeholder=\"S\u00e4hk\u00f6postiosoite\" required=\"required\">\n\t\t\t\t\t\t\t\t\t\t\t<\/div>\n\t\t\t\t\t\t\t\t<div class=\"elementor-field-group elementor-column elementor-field-type-submit elementor-col-50 e-form__buttons\">\n\t\t\t\t\t<button class=\"elementor-button elementor-size-md\" type=\"submit\">\n\t\t\t\t\t\t<span class=\"elementor-button-content-wrapper\">\n\t\t\t\t\t\t\t\t\t\t\t\t\t\t\t\t\t\t\t\t\t\t<span class=\"elementor-button-text\">Ilmoittaudun mukaan!<\/span>\n\t\t\t\t\t\t\t\t\t\t\t\t\t<\/span>\n\t\t\t\t\t<\/button>\n\t\t\t\t<\/div>\n\t\t\t<\/div>\n\t\t<\/form>\n\t\t\t\t\t\t<\/div>\n\t\t\t\t<\/div>\n\t\t\t\t\t<\/div>\n\t\t\t\t<\/div>\n\t\t<div class=\"elementor-element elementor-element-01d58e9 e-flex e-con-boxed e-con e-parent\" data-id=\"01d58e9\" data-element_type=\"container\" data-e-type=\"container\">\n\t\t\t\t\t<div class=\"e-con-inner\">\n\t\t<div class=\"elementor-element elementor-element-a85baf8 e-flex e-con-boxed e-con e-child\" data-id=\"a85baf8\" data-element_type=\"container\" data-e-type=\"container\">\n\t\t\t\t\t<div class=\"e-con-inner\">\n\t\t\t\t<div class=\"elementor-element elementor-element-d941d45 elementor-widget elementor-widget-image\" data-id=\"d941d45\" data-element_type=\"widget\" data-e-type=\"widget\" data-widget_type=\"image.default\">\n\t\t\t\t<div class=\"elementor-widget-container\">\n\t\t\t\t\t\t\t\t\t\t\t\t\t\t\t<img loading=\"lazy\" decoding=\"async\" width=\"240\" height=\"44\" src=\"https:\/\/www.gsfleet.io\/wp-content\/uploads\/trygg-hansa-logo-sh.png\" class=\"attachment-large size-large wp-image-1601\" alt=\"\" \/>\t\t\t\t\t\t\t\t\t\t\t\t\t\t\t<\/div>\n\t\t\t\t<\/div>\n\t\t\t\t<div class=\"elementor-element elementor-element-6dbf5c3 elementor-widget elementor-widget-image\" data-id=\"6dbf5c3\" data-element_type=\"widget\" data-e-type=\"widget\" data-widget_type=\"image.default\">\n\t\t\t\t<div class=\"elementor-widget-container\">\n\t\t\t\t\t\t\t\t\t\t\t\t\t\t\t<img loading=\"lazy\" decoding=\"async\" width=\"157\" height=\"41\" src=\"https:\/\/www.gsfleet.io\/wp-content\/uploads\/servu-e1697016810490-sh.png\" class=\"attachment-large size-large wp-image-1600\" alt=\"\" \/>\t\t\t\t\t\t\t\t\t\t\t\t\t\t\t<\/div>\n\t\t\t\t<\/div>\n\t\t\t\t<div class=\"elementor-element elementor-element-bc7f041 elementor-widget elementor-widget-image\" data-id=\"bc7f041\" data-element_type=\"widget\" data-e-type=\"widget\" data-widget_type=\"image.default\">\n\t\t\t\t<div class=\"elementor-widget-container\">\n\t\t\t\t\t\t\t\t\t\t\t\t\t\t\t<img loading=\"lazy\" decoding=\"async\" width=\"240\" height=\"44\" src=\"https:\/\/www.gsfleet.io\/wp-content\/uploads\/trygg-hansa-logo-sh.png\" class=\"attachment-large size-large wp-image-1601\" alt=\"\" \/>\t\t\t\t\t\t\t\t\t\t\t\t\t\t\t<\/div>\n\t\t\t\t<\/div>\n\t\t\t\t<div class=\"elementor-element elementor-element-ac8a20f elementor-widget elementor-widget-image\" data-id=\"ac8a20f\" data-element_type=\"widget\" data-e-type=\"widget\" data-widget_type=\"image.default\">\n\t\t\t\t<div class=\"elementor-widget-container\">\n\t\t\t\t\t\t\t\t\t\t\t\t\t\t\t<img loading=\"lazy\" decoding=\"async\" width=\"157\" height=\"41\" src=\"https:\/\/www.gsfleet.io\/wp-content\/uploads\/servu-e1697016810490-sh.png\" class=\"attachment-large size-large wp-image-1600\" alt=\"\" \/>\t\t\t\t\t\t\t\t\t\t\t\t\t\t\t<\/div>\n\t\t\t\t<\/div>\n\t\t\t\t\t<\/div>\n\t\t\t\t<\/div>\n\t\t\t\t\t<\/div>\n\t\t\t\t<\/div>\n\t\t\t\t<\/div>\n\t\t","protected":false},"excerpt":{"rendered":"<p>Kiitos! Vahvistus on l\u00e4hetetty s\u00e4hk\u00f6postiisi Tilaa uutiskirjeemme, niin saat uusimmat tiedot MyFleetist\u00e4.<\/p>\n","protected":false},"author":2,"featured_media":0,"parent":7910,"menu_order":0,"comment_status":"closed","ping_status":"closed","template":"","meta":{"_acf_changed":false,"footnotes":""},"class_list":["post-7953","page","type-page","status-publish","hentry"],"acf":[],"yoast_head":"<!-- This site is optimized with the Yoast SEO Premium plugin v27.4 (Yoast SEO v27.5) - https:\/\/yoast.com\/product\/yoast-seo-premium-wordpress\/ -->\n<title>tilausvahvistus - GSFleet<\/title>\n<meta name=\"robots\" content=\"index, follow, max-snippet:-1, max-image-preview:large, max-video-preview:-1\" \/>\n<link rel=\"canonical\" href=\"https:\/\/www.gsfleet.io\/fi\/ratkaisumme\/seurantalaitteet\/tilausvahvistus\/\" \/>\n<meta property=\"og:locale\" content=\"fi_FI\" \/>\n<meta property=\"og:type\" content=\"article\" \/>\n<meta property=\"og:title\" content=\"tilausvahvistus\" \/>\n<meta property=\"og:description\" content=\"Kiitos! Vahvistus on l\u00e4hetetty s\u00e4hk\u00f6postiisi Tilaa uutiskirjeemme, niin saat uusimmat tiedot MyFleetist\u00e4.\" \/>\n<meta property=\"og:url\" content=\"https:\/\/www.gsfleet.io\/fi\/ratkaisumme\/seurantalaitteet\/tilausvahvistus\/\" \/>\n<meta property=\"og:site_name\" content=\"GSFleet\" \/>\n<meta property=\"article:modified_time\" content=\"2024-06-30T12:17:05+00:00\" \/>\n<meta property=\"og:image\" content=\"https:\/\/www.gsfleet.io\/wp-content\/uploads\/trygg-hansa-logo-sh.png\" \/>\n<meta name=\"twitter:card\" content=\"summary_large_image\" \/>\n<script type=\"application\/ld+json\" class=\"yoast-schema-graph\">{\"@context\":\"https:\\\/\\\/schema.org\",\"@graph\":[{\"@type\":\"WebPage\",\"@id\":\"https:\\\/\\\/www.gsfleet.io\\\/fi\\\/ratkaisumme\\\/seurantalaitteet\\\/tilausvahvistus\\\/\",\"url\":\"https:\\\/\\\/www.gsfleet.io\\\/fi\\\/ratkaisumme\\\/seurantalaitteet\\\/tilausvahvistus\\\/\",\"name\":\"tilausvahvistus - GSFleet\",\"isPartOf\":{\"@id\":\"https:\\\/\\\/www.gsfleet.io\\\/fi\\\/#website\"},\"primaryImageOfPage\":{\"@id\":\"https:\\\/\\\/www.gsfleet.io\\\/fi\\\/ratkaisumme\\\/seurantalaitteet\\\/tilausvahvistus\\\/#primaryimage\"},\"image\":{\"@id\":\"https:\\\/\\\/www.gsfleet.io\\\/fi\\\/ratkaisumme\\\/seurantalaitteet\\\/tilausvahvistus\\\/#primaryimage\"},\"thumbnailUrl\":\"https:\\\/\\\/www.gsfleet.io\\\/wp-content\\\/uploads\\\/trygg-hansa-logo-sh.png\",\"datePublished\":\"2024-01-22T06:54:38+00:00\",\"dateModified\":\"2024-06-30T12:17:05+00:00\",\"breadcrumb\":{\"@id\":\"https:\\\/\\\/www.gsfleet.io\\\/fi\\\/ratkaisumme\\\/seurantalaitteet\\\/tilausvahvistus\\\/#breadcrumb\"},\"inLanguage\":\"fi\",\"potentialAction\":[{\"@type\":\"ReadAction\",\"target\":[\"https:\\\/\\\/www.gsfleet.io\\\/fi\\\/ratkaisumme\\\/seurantalaitteet\\\/tilausvahvistus\\\/\"]}]},{\"@type\":\"ImageObject\",\"inLanguage\":\"fi\",\"@id\":\"https:\\\/\\\/www.gsfleet.io\\\/fi\\\/ratkaisumme\\\/seurantalaitteet\\\/tilausvahvistus\\\/#primaryimage\",\"url\":\"https:\\\/\\\/www.gsfleet.io\\\/wp-content\\\/uploads\\\/trygg-hansa-logo-sh.png\",\"contentUrl\":\"https:\\\/\\\/www.gsfleet.io\\\/wp-content\\\/uploads\\\/trygg-hansa-logo-sh.png\"},{\"@type\":\"BreadcrumbList\",\"@id\":\"https:\\\/\\\/www.gsfleet.io\\\/fi\\\/ratkaisumme\\\/seurantalaitteet\\\/tilausvahvistus\\\/#breadcrumb\",\"itemListElement\":[{\"@type\":\"ListItem\",\"position\":1,\"name\":\"Home\",\"item\":\"https:\\\/\\\/www.gsfleet.io\\\/fi\\\/\"},{\"@type\":\"ListItem\",\"position\":2,\"name\":\"Ratkaisumme\",\"item\":\"https:\\\/\\\/www.gsfleet.io\\\/fi\\\/vara-losningar\\\/\"},{\"@type\":\"ListItem\",\"position\":3,\"name\":\"Seurantalaitteet\",\"item\":\"https:\\\/\\\/www.gsfleet.io\\\/fi\\\/vara-losningar\\\/sparsandare\\\/\"},{\"@type\":\"ListItem\",\"position\":4,\"name\":\"tilausvahvistus\"}]},{\"@type\":\"WebSite\",\"@id\":\"https:\\\/\\\/www.gsfleet.io\\\/fi\\\/#website\",\"url\":\"https:\\\/\\\/www.gsfleet.io\\\/fi\\\/\",\"name\":\"GSFleet\",\"description\":\"\",\"publisher\":{\"@id\":\"https:\\\/\\\/www.gsfleet.io\\\/fi\\\/#organization\"},\"potentialAction\":[{\"@type\":\"SearchAction\",\"target\":{\"@type\":\"EntryPoint\",\"urlTemplate\":\"https:\\\/\\\/www.gsfleet.io\\\/fi\\\/?s={search_term_string}\"},\"query-input\":{\"@type\":\"PropertyValueSpecification\",\"valueRequired\":true,\"valueName\":\"search_term_string\"}}],\"inLanguage\":\"fi\"},{\"@type\":\"Organization\",\"@id\":\"https:\\\/\\\/www.gsfleet.io\\\/fi\\\/#organization\",\"name\":\"GSFleet\",\"url\":\"https:\\\/\\\/www.gsfleet.io\\\/fi\\\/\",\"logo\":{\"@type\":\"ImageObject\",\"inLanguage\":\"fi\",\"@id\":\"https:\\\/\\\/www.gsfleet.io\\\/fi\\\/#\\\/schema\\\/logo\\\/image\\\/\",\"url\":\"https:\\\/\\\/www.gsfleet.io\\\/wp-content\\\/uploads\\\/GSFleet-Logo-1.svg\",\"contentUrl\":\"https:\\\/\\\/www.gsfleet.io\\\/wp-content\\\/uploads\\\/GSFleet-Logo-1.svg\",\"width\":130,\"height\":25,\"caption\":\"GSFleet\"},\"image\":{\"@id\":\"https:\\\/\\\/www.gsfleet.io\\\/fi\\\/#\\\/schema\\\/logo\\\/image\\\/\"}}]}<\/script>\n<!-- \/ Yoast SEO Premium plugin. -->","yoast_head_json":{"title":"tilausvahvistus - GSFleet","robots":{"index":"index","follow":"follow","max-snippet":"max-snippet:-1","max-image-preview":"max-image-preview:large","max-video-preview":"max-video-preview:-1"},"canonical":"https:\/\/www.gsfleet.io\/fi\/ratkaisumme\/seurantalaitteet\/tilausvahvistus\/","og_locale":"fi_FI","og_type":"article","og_title":"tilausvahvistus","og_description":"Kiitos! Vahvistus on l\u00e4hetetty s\u00e4hk\u00f6postiisi Tilaa uutiskirjeemme, niin saat uusimmat tiedot MyFleetist\u00e4.","og_url":"https:\/\/www.gsfleet.io\/fi\/ratkaisumme\/seurantalaitteet\/tilausvahvistus\/","og_site_name":"GSFleet","article_modified_time":"2024-06-30T12:17:05+00:00","og_image":[{"url":"https:\/\/www.gsfleet.io\/wp-content\/uploads\/trygg-hansa-logo-sh.png","type":"","width":"","height":""}],"twitter_card":"summary_large_image","schema":{"@context":"https:\/\/schema.org","@graph":[{"@type":"WebPage","@id":"https:\/\/www.gsfleet.io\/fi\/ratkaisumme\/seurantalaitteet\/tilausvahvistus\/","url":"https:\/\/www.gsfleet.io\/fi\/ratkaisumme\/seurantalaitteet\/tilausvahvistus\/","name":"tilausvahvistus - GSFleet","isPartOf":{"@id":"https:\/\/www.gsfleet.io\/fi\/#website"},"primaryImageOfPage":{"@id":"https:\/\/www.gsfleet.io\/fi\/ratkaisumme\/seurantalaitteet\/tilausvahvistus\/#primaryimage"},"image":{"@id":"https:\/\/www.gsfleet.io\/fi\/ratkaisumme\/seurantalaitteet\/tilausvahvistus\/#primaryimage"},"thumbnailUrl":"https:\/\/www.gsfleet.io\/wp-content\/uploads\/trygg-hansa-logo-sh.png","datePublished":"2024-01-22T06:54:38+00:00","dateModified":"2024-06-30T12:17:05+00:00","breadcrumb":{"@id":"https:\/\/www.gsfleet.io\/fi\/ratkaisumme\/seurantalaitteet\/tilausvahvistus\/#breadcrumb"},"inLanguage":"fi","potentialAction":[{"@type":"ReadAction","target":["https:\/\/www.gsfleet.io\/fi\/ratkaisumme\/seurantalaitteet\/tilausvahvistus\/"]}]},{"@type":"ImageObject","inLanguage":"fi","@id":"https:\/\/www.gsfleet.io\/fi\/ratkaisumme\/seurantalaitteet\/tilausvahvistus\/#primaryimage","url":"https:\/\/www.gsfleet.io\/wp-content\/uploads\/trygg-hansa-logo-sh.png","contentUrl":"https:\/\/www.gsfleet.io\/wp-content\/uploads\/trygg-hansa-logo-sh.png"},{"@type":"BreadcrumbList","@id":"https:\/\/www.gsfleet.io\/fi\/ratkaisumme\/seurantalaitteet\/tilausvahvistus\/#breadcrumb","itemListElement":[{"@type":"ListItem","position":1,"name":"Home","item":"https:\/\/www.gsfleet.io\/fi\/"},{"@type":"ListItem","position":2,"name":"Ratkaisumme","item":"https:\/\/www.gsfleet.io\/fi\/vara-losningar\/"},{"@type":"ListItem","position":3,"name":"Seurantalaitteet","item":"https:\/\/www.gsfleet.io\/fi\/vara-losningar\/sparsandare\/"},{"@type":"ListItem","position":4,"name":"tilausvahvistus"}]},{"@type":"WebSite","@id":"https:\/\/www.gsfleet.io\/fi\/#website","url":"https:\/\/www.gsfleet.io\/fi\/","name":"GSFleet","description":"","publisher":{"@id":"https:\/\/www.gsfleet.io\/fi\/#organization"},"potentialAction":[{"@type":"SearchAction","target":{"@type":"EntryPoint","urlTemplate":"https:\/\/www.gsfleet.io\/fi\/?s={search_term_string}"},"query-input":{"@type":"PropertyValueSpecification","valueRequired":true,"valueName":"search_term_string"}}],"inLanguage":"fi"},{"@type":"Organization","@id":"https:\/\/www.gsfleet.io\/fi\/#organization","name":"GSFleet","url":"https:\/\/www.gsfleet.io\/fi\/","logo":{"@type":"ImageObject","inLanguage":"fi","@id":"https:\/\/www.gsfleet.io\/fi\/#\/schema\/logo\/image\/","url":"https:\/\/www.gsfleet.io\/wp-content\/uploads\/GSFleet-Logo-1.svg","contentUrl":"https:\/\/www.gsfleet.io\/wp-content\/uploads\/GSFleet-Logo-1.svg","width":130,"height":25,"caption":"GSFleet"},"image":{"@id":"https:\/\/www.gsfleet.io\/fi\/#\/schema\/logo\/image\/"}}]}},"_links":{"self":[{"href":"https:\/\/www.gsfleet.io\/fi\/wp-json\/wp\/v2\/pages\/7953","targetHints":{"allow":["GET"]}}],"collection":[{"href":"https:\/\/www.gsfleet.io\/fi\/wp-json\/wp\/v2\/pages"}],"about":[{"href":"https:\/\/www.gsfleet.io\/fi\/wp-json\/wp\/v2\/types\/page"}],"author":[{"embeddable":true,"href":"https:\/\/www.gsfleet.io\/fi\/wp-json\/wp\/v2\/users\/2"}],"replies":[{"embeddable":true,"href":"https:\/\/www.gsfleet.io\/fi\/wp-json\/wp\/v2\/comments?post=7953"}],"version-history":[{"count":6,"href":"https:\/\/www.gsfleet.io\/fi\/wp-json\/wp\/v2\/pages\/7953\/revisions"}],"predecessor-version":[{"id":15291,"href":"https:\/\/www.gsfleet.io\/fi\/wp-json\/wp\/v2\/pages\/7953\/revisions\/15291"}],"up":[{"embeddable":true,"href":"https:\/\/www.gsfleet.io\/fi\/wp-json\/wp\/v2\/pages\/7910"}],"wp:attachment":[{"href":"https:\/\/www.gsfleet.io\/fi\/wp-json\/wp\/v2\/media?parent=7953"}],"curies":[{"name":"wp","href":"https:\/\/api.w.org\/{rel}","templated":true}]}}