{"id":6834,"date":"2023-10-02T10:30:14","date_gmt":"2023-10-02T08:30:14","guid":{"rendered":"https:\/\/gsgroup.danspot.dk\/ryhdy-kumppaniksi\/"},"modified":"2026-04-21T14:12:42","modified_gmt":"2026-04-21T12:12:42","slug":"ryhdy-kumppaniksi","status":"publish","type":"page","link":"https:\/\/www.gsfleet.io\/fi\/kumppanit\/ryhdy-kumppaniksi\/","title":{"rendered":"Ryhdy kumppaniksi"},"content":{"rendered":"\t\t<div data-elementor-type=\"wp-page\" data-elementor-id=\"6834\" class=\"elementor elementor-6834 elementor-415\" data-elementor-post-type=\"page\">\n\t\t\t\t<div class=\"elementor-element elementor-element-49e7aa6 e-con-full e-flex e-con e-parent\" data-id=\"49e7aa6\" data-element_type=\"container\" data-e-type=\"container\" data-settings=\"{&quot;background_background&quot;:&quot;classic&quot;}\">\n\t\t\t\t<div class=\"elementor-element elementor-element-86441e2 elementor-widget__width-initial elementor-widget elementor-widget-heading\" data-id=\"86441e2\" data-element_type=\"widget\" data-e-type=\"widget\" data-widget_type=\"heading.default\">\n\t\t\t\t<div class=\"elementor-widget-container\">\n\t\t\t\t\t<h1 class=\"elementor-heading-title elementor-size-default\">Ryhdy kumppaniksi<\/h1>\t\t\t\t<\/div>\n\t\t\t\t<\/div>\n\t\t\t\t<\/div>\n\t\t<div class=\"elementor-element elementor-element-6c62025 e-flex e-con-boxed e-con e-parent\" data-id=\"6c62025\" data-element_type=\"container\" data-e-type=\"container\">\n\t\t\t\t\t<div class=\"e-con-inner\">\n\t\t\t\t<div class=\"elementor-element elementor-element-ec195ca elementor-widget elementor-widget-text-editor\" data-id=\"ec195ca\" data-element_type=\"widget\" data-e-type=\"widget\" data-widget_type=\"text-editor.default\">\n\t\t\t\t<div class=\"elementor-widget-container\">\n\t\t\t\t\t\t\t\t\t<p><strong>Mit\u00e4 GSFleetin kumppanuus tarkoittaa?<\/strong><\/p><p>Tarjoamme j\u00e4senillenne ja asiakkaillenne kokonaisvaltaisen ratkaisun, jonka avulla he voivat helposti n\u00e4hd\u00e4 ajoneuvonsa reaaliajassa, v\u00e4hent\u00e4\u00e4 polttoaine- ja k\u00e4ytt\u00f6kustannuksia, dokumentoida kaikki ajokilometrit, varmistaa huoltov\u00e4lit ja seurata ajoneuvoja ja esineit\u00e4 maailmanlaajuisesti varkaustapauksissa. <\/p><p>T\u00e4ysin riippumatta ajoneuvojen mallista tai merkist\u00e4.<\/p><p><strong>Mik\u00e4 tekee GSFleetist\u00e4 parhaan valinnan j\u00e4senillenne ja asiakkaillenne?<\/strong><\/p><p>Meill\u00e4 on yli 30 vuoden kokemus n\u00e4iden palvelujen tarjoamisesta asiakkaillemme ja kumppaneillemme, ja olemme ylpeit\u00e4 siit\u00e4, ett\u00e4 olemme saaneet olla tiettyjen kuljetusalan suurimpien toimijoiden ensisijainen kumppani jo monien vuosien ajan.<\/p><p>T\u00e4m\u00e4n kokemuksen ansiosta tied\u00e4mme, mit\u00e4 asiakkaamme haluavat ja miten voimme kehitt\u00e4\u00e4 pitk\u00e4aikaisia ja kannattavia ratkaisuja kumppaneillemme.<\/p><p><strong>Haluatko kuulla lis\u00e4\u00e4 siit\u00e4, miten voimme auttaa? T\u00e4yt\u00e4 alla oleva lomake, niin otamme yhteytt\u00e4! <\/strong><\/p>\t\t\t\t\t\t\t\t<\/div>\n\t\t\t\t<\/div>\n\t\t\t\t<div class=\"elementor-element elementor-element-ed1b01a elementor-widget elementor-widget-html\" data-id=\"ed1b01a\" data-element_type=\"widget\" data-e-type=\"widget\" data-widget_type=\"html.default\">\n\t\t\t\t<div class=\"elementor-widget-container\">\n\t\t\t\t\t<script src=\"https:\/\/js-eu1.hsforms.net\/forms\/embed\/145226144.js\" defer><\/script>\n<div class=\"hs-form-frame\" data-region=\"eu1\" data-form-id=\"f4db3fc8-6a42-479b-afe6-dcd3658c2cdd\" data-portal-id=\"145226144\"><\/div>\t\t\t\t<\/div>\n\t\t\t\t<\/div>\n\t\t\t\t\t<\/div>\n\t\t\t\t<\/div>\n\t\t\t\t<\/div>\n\t\t","protected":false},"excerpt":{"rendered":"<p>Ryhdy kumppaniksi Mit\u00e4 GSFleetin kumppanuus tarkoittaa? Tarjoamme j\u00e4senillenne ja asiakkaillenne kokonaisvaltaisen ratkaisun, jonka avulla he voivat helposti n\u00e4hd\u00e4 ajoneuvonsa reaaliajassa, v\u00e4hent\u00e4\u00e4 polttoaine- ja k\u00e4ytt\u00f6kustannuksia, dokumentoida kaikki ajokilometrit, varmistaa huoltov\u00e4lit ja seurata ajoneuvoja ja esineit\u00e4 maailmanlaajuisesti varkaustapauksissa. T\u00e4ysin riippumatta ajoneuvojen mallista tai merkist\u00e4. Mik\u00e4 tekee GSFleetist\u00e4 parhaan valinnan j\u00e4senillenne ja asiakkaillenne? Meill\u00e4 on yli 30 vuoden [&hellip;]<\/p>\n","protected":false},"author":2,"featured_media":6838,"parent":6886,"menu_order":0,"comment_status":"closed","ping_status":"closed","template":"","meta":{"_acf_changed":false,"footnotes":""},"class_list":["post-6834","page","type-page","status-publish","has-post-thumbnail","hentry"],"acf":[],"yoast_head":"<!-- This site is optimized with the Yoast SEO Premium plugin v27.4 (Yoast SEO v27.5) - https:\/\/yoast.com\/product\/yoast-seo-premium-wordpress\/ -->\n<title>Kumppaniksi - GSFleet<\/title>\n<meta name=\"description\" content=\"Ryhdy GSFleet kumppaniksi. Tarjoa asiakkaillesi kokonaisvaltaisia kalustonhallintaratkaisuja ja v\u00e4henn\u00e4 kustannuksia. Klikkaa t\u00e4st\u00e4 saadaksesi lis\u00e4tietoa!\" \/>\n<meta name=\"robots\" content=\"index, follow, max-snippet:-1, max-image-preview:large, max-video-preview:-1\" \/>\n<link rel=\"canonical\" href=\"https:\/\/www.gsfleet.io\/fi\/kumppanit\/ryhdy-kumppaniksi\/\" \/>\n<meta property=\"og:locale\" content=\"fi_FI\" \/>\n<meta property=\"og:type\" content=\"article\" \/>\n<meta property=\"og:title\" content=\"Ryhdy kumppaniksi\" \/>\n<meta property=\"og:description\" content=\"Ryhdy GSFleet kumppaniksi. Tarjoa asiakkaillesi kokonaisvaltaisia kalustonhallintaratkaisuja ja v\u00e4henn\u00e4 kustannuksia. Klikkaa t\u00e4st\u00e4 saadaksesi lis\u00e4tietoa!\" \/>\n<meta property=\"og:url\" content=\"https:\/\/www.gsfleet.io\/fi\/kumppanit\/ryhdy-kumppaniksi\/\" \/>\n<meta property=\"og:site_name\" content=\"GSFleet\" \/>\n<meta property=\"article:modified_time\" content=\"2026-04-21T12:12:42+00:00\" \/>\n<meta property=\"og:image\" content=\"https:\/\/www.gsfleet.io\/wp-content\/uploads\/AdobeStock_386502382-1.jpg\" \/>\n\t<meta property=\"og:image:width\" content=\"1920\" \/>\n\t<meta property=\"og:image:height\" content=\"1279\" \/>\n\t<meta property=\"og:image:type\" content=\"image\/jpeg\" \/>\n<meta name=\"twitter:card\" content=\"summary_large_image\" \/>\n<meta name=\"twitter:label1\" content=\"Arvioitu lukuaika\" \/>\n\t<meta name=\"twitter:data1\" content=\"1 minuutti\" \/>\n<script type=\"application\/ld+json\" class=\"yoast-schema-graph\">{\"@context\":\"https:\\\/\\\/schema.org\",\"@graph\":[{\"@type\":\"WebPage\",\"@id\":\"https:\\\/\\\/www.gsfleet.io\\\/fi\\\/kumppanit\\\/ryhdy-kumppaniksi\\\/\",\"url\":\"https:\\\/\\\/www.gsfleet.io\\\/fi\\\/kumppanit\\\/ryhdy-kumppaniksi\\\/\",\"name\":\"Kumppaniksi - GSFleet\",\"isPartOf\":{\"@id\":\"https:\\\/\\\/www.gsfleet.io\\\/fi\\\/#website\"},\"primaryImageOfPage\":{\"@id\":\"https:\\\/\\\/www.gsfleet.io\\\/fi\\\/kumppanit\\\/ryhdy-kumppaniksi\\\/#primaryimage\"},\"image\":{\"@id\":\"https:\\\/\\\/www.gsfleet.io\\\/fi\\\/kumppanit\\\/ryhdy-kumppaniksi\\\/#primaryimage\"},\"thumbnailUrl\":\"https:\\\/\\\/www.gsfleet.io\\\/wp-content\\\/uploads\\\/AdobeStock_386502382-1.jpg\",\"datePublished\":\"2023-10-02T08:30:14+00:00\",\"dateModified\":\"2026-04-21T12:12:42+00:00\",\"description\":\"Ryhdy GSFleet kumppaniksi. Tarjoa asiakkaillesi kokonaisvaltaisia kalustonhallintaratkaisuja ja v\u00e4henn\u00e4 kustannuksia. Klikkaa t\u00e4st\u00e4 saadaksesi lis\u00e4tietoa!\",\"breadcrumb\":{\"@id\":\"https:\\\/\\\/www.gsfleet.io\\\/fi\\\/kumppanit\\\/ryhdy-kumppaniksi\\\/#breadcrumb\"},\"inLanguage\":\"fi\",\"potentialAction\":[{\"@type\":\"ReadAction\",\"target\":[\"https:\\\/\\\/www.gsfleet.io\\\/fi\\\/kumppanit\\\/ryhdy-kumppaniksi\\\/\"]}]},{\"@type\":\"ImageObject\",\"inLanguage\":\"fi\",\"@id\":\"https:\\\/\\\/www.gsfleet.io\\\/fi\\\/kumppanit\\\/ryhdy-kumppaniksi\\\/#primaryimage\",\"url\":\"https:\\\/\\\/www.gsfleet.io\\\/wp-content\\\/uploads\\\/AdobeStock_386502382-1.jpg\",\"contentUrl\":\"https:\\\/\\\/www.gsfleet.io\\\/wp-content\\\/uploads\\\/AdobeStock_386502382-1.jpg\",\"width\":1920,\"height\":1279},{\"@type\":\"BreadcrumbList\",\"@id\":\"https:\\\/\\\/www.gsfleet.io\\\/fi\\\/kumppanit\\\/ryhdy-kumppaniksi\\\/#breadcrumb\",\"itemListElement\":[{\"@type\":\"ListItem\",\"position\":1,\"name\":\"Home\",\"item\":\"https:\\\/\\\/www.gsfleet.io\\\/fi\\\/\"},{\"@type\":\"ListItem\",\"position\":2,\"name\":\"Kumppanit\",\"item\":\"https:\\\/\\\/www.gsfleet.io\\\/fi\\\/kumppanit\\\/\"},{\"@type\":\"ListItem\",\"position\":3,\"name\":\"Ryhdy kumppaniksi\"}]},{\"@type\":\"WebSite\",\"@id\":\"https:\\\/\\\/www.gsfleet.io\\\/fi\\\/#website\",\"url\":\"https:\\\/\\\/www.gsfleet.io\\\/fi\\\/\",\"name\":\"GSFleet\",\"description\":\"\",\"publisher\":{\"@id\":\"https:\\\/\\\/www.gsfleet.io\\\/fi\\\/#organization\"},\"potentialAction\":[{\"@type\":\"SearchAction\",\"target\":{\"@type\":\"EntryPoint\",\"urlTemplate\":\"https:\\\/\\\/www.gsfleet.io\\\/fi\\\/?s={search_term_string}\"},\"query-input\":{\"@type\":\"PropertyValueSpecification\",\"valueRequired\":true,\"valueName\":\"search_term_string\"}}],\"inLanguage\":\"fi\"},{\"@type\":\"Organization\",\"@id\":\"https:\\\/\\\/www.gsfleet.io\\\/fi\\\/#organization\",\"name\":\"GSFleet\",\"url\":\"https:\\\/\\\/www.gsfleet.io\\\/fi\\\/\",\"logo\":{\"@type\":\"ImageObject\",\"inLanguage\":\"fi\",\"@id\":\"https:\\\/\\\/www.gsfleet.io\\\/fi\\\/#\\\/schema\\\/logo\\\/image\\\/\",\"url\":\"https:\\\/\\\/www.gsfleet.io\\\/wp-content\\\/uploads\\\/GSFleet-Logo-1.svg\",\"contentUrl\":\"https:\\\/\\\/www.gsfleet.io\\\/wp-content\\\/uploads\\\/GSFleet-Logo-1.svg\",\"width\":130,\"height\":25,\"caption\":\"GSFleet\"},\"image\":{\"@id\":\"https:\\\/\\\/www.gsfleet.io\\\/fi\\\/#\\\/schema\\\/logo\\\/image\\\/\"}}]}<\/script>\n<!-- \/ Yoast SEO Premium plugin. -->","yoast_head_json":{"title":"Kumppaniksi - GSFleet","description":"Ryhdy GSFleet kumppaniksi. Tarjoa asiakkaillesi kokonaisvaltaisia kalustonhallintaratkaisuja ja v\u00e4henn\u00e4 kustannuksia. Klikkaa t\u00e4st\u00e4 saadaksesi lis\u00e4tietoa!","robots":{"index":"index","follow":"follow","max-snippet":"max-snippet:-1","max-image-preview":"max-image-preview:large","max-video-preview":"max-video-preview:-1"},"canonical":"https:\/\/www.gsfleet.io\/fi\/kumppanit\/ryhdy-kumppaniksi\/","og_locale":"fi_FI","og_type":"article","og_title":"Ryhdy kumppaniksi","og_description":"Ryhdy GSFleet kumppaniksi. Tarjoa asiakkaillesi kokonaisvaltaisia kalustonhallintaratkaisuja ja v\u00e4henn\u00e4 kustannuksia. Klikkaa t\u00e4st\u00e4 saadaksesi lis\u00e4tietoa!","og_url":"https:\/\/www.gsfleet.io\/fi\/kumppanit\/ryhdy-kumppaniksi\/","og_site_name":"GSFleet","article_modified_time":"2026-04-21T12:12:42+00:00","og_image":[{"width":1920,"height":1279,"url":"https:\/\/www.gsfleet.io\/wp-content\/uploads\/AdobeStock_386502382-1.jpg","type":"image\/jpeg"}],"twitter_card":"summary_large_image","twitter_misc":{"Arvioitu lukuaika":"1 minuutti"},"schema":{"@context":"https:\/\/schema.org","@graph":[{"@type":"WebPage","@id":"https:\/\/www.gsfleet.io\/fi\/kumppanit\/ryhdy-kumppaniksi\/","url":"https:\/\/www.gsfleet.io\/fi\/kumppanit\/ryhdy-kumppaniksi\/","name":"Kumppaniksi - GSFleet","isPartOf":{"@id":"https:\/\/www.gsfleet.io\/fi\/#website"},"primaryImageOfPage":{"@id":"https:\/\/www.gsfleet.io\/fi\/kumppanit\/ryhdy-kumppaniksi\/#primaryimage"},"image":{"@id":"https:\/\/www.gsfleet.io\/fi\/kumppanit\/ryhdy-kumppaniksi\/#primaryimage"},"thumbnailUrl":"https:\/\/www.gsfleet.io\/wp-content\/uploads\/AdobeStock_386502382-1.jpg","datePublished":"2023-10-02T08:30:14+00:00","dateModified":"2026-04-21T12:12:42+00:00","description":"Ryhdy GSFleet kumppaniksi. Tarjoa asiakkaillesi kokonaisvaltaisia kalustonhallintaratkaisuja ja v\u00e4henn\u00e4 kustannuksia. Klikkaa t\u00e4st\u00e4 saadaksesi lis\u00e4tietoa!","breadcrumb":{"@id":"https:\/\/www.gsfleet.io\/fi\/kumppanit\/ryhdy-kumppaniksi\/#breadcrumb"},"inLanguage":"fi","potentialAction":[{"@type":"ReadAction","target":["https:\/\/www.gsfleet.io\/fi\/kumppanit\/ryhdy-kumppaniksi\/"]}]},{"@type":"ImageObject","inLanguage":"fi","@id":"https:\/\/www.gsfleet.io\/fi\/kumppanit\/ryhdy-kumppaniksi\/#primaryimage","url":"https:\/\/www.gsfleet.io\/wp-content\/uploads\/AdobeStock_386502382-1.jpg","contentUrl":"https:\/\/www.gsfleet.io\/wp-content\/uploads\/AdobeStock_386502382-1.jpg","width":1920,"height":1279},{"@type":"BreadcrumbList","@id":"https:\/\/www.gsfleet.io\/fi\/kumppanit\/ryhdy-kumppaniksi\/#breadcrumb","itemListElement":[{"@type":"ListItem","position":1,"name":"Home","item":"https:\/\/www.gsfleet.io\/fi\/"},{"@type":"ListItem","position":2,"name":"Kumppanit","item":"https:\/\/www.gsfleet.io\/fi\/kumppanit\/"},{"@type":"ListItem","position":3,"name":"Ryhdy kumppaniksi"}]},{"@type":"WebSite","@id":"https:\/\/www.gsfleet.io\/fi\/#website","url":"https:\/\/www.gsfleet.io\/fi\/","name":"GSFleet","description":"","publisher":{"@id":"https:\/\/www.gsfleet.io\/fi\/#organization"},"potentialAction":[{"@type":"SearchAction","target":{"@type":"EntryPoint","urlTemplate":"https:\/\/www.gsfleet.io\/fi\/?s={search_term_string}"},"query-input":{"@type":"PropertyValueSpecification","valueRequired":true,"valueName":"search_term_string"}}],"inLanguage":"fi"},{"@type":"Organization","@id":"https:\/\/www.gsfleet.io\/fi\/#organization","name":"GSFleet","url":"https:\/\/www.gsfleet.io\/fi\/","logo":{"@type":"ImageObject","inLanguage":"fi","@id":"https:\/\/www.gsfleet.io\/fi\/#\/schema\/logo\/image\/","url":"https:\/\/www.gsfleet.io\/wp-content\/uploads\/GSFleet-Logo-1.svg","contentUrl":"https:\/\/www.gsfleet.io\/wp-content\/uploads\/GSFleet-Logo-1.svg","width":130,"height":25,"caption":"GSFleet"},"image":{"@id":"https:\/\/www.gsfleet.io\/fi\/#\/schema\/logo\/image\/"}}]}},"_links":{"self":[{"href":"https:\/\/www.gsfleet.io\/fi\/wp-json\/wp\/v2\/pages\/6834","targetHints":{"allow":["GET"]}}],"collection":[{"href":"https:\/\/www.gsfleet.io\/fi\/wp-json\/wp\/v2\/pages"}],"about":[{"href":"https:\/\/www.gsfleet.io\/fi\/wp-json\/wp\/v2\/types\/page"}],"author":[{"embeddable":true,"href":"https:\/\/www.gsfleet.io\/fi\/wp-json\/wp\/v2\/users\/2"}],"replies":[{"embeddable":true,"href":"https:\/\/www.gsfleet.io\/fi\/wp-json\/wp\/v2\/comments?post=6834"}],"version-history":[{"count":11,"href":"https:\/\/www.gsfleet.io\/fi\/wp-json\/wp\/v2\/pages\/6834\/revisions"}],"predecessor-version":[{"id":22470,"href":"https:\/\/www.gsfleet.io\/fi\/wp-json\/wp\/v2\/pages\/6834\/revisions\/22470"}],"up":[{"embeddable":true,"href":"https:\/\/www.gsfleet.io\/fi\/wp-json\/wp\/v2\/pages\/6886"}],"wp:featuredmedia":[{"embeddable":true,"href":"https:\/\/www.gsfleet.io\/fi\/wp-json\/wp\/v2\/media\/6838"}],"wp:attachment":[{"href":"https:\/\/www.gsfleet.io\/fi\/wp-json\/wp\/v2\/media?parent=6834"}],"curies":[{"name":"wp","href":"https:\/\/api.w.org\/{rel}","templated":true}]}}