{"id":6774,"date":"2024-01-05T11:36:24","date_gmt":"2024-01-05T10:36:24","guid":{"rendered":"https:\/\/gsgroup.danspot.dk\/contact-retailers\/"},"modified":"2026-02-02T10:09:39","modified_gmt":"2026-02-02T09:09:39","slug":"ota-yhteytta-myyjaan","status":"publish","type":"page","link":"https:\/\/www.gsfleet.io\/fi\/ota-yhteytta-myyjaan\/","title":{"rendered":"Ota yhteytt\u00e4 myyj\u00e4\u00e4n"},"content":{"rendered":"\t\t<div data-elementor-type=\"wp-page\" data-elementor-id=\"6774\" class=\"elementor elementor-6774 elementor-2983\" data-elementor-post-type=\"page\">\n\t\t\t\t<div class=\"elementor-element elementor-element-ce336c8 e-flex e-con-boxed e-con e-parent\" data-id=\"ce336c8\" data-element_type=\"container\" data-e-type=\"container\">\n\t\t\t\t\t<div class=\"e-con-inner\">\n\t\t\t\t<div class=\"elementor-element elementor-element-1545a1b elementor-widget elementor-widget-heading\" data-id=\"1545a1b\" data-element_type=\"widget\" data-e-type=\"widget\" data-widget_type=\"heading.default\">\n\t\t\t\t<div class=\"elementor-widget-container\">\n\t\t\t\t\t<h1 class=\"elementor-heading-title elementor-size-default\">Ota yhteytt\u00e4 myyj\u00e4\u00e4n<\/h1>\t\t\t\t<\/div>\n\t\t\t\t<\/div>\n\t\t\t\t\t<\/div>\n\t\t\t\t<\/div>\n\t\t<div class=\"elementor-element elementor-element-466af6e e-flex e-con-boxed e-con e-parent\" data-id=\"466af6e\" data-element_type=\"container\" data-e-type=\"container\">\n\t\t\t\t\t<div class=\"e-con-inner\">\n\t\t<div class=\"elementor-element elementor-element-b5f25c0 e-con-full e-flex e-con e-child\" data-id=\"b5f25c0\" data-element_type=\"container\" data-e-type=\"container\">\n\t\t<div class=\"elementor-element elementor-element-b733240 e-con-full e-flex e-con e-child\" data-id=\"b733240\" data-element_type=\"container\" data-e-type=\"container\">\n\t\t\t\t<div class=\"elementor-element elementor-element-131c670 elementor-widget elementor-widget-image\" data-id=\"131c670\" data-element_type=\"widget\" data-e-type=\"widget\" data-widget_type=\"image.default\">\n\t\t\t\t<div class=\"elementor-widget-container\">\n\t\t\t\t\t\t\t\t\t\t\t\t\t\t\t<img loading=\"lazy\" decoding=\"async\" width=\"800\" height=\"800\" src=\"https:\/\/www.gsfleet.io\/wp-content\/uploads\/Tiia-Kaukolampi-GSGroup-Finland.jpg\" class=\"attachment-large size-large wp-image-6775\" alt=\"Tiia Kaukolampi\" srcset=\"https:\/\/www.gsfleet.io\/wp-content\/uploads\/Tiia-Kaukolampi-GSGroup-Finland.jpg 800w, https:\/\/www.gsfleet.io\/wp-content\/uploads\/Tiia-Kaukolampi-GSGroup-Finland-300x300.jpg 300w, https:\/\/www.gsfleet.io\/wp-content\/uploads\/Tiia-Kaukolampi-GSGroup-Finland-100x100.jpg 100w, https:\/\/www.gsfleet.io\/wp-content\/uploads\/Tiia-Kaukolampi-GSGroup-Finland-600x600.jpg 600w, https:\/\/www.gsfleet.io\/wp-content\/uploads\/Tiia-Kaukolampi-GSGroup-Finland-150x150.jpg 150w, https:\/\/www.gsfleet.io\/wp-content\/uploads\/Tiia-Kaukolampi-GSGroup-Finland-768x768.jpg 768w\" sizes=\"auto, (max-width: 800px) 100vw, 800px\" \/>\t\t\t\t\t\t\t\t\t\t\t\t\t\t\t<\/div>\n\t\t\t\t<\/div>\n\t\t\t\t<div class=\"elementor-element elementor-element-f881277 elementor-widget elementor-widget-heading\" data-id=\"f881277\" data-element_type=\"widget\" data-e-type=\"widget\" data-widget_type=\"heading.default\">\n\t\t\t\t<div class=\"elementor-widget-container\">\n\t\t\t\t\t<p class=\"elementor-heading-title elementor-size-default\">Tiia Kaukolampi<\/p>\t\t\t\t<\/div>\n\t\t\t\t<\/div>\n\t\t\t\t<div class=\"elementor-element elementor-element-9f66132 elementor-widget elementor-widget-heading\" data-id=\"9f66132\" data-element_type=\"widget\" data-e-type=\"widget\" data-widget_type=\"heading.default\">\n\t\t\t\t<div class=\"elementor-widget-container\">\n\t\t\t\t\t<p class=\"elementor-heading-title elementor-size-default\">Head of Sales<\/p>\t\t\t\t<\/div>\n\t\t\t\t<\/div>\n\t\t\t\t<div class=\"elementor-element elementor-element-74fcb42 elementor-widget elementor-widget-text-editor\" data-id=\"74fcb42\" data-element_type=\"widget\" data-e-type=\"widget\" data-widget_type=\"text-editor.default\">\n\t\t\t\t<div class=\"elementor-widget-container\">\n\t\t\t\t\t\t\t\t\t<p>040 552 7005<br \/><a href=\"mailto:tiia.kaukolampi@gsgroupfinland.fi\">tiia.kaukolampi@gsfleet.io<\/a><\/p>\t\t\t\t\t\t\t\t<\/div>\n\t\t\t\t<\/div>\n\t\t\t\t<\/div>\n\t\t<div class=\"elementor-element elementor-element-3235ff6 e-con-full e-flex e-con e-child\" data-id=\"3235ff6\" data-element_type=\"container\" data-e-type=\"container\">\n\t\t\t\t<div class=\"elementor-element elementor-element-d5d200d elementor-widget elementor-widget-image\" data-id=\"d5d200d\" data-element_type=\"widget\" data-e-type=\"widget\" data-widget_type=\"image.default\">\n\t\t\t\t<div class=\"elementor-widget-container\">\n\t\t\t\t\t\t\t\t\t\t\t\t\t\t\t<img loading=\"lazy\" decoding=\"async\" width=\"800\" height=\"800\" src=\"https:\/\/www.gsfleet.io\/wp-content\/uploads\/Samuli-Heiska-GSGroup-Finland.jpg\" class=\"attachment-large size-large wp-image-8259\" alt=\"Samuli Heiska GSGroup Finland\" srcset=\"https:\/\/www.gsfleet.io\/wp-content\/uploads\/Samuli-Heiska-GSGroup-Finland.jpg 800w, https:\/\/www.gsfleet.io\/wp-content\/uploads\/Samuli-Heiska-GSGroup-Finland-300x300.jpg 300w, https:\/\/www.gsfleet.io\/wp-content\/uploads\/Samuli-Heiska-GSGroup-Finland-100x100.jpg 100w, https:\/\/www.gsfleet.io\/wp-content\/uploads\/Samuli-Heiska-GSGroup-Finland-600x600.jpg 600w, https:\/\/www.gsfleet.io\/wp-content\/uploads\/Samuli-Heiska-GSGroup-Finland-150x150.jpg 150w, https:\/\/www.gsfleet.io\/wp-content\/uploads\/Samuli-Heiska-GSGroup-Finland-768x768.jpg 768w\" sizes=\"auto, (max-width: 800px) 100vw, 800px\" \/>\t\t\t\t\t\t\t\t\t\t\t\t\t\t\t<\/div>\n\t\t\t\t<\/div>\n\t\t\t\t<div class=\"elementor-element elementor-element-8bd4739 elementor-widget elementor-widget-heading\" data-id=\"8bd4739\" data-element_type=\"widget\" data-e-type=\"widget\" data-widget_type=\"heading.default\">\n\t\t\t\t<div class=\"elementor-widget-container\">\n\t\t\t\t\t<p class=\"elementor-heading-title elementor-size-default\">Samuli Heiska<\/p>\t\t\t\t<\/div>\n\t\t\t\t<\/div>\n\t\t\t\t<div class=\"elementor-element elementor-element-1ca8854 elementor-widget elementor-widget-heading\" data-id=\"1ca8854\" data-element_type=\"widget\" data-e-type=\"widget\" data-widget_type=\"heading.default\">\n\t\t\t\t<div class=\"elementor-widget-container\">\n\t\t\t\t\t<p class=\"elementor-heading-title elementor-size-default\">Sales Manager<\/p>\t\t\t\t<\/div>\n\t\t\t\t<\/div>\n\t\t\t\t<div class=\"elementor-element elementor-element-d75c368 elementor-widget elementor-widget-text-editor\" data-id=\"d75c368\" data-element_type=\"widget\" data-e-type=\"widget\" data-widget_type=\"text-editor.default\">\n\t\t\t\t<div class=\"elementor-widget-container\">\n\t\t\t\t\t\t\t\t\t<p>050 462 8717<br \/><a href=\"mailto:samuli.heiska@gsgroupfinland.fi\">samuli.heiska@gsfleet.io<\/a><\/p>\t\t\t\t\t\t\t\t<\/div>\n\t\t\t\t<\/div>\n\t\t\t\t<\/div>\n\t\t<div class=\"elementor-element elementor-element-f7466ad e-con-full e-flex e-con e-child\" data-id=\"f7466ad\" data-element_type=\"container\" data-e-type=\"container\">\n\t\t\t\t<div class=\"elementor-element elementor-element-079e828 elementor-widget elementor-widget-image\" data-id=\"079e828\" data-element_type=\"widget\" data-e-type=\"widget\" data-widget_type=\"image.default\">\n\t\t\t\t<div class=\"elementor-widget-container\">\n\t\t\t\t\t\t\t\t\t\t\t\t\t\t\t<img loading=\"lazy\" decoding=\"async\" width=\"800\" height=\"800\" src=\"https:\/\/www.gsfleet.io\/wp-content\/uploads\/Aleksi-Hollmen-GSGroup-Finland.jpg\" class=\"attachment-large size-large wp-image-8253\" alt=\"Aleksi Hollmen GSGroup Finland\" srcset=\"https:\/\/www.gsfleet.io\/wp-content\/uploads\/Aleksi-Hollmen-GSGroup-Finland.jpg 800w, https:\/\/www.gsfleet.io\/wp-content\/uploads\/Aleksi-Hollmen-GSGroup-Finland-300x300.jpg 300w, https:\/\/www.gsfleet.io\/wp-content\/uploads\/Aleksi-Hollmen-GSGroup-Finland-100x100.jpg 100w, https:\/\/www.gsfleet.io\/wp-content\/uploads\/Aleksi-Hollmen-GSGroup-Finland-600x600.jpg 600w, https:\/\/www.gsfleet.io\/wp-content\/uploads\/Aleksi-Hollmen-GSGroup-Finland-150x150.jpg 150w, https:\/\/www.gsfleet.io\/wp-content\/uploads\/Aleksi-Hollmen-GSGroup-Finland-768x768.jpg 768w\" sizes=\"auto, (max-width: 800px) 100vw, 800px\" \/>\t\t\t\t\t\t\t\t\t\t\t\t\t\t\t<\/div>\n\t\t\t\t<\/div>\n\t\t\t\t<div class=\"elementor-element elementor-element-5c4519c elementor-widget elementor-widget-heading\" data-id=\"5c4519c\" data-element_type=\"widget\" data-e-type=\"widget\" data-widget_type=\"heading.default\">\n\t\t\t\t<div class=\"elementor-widget-container\">\n\t\t\t\t\t<p class=\"elementor-heading-title elementor-size-default\">Aleksi Hollm\u00e9n<\/p>\t\t\t\t<\/div>\n\t\t\t\t<\/div>\n\t\t\t\t<div class=\"elementor-element elementor-element-d4a7daf elementor-widget elementor-widget-heading\" data-id=\"d4a7daf\" data-element_type=\"widget\" data-e-type=\"widget\" data-widget_type=\"heading.default\">\n\t\t\t\t<div class=\"elementor-widget-container\">\n\t\t\t\t\t<p class=\"elementor-heading-title elementor-size-default\">Sales Manager<\/p>\t\t\t\t<\/div>\n\t\t\t\t<\/div>\n\t\t\t\t<div class=\"elementor-element elementor-element-c54dbc9 elementor-widget elementor-widget-text-editor\" data-id=\"c54dbc9\" data-element_type=\"widget\" data-e-type=\"widget\" data-widget_type=\"text-editor.default\">\n\t\t\t\t<div class=\"elementor-widget-container\">\n\t\t\t\t\t\t\t\t\t<p>040 635 1098<br \/><a href=\"mailto:aleksi.hollmen@gsgroupfinland.fi\">aleksi.hollmen@gsfleet.io<\/a><\/p>\t\t\t\t\t\t\t\t<\/div>\n\t\t\t\t<\/div>\n\t\t\t\t<\/div>\n\t\t<div class=\"elementor-element elementor-element-1c7ccde e-con-full e-flex e-con e-child\" data-id=\"1c7ccde\" data-element_type=\"container\" data-e-type=\"container\">\n\t\t\t\t<\/div>\n\t\t<div class=\"elementor-element elementor-element-23b6c4f e-con-full e-flex e-con e-child\" data-id=\"23b6c4f\" data-element_type=\"container\" data-e-type=\"container\">\n\t\t\t\t<\/div>\n\t\t\t\t<\/div>\n\t\t<div class=\"elementor-element elementor-element-5308b74 e-con-full e-flex e-con e-child\" data-id=\"5308b74\" data-element_type=\"container\" data-e-type=\"container\">\n\t\t<div class=\"elementor-element elementor-element-334ebff e-flex e-con-boxed e-con e-child\" data-id=\"334ebff\" data-element_type=\"container\" data-e-type=\"container\" data-settings=\"{&quot;background_background&quot;:&quot;classic&quot;}\">\n\t\t\t\t\t<div class=\"e-con-inner\">\n\t\t\t\t<div class=\"elementor-element elementor-element-d89a483 elementor-widget elementor-widget-shortcode\" data-id=\"d89a483\" data-element_type=\"widget\" data-e-type=\"widget\" data-widget_type=\"shortcode.default\">\n\t\t\t\t<div class=\"elementor-widget-container\">\n\t\t\t\t\t\t\t<div class=\"elementor-shortcode\"><script src=\"https:\/\/js-eu1.hsforms.net\/forms\/embed\/145226144.js\" defer><\/script> \n\n<div class=\"hs-form-frame\" data-region=\"eu1\" data-form-id=\"f993bdd4-6477-44ce-b15e-ccf21279cf44\" data-portal-id=\"145226144\"><\/div> <\/div>\n\t\t\t\t\t\t<\/div>\n\t\t\t\t<\/div>\n\t\t\t\t\t<\/div>\n\t\t\t\t<\/div>\n\t\t<div class=\"elementor-element elementor-element-05e31d0 e-con-full e-flex e-con e-child\" data-id=\"05e31d0\" data-element_type=\"container\" data-e-type=\"container\">\n\t\t\t\t<div class=\"elementor-element elementor-element-c55f15f elementor-widget elementor-widget-heading\" data-id=\"c55f15f\" data-element_type=\"widget\" data-e-type=\"widget\" data-widget_type=\"heading.default\">\n\t\t\t\t<div class=\"elementor-widget-container\">\n\t\t\t\t\t<h2 class=\"elementor-heading-title elementor-size-default\">Soita meille jo t\u00e4n\u00e4\u00e4n: +358 3 231 0000<\/h2>\t\t\t\t<\/div>\n\t\t\t\t<\/div>\n\t\t\t\t<\/div>\n\t\t\t\t<div class=\"elementor-element elementor-element-5d904f9 elementor-hidden-desktop elementor-hidden-tablet elementor-hidden-mobile elementor-widget elementor-widget-html\" data-id=\"5d904f9\" data-element_type=\"widget\" data-e-type=\"widget\" data-widget_type=\"html.default\">\n\t\t\t\t<div class=\"elementor-widget-container\">\n\t\t\t\t\t<div data-tf-live=\"01HVNNZYT4D3Q29D25NVJ3NT1N\"><\/div><script src=\"\/\/embed.typeform.com\/next\/embed.js\"><\/script>\t\t\t\t<\/div>\n\t\t\t\t<\/div>\n\t\t\t\t<\/div>\n\t\t\t\t\t<\/div>\n\t\t\t\t<\/div>\n\t\t<div class=\"elementor-element elementor-element-4cab1d0 e-flex e-con-boxed e-con e-parent\" data-id=\"4cab1d0\" data-element_type=\"container\" data-e-type=\"container\">\n\t\t\t\t\t<div class=\"e-con-inner\">\n\t\t\t\t\t<\/div>\n\t\t\t\t<\/div>\n\t\t\t\t<\/div>\n\t\t","protected":false},"excerpt":{"rendered":"<p>Ota yhteytt\u00e4 myyj\u00e4\u00e4n Tiia Kaukolampi Head of Sales 040 552 7005tiia.kaukolampi@gsfleet.io Samuli Heiska Sales Manager 050 462 8717samuli.heiska@gsfleet.io Aleksi Hollm\u00e9n Sales Manager 040 635 1098aleksi.hollmen@gsfleet.io Soita meille jo t\u00e4n\u00e4\u00e4n: +358 3 231 0000<\/p>\n","protected":false},"author":4,"featured_media":0,"parent":0,"menu_order":0,"comment_status":"closed","ping_status":"closed","template":"","meta":{"_acf_changed":false,"footnotes":""},"class_list":["post-6774","page","type-page","status-publish","hentry"],"acf":[],"yoast_head":"<!-- This site is optimized with the Yoast SEO Premium plugin v27.4 (Yoast SEO v27.5) - https:\/\/yoast.com\/product\/yoast-seo-premium-wordpress\/ -->\n<title>Ota yhteytt\u00e4 myyj\u00e4\u00e4n - GSFleet<\/title>\n<meta name=\"robots\" content=\"index, follow, max-snippet:-1, max-image-preview:large, max-video-preview:-1\" \/>\n<link rel=\"canonical\" href=\"https:\/\/www.gsfleet.io\/fi\/ota-yhteytta-myyjaan\/\" \/>\n<meta property=\"og:locale\" content=\"fi_FI\" \/>\n<meta property=\"og:type\" content=\"article\" \/>\n<meta property=\"og:title\" content=\"Ota yhteytt\u00e4 myyj\u00e4\u00e4n\" \/>\n<meta property=\"og:description\" content=\"Ota yhteytt\u00e4 myyj\u00e4\u00e4n Tiia Kaukolampi Head of Sales 040 552 7005tiia.kaukolampi@gsfleet.io Samuli Heiska Sales Manager 050 462 8717samuli.heiska@gsfleet.io Aleksi Hollm\u00e9n Sales Manager 040 635 1098aleksi.hollmen@gsfleet.io Soita meille jo t\u00e4n\u00e4\u00e4n: +358 3 231 0000\" \/>\n<meta property=\"og:url\" content=\"https:\/\/www.gsfleet.io\/fi\/ota-yhteytta-myyjaan\/\" \/>\n<meta property=\"og:site_name\" content=\"GSFleet\" \/>\n<meta property=\"article:modified_time\" content=\"2026-02-02T09:09:39+00:00\" \/>\n<meta property=\"og:image\" content=\"https:\/\/www.gsfleet.io\/wp-content\/uploads\/Tiia-Kaukolampi-GSGroup-Finland.jpg\" \/>\n\t<meta property=\"og:image:width\" content=\"800\" \/>\n\t<meta property=\"og:image:height\" content=\"800\" \/>\n\t<meta property=\"og:image:type\" content=\"image\/jpeg\" \/>\n<meta name=\"twitter:card\" content=\"summary_large_image\" \/>\n<meta name=\"twitter:label1\" content=\"Arvioitu lukuaika\" \/>\n\t<meta name=\"twitter:data1\" content=\"1 minuutti\" \/>\n<script type=\"application\/ld+json\" class=\"yoast-schema-graph\">{\"@context\":\"https:\\\/\\\/schema.org\",\"@graph\":[{\"@type\":\"WebPage\",\"@id\":\"https:\\\/\\\/www.gsfleet.io\\\/fi\\\/ota-yhteytta-myyjaan\\\/\",\"url\":\"https:\\\/\\\/www.gsfleet.io\\\/fi\\\/ota-yhteytta-myyjaan\\\/\",\"name\":\"Ota yhteytt\u00e4 myyj\u00e4\u00e4n - GSFleet\",\"isPartOf\":{\"@id\":\"https:\\\/\\\/www.gsfleet.io\\\/fi\\\/#website\"},\"primaryImageOfPage\":{\"@id\":\"https:\\\/\\\/www.gsfleet.io\\\/fi\\\/ota-yhteytta-myyjaan\\\/#primaryimage\"},\"image\":{\"@id\":\"https:\\\/\\\/www.gsfleet.io\\\/fi\\\/ota-yhteytta-myyjaan\\\/#primaryimage\"},\"thumbnailUrl\":\"https:\\\/\\\/www.gsfleet.io\\\/wp-content\\\/uploads\\\/Tiia-Kaukolampi-GSGroup-Finland.jpg\",\"datePublished\":\"2024-01-05T10:36:24+00:00\",\"dateModified\":\"2026-02-02T09:09:39+00:00\",\"breadcrumb\":{\"@id\":\"https:\\\/\\\/www.gsfleet.io\\\/fi\\\/ota-yhteytta-myyjaan\\\/#breadcrumb\"},\"inLanguage\":\"fi\",\"potentialAction\":[{\"@type\":\"ReadAction\",\"target\":[\"https:\\\/\\\/www.gsfleet.io\\\/fi\\\/ota-yhteytta-myyjaan\\\/\"]}]},{\"@type\":\"ImageObject\",\"inLanguage\":\"fi\",\"@id\":\"https:\\\/\\\/www.gsfleet.io\\\/fi\\\/ota-yhteytta-myyjaan\\\/#primaryimage\",\"url\":\"https:\\\/\\\/www.gsfleet.io\\\/wp-content\\\/uploads\\\/Tiia-Kaukolampi-GSGroup-Finland.jpg\",\"contentUrl\":\"https:\\\/\\\/www.gsfleet.io\\\/wp-content\\\/uploads\\\/Tiia-Kaukolampi-GSGroup-Finland.jpg\"},{\"@type\":\"BreadcrumbList\",\"@id\":\"https:\\\/\\\/www.gsfleet.io\\\/fi\\\/ota-yhteytta-myyjaan\\\/#breadcrumb\",\"itemListElement\":[{\"@type\":\"ListItem\",\"position\":1,\"name\":\"Home\",\"item\":\"https:\\\/\\\/www.gsfleet.io\\\/fi\\\/\"},{\"@type\":\"ListItem\",\"position\":2,\"name\":\"Ota yhteytt\u00e4 myyj\u00e4\u00e4n\"}]},{\"@type\":\"WebSite\",\"@id\":\"https:\\\/\\\/www.gsfleet.io\\\/fi\\\/#website\",\"url\":\"https:\\\/\\\/www.gsfleet.io\\\/fi\\\/\",\"name\":\"GSFleet\",\"description\":\"\",\"publisher\":{\"@id\":\"https:\\\/\\\/www.gsfleet.io\\\/fi\\\/#organization\"},\"potentialAction\":[{\"@type\":\"SearchAction\",\"target\":{\"@type\":\"EntryPoint\",\"urlTemplate\":\"https:\\\/\\\/www.gsfleet.io\\\/fi\\\/?s={search_term_string}\"},\"query-input\":{\"@type\":\"PropertyValueSpecification\",\"valueRequired\":true,\"valueName\":\"search_term_string\"}}],\"inLanguage\":\"fi\"},{\"@type\":\"Organization\",\"@id\":\"https:\\\/\\\/www.gsfleet.io\\\/fi\\\/#organization\",\"name\":\"GSFleet\",\"url\":\"https:\\\/\\\/www.gsfleet.io\\\/fi\\\/\",\"logo\":{\"@type\":\"ImageObject\",\"inLanguage\":\"fi\",\"@id\":\"https:\\\/\\\/www.gsfleet.io\\\/fi\\\/#\\\/schema\\\/logo\\\/image\\\/\",\"url\":\"https:\\\/\\\/www.gsfleet.io\\\/wp-content\\\/uploads\\\/GSFleet-Logo-1.svg\",\"contentUrl\":\"https:\\\/\\\/www.gsfleet.io\\\/wp-content\\\/uploads\\\/GSFleet-Logo-1.svg\",\"width\":130,\"height\":25,\"caption\":\"GSFleet\"},\"image\":{\"@id\":\"https:\\\/\\\/www.gsfleet.io\\\/fi\\\/#\\\/schema\\\/logo\\\/image\\\/\"}}]}<\/script>\n<!-- \/ Yoast SEO Premium plugin. -->","yoast_head_json":{"title":"Ota yhteytt\u00e4 myyj\u00e4\u00e4n - GSFleet","robots":{"index":"index","follow":"follow","max-snippet":"max-snippet:-1","max-image-preview":"max-image-preview:large","max-video-preview":"max-video-preview:-1"},"canonical":"https:\/\/www.gsfleet.io\/fi\/ota-yhteytta-myyjaan\/","og_locale":"fi_FI","og_type":"article","og_title":"Ota yhteytt\u00e4 myyj\u00e4\u00e4n","og_description":"Ota yhteytt\u00e4 myyj\u00e4\u00e4n Tiia Kaukolampi Head of Sales 040 552 7005tiia.kaukolampi@gsfleet.io Samuli Heiska Sales Manager 050 462 8717samuli.heiska@gsfleet.io Aleksi Hollm\u00e9n Sales Manager 040 635 1098aleksi.hollmen@gsfleet.io Soita meille jo t\u00e4n\u00e4\u00e4n: +358 3 231 0000","og_url":"https:\/\/www.gsfleet.io\/fi\/ota-yhteytta-myyjaan\/","og_site_name":"GSFleet","article_modified_time":"2026-02-02T09:09:39+00:00","og_image":[{"width":800,"height":800,"url":"https:\/\/www.gsfleet.io\/wp-content\/uploads\/Tiia-Kaukolampi-GSGroup-Finland.jpg","type":"image\/jpeg"}],"twitter_card":"summary_large_image","twitter_misc":{"Arvioitu lukuaika":"1 minuutti"},"schema":{"@context":"https:\/\/schema.org","@graph":[{"@type":"WebPage","@id":"https:\/\/www.gsfleet.io\/fi\/ota-yhteytta-myyjaan\/","url":"https:\/\/www.gsfleet.io\/fi\/ota-yhteytta-myyjaan\/","name":"Ota yhteytt\u00e4 myyj\u00e4\u00e4n - GSFleet","isPartOf":{"@id":"https:\/\/www.gsfleet.io\/fi\/#website"},"primaryImageOfPage":{"@id":"https:\/\/www.gsfleet.io\/fi\/ota-yhteytta-myyjaan\/#primaryimage"},"image":{"@id":"https:\/\/www.gsfleet.io\/fi\/ota-yhteytta-myyjaan\/#primaryimage"},"thumbnailUrl":"https:\/\/www.gsfleet.io\/wp-content\/uploads\/Tiia-Kaukolampi-GSGroup-Finland.jpg","datePublished":"2024-01-05T10:36:24+00:00","dateModified":"2026-02-02T09:09:39+00:00","breadcrumb":{"@id":"https:\/\/www.gsfleet.io\/fi\/ota-yhteytta-myyjaan\/#breadcrumb"},"inLanguage":"fi","potentialAction":[{"@type":"ReadAction","target":["https:\/\/www.gsfleet.io\/fi\/ota-yhteytta-myyjaan\/"]}]},{"@type":"ImageObject","inLanguage":"fi","@id":"https:\/\/www.gsfleet.io\/fi\/ota-yhteytta-myyjaan\/#primaryimage","url":"https:\/\/www.gsfleet.io\/wp-content\/uploads\/Tiia-Kaukolampi-GSGroup-Finland.jpg","contentUrl":"https:\/\/www.gsfleet.io\/wp-content\/uploads\/Tiia-Kaukolampi-GSGroup-Finland.jpg"},{"@type":"BreadcrumbList","@id":"https:\/\/www.gsfleet.io\/fi\/ota-yhteytta-myyjaan\/#breadcrumb","itemListElement":[{"@type":"ListItem","position":1,"name":"Home","item":"https:\/\/www.gsfleet.io\/fi\/"},{"@type":"ListItem","position":2,"name":"Ota yhteytt\u00e4 myyj\u00e4\u00e4n"}]},{"@type":"WebSite","@id":"https:\/\/www.gsfleet.io\/fi\/#website","url":"https:\/\/www.gsfleet.io\/fi\/","name":"GSFleet","description":"","publisher":{"@id":"https:\/\/www.gsfleet.io\/fi\/#organization"},"potentialAction":[{"@type":"SearchAction","target":{"@type":"EntryPoint","urlTemplate":"https:\/\/www.gsfleet.io\/fi\/?s={search_term_string}"},"query-input":{"@type":"PropertyValueSpecification","valueRequired":true,"valueName":"search_term_string"}}],"inLanguage":"fi"},{"@type":"Organization","@id":"https:\/\/www.gsfleet.io\/fi\/#organization","name":"GSFleet","url":"https:\/\/www.gsfleet.io\/fi\/","logo":{"@type":"ImageObject","inLanguage":"fi","@id":"https:\/\/www.gsfleet.io\/fi\/#\/schema\/logo\/image\/","url":"https:\/\/www.gsfleet.io\/wp-content\/uploads\/GSFleet-Logo-1.svg","contentUrl":"https:\/\/www.gsfleet.io\/wp-content\/uploads\/GSFleet-Logo-1.svg","width":130,"height":25,"caption":"GSFleet"},"image":{"@id":"https:\/\/www.gsfleet.io\/fi\/#\/schema\/logo\/image\/"}}]}},"_links":{"self":[{"href":"https:\/\/www.gsfleet.io\/fi\/wp-json\/wp\/v2\/pages\/6774","targetHints":{"allow":["GET"]}}],"collection":[{"href":"https:\/\/www.gsfleet.io\/fi\/wp-json\/wp\/v2\/pages"}],"about":[{"href":"https:\/\/www.gsfleet.io\/fi\/wp-json\/wp\/v2\/types\/page"}],"author":[{"embeddable":true,"href":"https:\/\/www.gsfleet.io\/fi\/wp-json\/wp\/v2\/users\/4"}],"replies":[{"embeddable":true,"href":"https:\/\/www.gsfleet.io\/fi\/wp-json\/wp\/v2\/comments?post=6774"}],"version-history":[{"count":123,"href":"https:\/\/www.gsfleet.io\/fi\/wp-json\/wp\/v2\/pages\/6774\/revisions"}],"predecessor-version":[{"id":21303,"href":"https:\/\/www.gsfleet.io\/fi\/wp-json\/wp\/v2\/pages\/6774\/revisions\/21303"}],"wp:attachment":[{"href":"https:\/\/www.gsfleet.io\/fi\/wp-json\/wp\/v2\/media?parent=6774"}],"curies":[{"name":"wp","href":"https:\/\/api.w.org\/{rel}","templated":true}]}}