{"id":6753,"date":"2024-01-05T12:18:04","date_gmt":"2024-01-05T11:18:04","guid":{"rendered":"https:\/\/gsgroup.danspot.dk\/hanki-ilmainen-demo\/"},"modified":"2025-06-02T10:10:05","modified_gmt":"2025-06-02T08:10:05","slug":"kokeile-ilmaiseksi","status":"publish","type":"page","link":"https:\/\/www.gsfleet.io\/fi\/kokeile-ilmaiseksi\/","title":{"rendered":"Kokeile ilmaiseksi"},"content":{"rendered":"\t\t<div data-elementor-type=\"wp-page\" data-elementor-id=\"6753\" class=\"elementor elementor-6753 elementor-3054\" data-elementor-post-type=\"page\">\n\t\t\t\t<div class=\"elementor-element elementor-element-874a40e e-con-full e-flex e-con e-parent\" data-id=\"874a40e\" data-element_type=\"container\" data-e-type=\"container\" data-settings=\"{&quot;background_background&quot;:&quot;classic&quot;}\">\n\t\t\t\t<div class=\"elementor-element elementor-element-d315ca0 elementor-widget__width-initial elementor-widget elementor-widget-heading\" data-id=\"d315ca0\" data-element_type=\"widget\" data-e-type=\"widget\" data-widget_type=\"heading.default\">\n\t\t\t\t<div class=\"elementor-widget-container\">\n\t\t\t\t\t<h1 class=\"elementor-heading-title elementor-size-default\">Kokeile ilmaiseksi<\/h1>\t\t\t\t<\/div>\n\t\t\t\t<\/div>\n\t\t\t\t<div class=\"elementor-element elementor-element-d343990 elementor-widget__width-initial elementor-widget elementor-widget-heading\" data-id=\"d343990\" data-element_type=\"widget\" data-e-type=\"widget\" data-widget_type=\"heading.default\">\n\t\t\t\t<div class=\"elementor-widget-container\">\n\t\t\t\t\t<h2 class=\"elementor-heading-title elementor-size-default\">Kokeile, miten hy\u00f6dyt, kun koko kalustosi on yhdess\u00e4 paikassa. T\u00e4yt\u00e4 vain tietosi ja me hoidamme loput!\n<\/h2>\t\t\t\t<\/div>\n\t\t\t\t<\/div>\n\t\t\t\t<\/div>\n\t\t<div class=\"elementor-element elementor-element-7d8c84e e-flex e-con-boxed e-con e-parent\" data-id=\"7d8c84e\" data-element_type=\"container\" data-e-type=\"container\" data-settings=\"{&quot;background_background&quot;:&quot;classic&quot;}\">\n\t\t\t\t\t<div class=\"e-con-inner\">\n\t\t<div class=\"elementor-element elementor-element-e3b1636 e-flex e-con-boxed e-con e-child\" data-id=\"e3b1636\" data-element_type=\"container\" data-e-type=\"container\" data-settings=\"{&quot;background_background&quot;:&quot;classic&quot;}\">\n\t\t\t\t\t<div class=\"e-con-inner\">\n\t\t\t\t<div class=\"elementor-element elementor-element-16d2551 elementor-button-align-center elementor-widget elementor-widget-form\" data-id=\"16d2551\" data-element_type=\"widget\" data-e-type=\"widget\" data-settings=\"{&quot;step_next_label&quot;:&quot;Seuraava&quot;,&quot;step_previous_label&quot;:&quot;Edellinen&quot;,&quot;button_width&quot;:&quot;100&quot;,&quot;step_type&quot;:&quot;number_text&quot;,&quot;step_icon_shape&quot;:&quot;circle&quot;}\" data-widget_type=\"form.default\">\n\t\t\t\t<div class=\"elementor-widget-container\">\n\t\t\t\t\t\t\t<form class=\"elementor-form\" method=\"post\" name=\"Kokeile ilmaiseksi\" aria-label=\"Kokeile ilmaiseksi\">\n\t\t\t<input type=\"hidden\" name=\"post_id\" value=\"6753\"\/>\n\t\t\t<input type=\"hidden\" name=\"form_id\" value=\"16d2551\"\/>\n\t\t\t<input type=\"hidden\" name=\"referer_title\" value=\"Kokeile ilmaiseksi - GSFleet\" \/>\n\n\t\t\t\t\t\t\t<input type=\"hidden\" name=\"queried_id\" value=\"6753\"\/>\n\t\t\t\n\t\t\t<div class=\"elementor-form-fields-wrapper elementor-labels-above\">\n\t\t\t\t\t\t\t\t<div class=\"elementor-field-type-select elementor-field-group elementor-column elementor-field-group-field_cdb3791 elementor-col-100\">\n\t\t\t\t\t\t\t\t\t\t\t\t<label for=\"form-field-field_cdb3791\" class=\"elementor-field-label\">\n\t\t\t\t\t\t\t\tValitse tuote, josta olet kiinnostunut\t\t\t\t\t\t\t<\/label>\n\t\t\t\t\t\t\t\t<div class=\"elementor-field elementor-select-wrapper remove-before \">\n\t\t\t<div class=\"select-caret-down-wrapper\">\n\t\t\t\t<i aria-hidden=\"true\" class=\"eicon-caret-down\"><\/i>\t\t\t<\/div>\n\t\t\t<select name=\"form_fields[field_cdb3791]\" id=\"form-field-field_cdb3791\" class=\"elementor-field-textual elementor-size-md\">\n\t\t\t\t\t\t\t\t\t<option value=\"Kalustonhallinta\">Kalustonhallinta<\/option>\n\t\t\t\t\t\t\t\t\t<option value=\"Seurantalaitteet\">Seurantalaitteet<\/option>\n\t\t\t\t\t\t\t\t\t<option value=\"L\u00e4mp\u00f6tilanseuranta\">L\u00e4mp\u00f6tilanseuranta<\/option>\n\t\t\t\t\t\t\t\t\t<option value=\"Omaisuudenhallinta\">Omaisuudenhallinta<\/option>\n\t\t\t\t\t\t\t\t\t<option value=\"S\u00e4hk\u00f6inen ajop\u00e4iv\u00e4kirja\">S\u00e4hk\u00f6inen ajop\u00e4iv\u00e4kirja<\/option>\n\t\t\t\t\t\t\t\t\t<option value=\"Digipiirturin et\u00e4luku\">Digipiirturin et\u00e4luku<\/option>\n\t\t\t\t\t\t\t\t\t<option value=\"Muu\">Muu<\/option>\n\t\t\t\t\t\t\t<\/select>\n\t\t<\/div>\n\t\t\t\t\t\t<\/div>\n\t\t\t\t\t\t\t\t<div class=\"elementor-field-type-select elementor-field-group elementor-column elementor-field-group-field_3f17e06 elementor-col-100\">\n\t\t\t\t\t\t\t\t\t\t\t\t<label for=\"form-field-field_3f17e06\" class=\"elementor-field-label\">\n\t\t\t\t\t\t\t\tValitse maa\t\t\t\t\t\t\t<\/label>\n\t\t\t\t\t\t\t\t<div class=\"elementor-field elementor-select-wrapper remove-before \">\n\t\t\t<div class=\"select-caret-down-wrapper\">\n\t\t\t\t<i aria-hidden=\"true\" class=\"eicon-caret-down\"><\/i>\t\t\t<\/div>\n\t\t\t<select name=\"form_fields[field_3f17e06]\" id=\"form-field-field_3f17e06\" class=\"elementor-field-textual elementor-size-md\">\n\t\t\t\t\t\t\t\t\t<option value=\"Ruotsi\">Ruotsi<\/option>\n\t\t\t\t\t\t\t\t\t<option value=\"Tanska\">Tanska<\/option>\n\t\t\t\t\t\t\t\t\t<option value=\"Norja\">Norja<\/option>\n\t\t\t\t\t\t\t\t\t<option value=\"Suomi\">Suomi<\/option>\n\t\t\t\t\t\t\t\t\t<option value=\"Kansainv\u00e4linen\">Kansainv\u00e4linen<\/option>\n\t\t\t\t\t\t\t<\/select>\n\t\t<\/div>\n\t\t\t\t\t\t<\/div>\n\t\t\t\t\t\t\t\t<div class=\"elementor-field-type-text elementor-field-group elementor-column elementor-field-group-email elementor-col-100 elementor-field-required elementor-mark-required\">\n\t\t\t\t\t\t\t\t\t\t\t\t<label for=\"form-field-email\" class=\"elementor-field-label\">\n\t\t\t\t\t\t\t\tNimi\t\t\t\t\t\t\t<\/label>\n\t\t\t\t\t\t\t\t\t\t\t\t\t\t<input size=\"1\" type=\"text\" name=\"form_fields[email]\" id=\"form-field-email\" class=\"elementor-field elementor-size-md  elementor-field-textual\" required=\"required\">\n\t\t\t\t\t\t\t\t\t\t\t<\/div>\n\t\t\t\t\t\t\t\t<div class=\"elementor-field-type-text elementor-field-group elementor-column elementor-field-group-field_aacfd97 elementor-col-100 elementor-field-required elementor-mark-required\">\n\t\t\t\t\t\t\t\t\t\t\t\t<label for=\"form-field-field_aacfd97\" class=\"elementor-field-label\">\n\t\t\t\t\t\t\t\tYritys\t\t\t\t\t\t\t<\/label>\n\t\t\t\t\t\t\t\t\t\t\t\t\t\t<input size=\"1\" type=\"text\" name=\"form_fields[field_aacfd97]\" id=\"form-field-field_aacfd97\" class=\"elementor-field elementor-size-md  elementor-field-textual\" required=\"required\">\n\t\t\t\t\t\t\t\t\t\t\t<\/div>\n\t\t\t\t\t\t\t\t<div class=\"elementor-field-type-text elementor-field-group elementor-column elementor-field-group-field_13d38c4 elementor-col-100 elementor-field-required elementor-mark-required\">\n\t\t\t\t\t\t\t\t\t\t\t\t<label for=\"form-field-field_13d38c4\" class=\"elementor-field-label\">\n\t\t\t\t\t\t\t\tPuhelin\t\t\t\t\t\t\t<\/label>\n\t\t\t\t\t\t\t\t\t\t\t\t\t\t<input size=\"1\" type=\"text\" name=\"form_fields[field_13d38c4]\" id=\"form-field-field_13d38c4\" class=\"elementor-field elementor-size-md  elementor-field-textual\" placeholder=\"Puhelinnumero\" required=\"required\">\n\t\t\t\t\t\t\t\t\t\t\t<\/div>\n\t\t\t\t\t\t\t\t<div class=\"elementor-field-type-email elementor-field-group elementor-column elementor-field-group-field_8be2c17 elementor-col-100 elementor-field-required elementor-mark-required\">\n\t\t\t\t\t\t\t\t\t\t\t\t<label for=\"form-field-field_8be2c17\" class=\"elementor-field-label\">\n\t\t\t\t\t\t\t\tS\u00e4hk\u00f6posti\t\t\t\t\t\t\t<\/label>\n\t\t\t\t\t\t\t\t\t\t\t\t\t\t<input size=\"1\" type=\"email\" name=\"form_fields[field_8be2c17]\" id=\"form-field-field_8be2c17\" class=\"elementor-field elementor-size-md  elementor-field-textual\" required=\"required\">\n\t\t\t\t\t\t\t\t\t\t\t<\/div>\n\t\t\t\t\t\t\t\t<div class=\"elementor-field-type-recaptcha_v3 elementor-field-group elementor-column elementor-field-group-field_72e5823 elementor-col-100 recaptcha_v3-bottomright\">\n\t\t\t\t\t<div class=\"elementor-field\" id=\"form-field-field_72e5823\"><div class=\"elementor-g-recaptcha\" data-sitekey=\"6LeSdlAsAAAAAHUQHtMyKe9gT4qtiwtMvAjS6Nd0\" data-type=\"v3\" data-action=\"Form\" data-badge=\"bottomright\" data-size=\"invisible\"><\/div><\/div>\t\t\t\t<\/div>\n\t\t\t\t\t\t\t\t<div class=\"elementor-field-group elementor-column elementor-field-type-submit elementor-col-100 e-form__buttons\">\n\t\t\t\t\t<button class=\"elementor-button elementor-size-sm\" type=\"submit\">\n\t\t\t\t\t\t<span class=\"elementor-button-content-wrapper\">\n\t\t\t\t\t\t\t\t\t\t\t\t\t\t\t\t\t\t\t\t\t\t<span class=\"elementor-button-text\">L\u00e4het\u00e4<\/span>\n\t\t\t\t\t\t\t\t\t\t\t\t\t<\/span>\n\t\t\t\t\t<\/button>\n\t\t\t\t<\/div>\n\t\t\t<\/div>\n\t\t<\/form>\n\t\t\t\t\t\t<\/div>\n\t\t\t\t<\/div>\n\t\t\t\t\t<\/div>\n\t\t\t\t<\/div>\n\t\t\t\t\t<\/div>\n\t\t\t\t<\/div>\n\t\t<div class=\"elementor-element elementor-element-96bfa4d e-flex e-con-boxed e-con e-parent\" data-id=\"96bfa4d\" data-element_type=\"container\" data-e-type=\"container\" data-settings=\"{&quot;background_background&quot;:&quot;classic&quot;}\">\n\t\t\t\t\t<div class=\"e-con-inner\">\n\t\t\t\t<div class=\"elementor-element elementor-element-1c9933e elementor-widget elementor-widget-shortcode\" data-id=\"1c9933e\" data-element_type=\"widget\" data-e-type=\"widget\" data-widget_type=\"shortcode.default\">\n\t\t\t\t<div class=\"elementor-widget-container\">\n\t\t\t\t\t\t\t<div class=\"elementor-shortcode\"><script src=\"https:\/\/js-eu1.hsforms.net\/forms\/embed\/145226144.js\" defer><\/script> \n\n<div class=\"hs-form-frame\" data-region=\"eu1\" data-form-id=\"cb35a4bd-6598-4883-89c2-14f0637d3b09\" data-portal-id=\"145226144\"><\/div> <\/div>\n\t\t\t\t\t\t<\/div>\n\t\t\t\t<\/div>\n\t\t\t\t\t<\/div>\n\t\t\t\t<\/div>\n\t\t<div class=\"elementor-element elementor-element-3059954 e-flex e-con-boxed e-con e-parent\" data-id=\"3059954\" data-element_type=\"container\" data-e-type=\"container\" data-settings=\"{&quot;background_background&quot;:&quot;classic&quot;}\">\n\t\t\t\t\t<div class=\"e-con-inner\">\n\t\t\t\t<div class=\"elementor-element elementor-element-2e96368 elementor--h-position-center elementor--v-position-middle elementor-arrows-position-inside elementor-pagination-position-inside elementor-widget elementor-widget-slides\" data-id=\"2e96368\" data-element_type=\"widget\" data-e-type=\"widget\" data-settings=\"{&quot;navigation&quot;:&quot;both&quot;,&quot;autoplay&quot;:&quot;yes&quot;,&quot;pause_on_hover&quot;:&quot;yes&quot;,&quot;pause_on_interaction&quot;:&quot;yes&quot;,&quot;autoplay_speed&quot;:5000,&quot;infinite&quot;:&quot;yes&quot;,&quot;transition&quot;:&quot;slide&quot;,&quot;transition_speed&quot;:500}\" data-widget_type=\"slides.default\">\n\t\t\t\t<div class=\"elementor-widget-container\">\n\t\t\t\t\t\t\t\t\t<div class=\"elementor-swiper\">\n\t\t\t\t\t<div class=\"elementor-slides-wrapper elementor-main-swiper swiper\" role=\"region\" aria-roledescription=\"carousel\" aria-label=\"Slides\" dir=\"ltr\" data-animation=\"fadeInUp\">\n\t\t\t\t<div class=\"swiper-wrapper elementor-slides\">\n\t\t\t\t\t\t\t\t\t\t<div class=\"elementor-repeater-item-325a6c5 swiper-slide\" role=\"group\" aria-roledescription=\"slide\"><div class=\"swiper-slide-bg\" role=\"img\" aria-label=\"Asset usage details sorted total fuel\"><\/div><div class=\"swiper-slide-inner\" ><div class=\"swiper-slide-contents\"><div class=\"elementor-slide-description\"><p>Lorem ipsum dolor sit amet consectetur adipiscing elit dolor<\/p>\n<\/div><\/div><\/div><\/div><div class=\"elementor-repeater-item-8d99a72 swiper-slide\" role=\"group\" aria-roledescription=\"slide\"><div class=\"swiper-slide-bg\" role=\"img\" aria-label=\"Utilization\"><\/div><div class=\"swiper-slide-inner\" ><div class=\"swiper-slide-contents\"><div  class=\"elementor-button elementor-slide-button elementor-size-sm\">Klikkaa t\u00e4st\u00e4<\/div><\/div><\/div><\/div><div class=\"elementor-repeater-item-02747d7 swiper-slide\" role=\"group\" aria-roledescription=\"slide\"><div class=\"swiper-slide-bg\" role=\"img\" aria-label=\"Most used assets and most active users\"><\/div><div class=\"swiper-slide-inner\" ><div class=\"swiper-slide-contents\"><\/div><\/div><\/div>\t\t\t\t<\/div>\n\t\t\t\t\t\t\t\t\t\t\t\t\t\t\t<div class=\"elementor-swiper-button elementor-swiper-button-prev\" role=\"button\" tabindex=\"0\" aria-label=\"Previous slide\">\n\t\t\t\t\t\t\t<i aria-hidden=\"true\" class=\"eicon-chevron-left\"><\/i>\t\t\t\t\t\t<\/div>\n\t\t\t\t\t\t<div class=\"elementor-swiper-button elementor-swiper-button-next\" role=\"button\" tabindex=\"0\" aria-label=\"Next slide\">\n\t\t\t\t\t\t\t<i aria-hidden=\"true\" class=\"eicon-chevron-right\"><\/i>\t\t\t\t\t\t<\/div>\n\t\t\t\t\t\t\t\t\t\t\t\t\t\t\t\t<div class=\"swiper-pagination\"><\/div>\n\t\t\t\t\t\t\t\t\t\t\t\t<\/div>\n\t\t\t\t<\/div>\n\t\t\t\t\t\t\t\t<\/div>\n\t\t\t\t<\/div>\n\t\t\t\t\t<\/div>\n\t\t\t\t<\/div>\n\t\t\t\t<\/div>\n\t\t","protected":false},"excerpt":{"rendered":"<p>Kokeile ilmaiseksi Kokeile, miten hy\u00f6dyt, kun koko kalustosi on yhdess\u00e4 paikassa. T\u00e4yt\u00e4 vain tietosi ja me hoidamme loput! Lorem ipsum dolor sit amet consectetur adipiscing elit dolor Klikkaa t\u00e4st\u00e4<\/p>\n","protected":false},"author":4,"featured_media":6758,"parent":0,"menu_order":0,"comment_status":"closed","ping_status":"closed","template":"","meta":{"_acf_changed":false,"footnotes":""},"class_list":["post-6753","page","type-page","status-publish","has-post-thumbnail","hentry"],"acf":[],"yoast_head":"<!-- This site is optimized with the Yoast SEO Premium plugin v27.3 (Yoast SEO v27.3) - https:\/\/yoast.com\/product\/yoast-seo-premium-wordpress\/ -->\n<title>Kokeile ilmaiseksi - GSFleet<\/title>\n<meta name=\"robots\" content=\"index, follow, max-snippet:-1, max-image-preview:large, max-video-preview:-1\" \/>\n<link rel=\"canonical\" href=\"https:\/\/www.gsfleet.io\/fi\/kokeile-ilmaiseksi\/\" \/>\n<meta property=\"og:locale\" content=\"fi_FI\" \/>\n<meta property=\"og:type\" content=\"article\" \/>\n<meta property=\"og:title\" content=\"Kokeile ilmaiseksi\" \/>\n<meta property=\"og:description\" content=\"Kokeile ilmaiseksi Kokeile, miten hy\u00f6dyt, kun koko kalustosi on yhdess\u00e4 paikassa. T\u00e4yt\u00e4 vain tietosi ja me hoidamme loput! Lorem ipsum dolor sit amet consectetur adipiscing elit dolor Klikkaa t\u00e4st\u00e4\" \/>\n<meta property=\"og:url\" content=\"https:\/\/www.gsfleet.io\/fi\/kokeile-ilmaiseksi\/\" \/>\n<meta property=\"og:site_name\" content=\"GSFleet\" \/>\n<meta property=\"article:modified_time\" content=\"2025-06-02T08:10:05+00:00\" \/>\n<meta property=\"og:image\" content=\"https:\/\/www.gsfleet.io\/wp-content\/uploads\/AdobeStock_673917520.jpg\" \/>\n\t<meta property=\"og:image:width\" content=\"1240\" \/>\n\t<meta property=\"og:image:height\" content=\"827\" \/>\n\t<meta property=\"og:image:type\" content=\"image\/jpeg\" \/>\n<meta name=\"twitter:card\" content=\"summary_large_image\" \/>\n<meta name=\"twitter:label1\" content=\"Arvioitu lukuaika\" \/>\n\t<meta name=\"twitter:data1\" content=\"1 minuutti\" \/>\n<script type=\"application\/ld+json\" class=\"yoast-schema-graph\">{\"@context\":\"https:\\\/\\\/schema.org\",\"@graph\":[{\"@type\":\"WebPage\",\"@id\":\"https:\\\/\\\/www.gsfleet.io\\\/fi\\\/kokeile-ilmaiseksi\\\/\",\"url\":\"https:\\\/\\\/www.gsfleet.io\\\/fi\\\/kokeile-ilmaiseksi\\\/\",\"name\":\"Kokeile ilmaiseksi - GSFleet\",\"isPartOf\":{\"@id\":\"https:\\\/\\\/www.gsfleet.io\\\/fi\\\/#website\"},\"primaryImageOfPage\":{\"@id\":\"https:\\\/\\\/www.gsfleet.io\\\/fi\\\/kokeile-ilmaiseksi\\\/#primaryimage\"},\"image\":{\"@id\":\"https:\\\/\\\/www.gsfleet.io\\\/fi\\\/kokeile-ilmaiseksi\\\/#primaryimage\"},\"thumbnailUrl\":\"https:\\\/\\\/www.gsfleet.io\\\/wp-content\\\/uploads\\\/AdobeStock_673917520.jpg\",\"datePublished\":\"2024-01-05T11:18:04+00:00\",\"dateModified\":\"2025-06-02T08:10:05+00:00\",\"breadcrumb\":{\"@id\":\"https:\\\/\\\/www.gsfleet.io\\\/fi\\\/kokeile-ilmaiseksi\\\/#breadcrumb\"},\"inLanguage\":\"fi\",\"potentialAction\":[{\"@type\":\"ReadAction\",\"target\":[\"https:\\\/\\\/www.gsfleet.io\\\/fi\\\/kokeile-ilmaiseksi\\\/\"]}]},{\"@type\":\"ImageObject\",\"inLanguage\":\"fi\",\"@id\":\"https:\\\/\\\/www.gsfleet.io\\\/fi\\\/kokeile-ilmaiseksi\\\/#primaryimage\",\"url\":\"https:\\\/\\\/www.gsfleet.io\\\/wp-content\\\/uploads\\\/AdobeStock_673917520.jpg\",\"contentUrl\":\"https:\\\/\\\/www.gsfleet.io\\\/wp-content\\\/uploads\\\/AdobeStock_673917520.jpg\",\"width\":1240,\"height\":827},{\"@type\":\"BreadcrumbList\",\"@id\":\"https:\\\/\\\/www.gsfleet.io\\\/fi\\\/kokeile-ilmaiseksi\\\/#breadcrumb\",\"itemListElement\":[{\"@type\":\"ListItem\",\"position\":1,\"name\":\"Home\",\"item\":\"https:\\\/\\\/www.gsfleet.io\\\/fi\\\/\"},{\"@type\":\"ListItem\",\"position\":2,\"name\":\"Kokeile ilmaiseksi\"}]},{\"@type\":\"WebSite\",\"@id\":\"https:\\\/\\\/www.gsfleet.io\\\/fi\\\/#website\",\"url\":\"https:\\\/\\\/www.gsfleet.io\\\/fi\\\/\",\"name\":\"GSFleet\",\"description\":\"\",\"publisher\":{\"@id\":\"https:\\\/\\\/www.gsfleet.io\\\/fi\\\/#organization\"},\"potentialAction\":[{\"@type\":\"SearchAction\",\"target\":{\"@type\":\"EntryPoint\",\"urlTemplate\":\"https:\\\/\\\/www.gsfleet.io\\\/fi\\\/?s={search_term_string}\"},\"query-input\":{\"@type\":\"PropertyValueSpecification\",\"valueRequired\":true,\"valueName\":\"search_term_string\"}}],\"inLanguage\":\"fi\"},{\"@type\":\"Organization\",\"@id\":\"https:\\\/\\\/www.gsfleet.io\\\/fi\\\/#organization\",\"name\":\"GSFleet\",\"url\":\"https:\\\/\\\/www.gsfleet.io\\\/fi\\\/\",\"logo\":{\"@type\":\"ImageObject\",\"inLanguage\":\"fi\",\"@id\":\"https:\\\/\\\/www.gsfleet.io\\\/fi\\\/#\\\/schema\\\/logo\\\/image\\\/\",\"url\":\"https:\\\/\\\/www.gsfleet.io\\\/wp-content\\\/uploads\\\/GSFleet-Logo-1.svg\",\"contentUrl\":\"https:\\\/\\\/www.gsfleet.io\\\/wp-content\\\/uploads\\\/GSFleet-Logo-1.svg\",\"width\":130,\"height\":25,\"caption\":\"GSFleet\"},\"image\":{\"@id\":\"https:\\\/\\\/www.gsfleet.io\\\/fi\\\/#\\\/schema\\\/logo\\\/image\\\/\"}}]}<\/script>\n<!-- \/ Yoast SEO Premium plugin. -->","yoast_head_json":{"title":"Kokeile ilmaiseksi - GSFleet","robots":{"index":"index","follow":"follow","max-snippet":"max-snippet:-1","max-image-preview":"max-image-preview:large","max-video-preview":"max-video-preview:-1"},"canonical":"https:\/\/www.gsfleet.io\/fi\/kokeile-ilmaiseksi\/","og_locale":"fi_FI","og_type":"article","og_title":"Kokeile ilmaiseksi","og_description":"Kokeile ilmaiseksi Kokeile, miten hy\u00f6dyt, kun koko kalustosi on yhdess\u00e4 paikassa. T\u00e4yt\u00e4 vain tietosi ja me hoidamme loput! Lorem ipsum dolor sit amet consectetur adipiscing elit dolor Klikkaa t\u00e4st\u00e4","og_url":"https:\/\/www.gsfleet.io\/fi\/kokeile-ilmaiseksi\/","og_site_name":"GSFleet","article_modified_time":"2025-06-02T08:10:05+00:00","og_image":[{"width":1240,"height":827,"url":"https:\/\/www.gsfleet.io\/wp-content\/uploads\/AdobeStock_673917520.jpg","type":"image\/jpeg"}],"twitter_card":"summary_large_image","twitter_misc":{"Arvioitu lukuaika":"1 minuutti"},"schema":{"@context":"https:\/\/schema.org","@graph":[{"@type":"WebPage","@id":"https:\/\/www.gsfleet.io\/fi\/kokeile-ilmaiseksi\/","url":"https:\/\/www.gsfleet.io\/fi\/kokeile-ilmaiseksi\/","name":"Kokeile ilmaiseksi - GSFleet","isPartOf":{"@id":"https:\/\/www.gsfleet.io\/fi\/#website"},"primaryImageOfPage":{"@id":"https:\/\/www.gsfleet.io\/fi\/kokeile-ilmaiseksi\/#primaryimage"},"image":{"@id":"https:\/\/www.gsfleet.io\/fi\/kokeile-ilmaiseksi\/#primaryimage"},"thumbnailUrl":"https:\/\/www.gsfleet.io\/wp-content\/uploads\/AdobeStock_673917520.jpg","datePublished":"2024-01-05T11:18:04+00:00","dateModified":"2025-06-02T08:10:05+00:00","breadcrumb":{"@id":"https:\/\/www.gsfleet.io\/fi\/kokeile-ilmaiseksi\/#breadcrumb"},"inLanguage":"fi","potentialAction":[{"@type":"ReadAction","target":["https:\/\/www.gsfleet.io\/fi\/kokeile-ilmaiseksi\/"]}]},{"@type":"ImageObject","inLanguage":"fi","@id":"https:\/\/www.gsfleet.io\/fi\/kokeile-ilmaiseksi\/#primaryimage","url":"https:\/\/www.gsfleet.io\/wp-content\/uploads\/AdobeStock_673917520.jpg","contentUrl":"https:\/\/www.gsfleet.io\/wp-content\/uploads\/AdobeStock_673917520.jpg","width":1240,"height":827},{"@type":"BreadcrumbList","@id":"https:\/\/www.gsfleet.io\/fi\/kokeile-ilmaiseksi\/#breadcrumb","itemListElement":[{"@type":"ListItem","position":1,"name":"Home","item":"https:\/\/www.gsfleet.io\/fi\/"},{"@type":"ListItem","position":2,"name":"Kokeile ilmaiseksi"}]},{"@type":"WebSite","@id":"https:\/\/www.gsfleet.io\/fi\/#website","url":"https:\/\/www.gsfleet.io\/fi\/","name":"GSFleet","description":"","publisher":{"@id":"https:\/\/www.gsfleet.io\/fi\/#organization"},"potentialAction":[{"@type":"SearchAction","target":{"@type":"EntryPoint","urlTemplate":"https:\/\/www.gsfleet.io\/fi\/?s={search_term_string}"},"query-input":{"@type":"PropertyValueSpecification","valueRequired":true,"valueName":"search_term_string"}}],"inLanguage":"fi"},{"@type":"Organization","@id":"https:\/\/www.gsfleet.io\/fi\/#organization","name":"GSFleet","url":"https:\/\/www.gsfleet.io\/fi\/","logo":{"@type":"ImageObject","inLanguage":"fi","@id":"https:\/\/www.gsfleet.io\/fi\/#\/schema\/logo\/image\/","url":"https:\/\/www.gsfleet.io\/wp-content\/uploads\/GSFleet-Logo-1.svg","contentUrl":"https:\/\/www.gsfleet.io\/wp-content\/uploads\/GSFleet-Logo-1.svg","width":130,"height":25,"caption":"GSFleet"},"image":{"@id":"https:\/\/www.gsfleet.io\/fi\/#\/schema\/logo\/image\/"}}]}},"_links":{"self":[{"href":"https:\/\/www.gsfleet.io\/fi\/wp-json\/wp\/v2\/pages\/6753","targetHints":{"allow":["GET"]}}],"collection":[{"href":"https:\/\/www.gsfleet.io\/fi\/wp-json\/wp\/v2\/pages"}],"about":[{"href":"https:\/\/www.gsfleet.io\/fi\/wp-json\/wp\/v2\/types\/page"}],"author":[{"embeddable":true,"href":"https:\/\/www.gsfleet.io\/fi\/wp-json\/wp\/v2\/users\/4"}],"replies":[{"embeddable":true,"href":"https:\/\/www.gsfleet.io\/fi\/wp-json\/wp\/v2\/comments?post=6753"}],"version-history":[{"count":33,"href":"https:\/\/www.gsfleet.io\/fi\/wp-json\/wp\/v2\/pages\/6753\/revisions"}],"predecessor-version":[{"id":19830,"href":"https:\/\/www.gsfleet.io\/fi\/wp-json\/wp\/v2\/pages\/6753\/revisions\/19830"}],"wp:featuredmedia":[{"embeddable":true,"href":"https:\/\/www.gsfleet.io\/fi\/wp-json\/wp\/v2\/media\/6758"}],"wp:attachment":[{"href":"https:\/\/www.gsfleet.io\/fi\/wp-json\/wp\/v2\/media?parent=6753"}],"curies":[{"name":"wp","href":"https:\/\/api.w.org\/{rel}","templated":true}]}}