{"id":20052,"date":"2025-06-13T08:51:43","date_gmt":"2025-06-13T06:51:43","guid":{"rendered":"https:\/\/www.gsfleet.io\/aloita-ilmainen-kokeilu\/"},"modified":"2025-06-13T09:56:31","modified_gmt":"2025-06-13T07:56:31","slug":"aloita-ilmainen-kokeilu","status":"publish","type":"page","link":"https:\/\/www.gsfleet.io\/fi\/aloita-ilmainen-kokeilu\/","title":{"rendered":"Aloita ilmainen kokeilu"},"content":{"rendered":"\t\t<div data-elementor-type=\"wp-page\" data-elementor-id=\"20052\" class=\"elementor elementor-20052 elementor-19983\" data-elementor-post-type=\"page\">\n\t\t\t\t<div class=\"elementor-element elementor-element-5a6835d e-flex e-con-boxed e-con e-parent\" data-id=\"5a6835d\" data-element_type=\"container\" data-e-type=\"container\" data-settings=\"{&quot;background_background&quot;:&quot;classic&quot;}\">\n\t\t\t\t\t<div class=\"e-con-inner\">\n\t\t<div class=\"elementor-element elementor-element-e3df075 e-con-full e-flex e-con e-child\" data-id=\"e3df075\" data-element_type=\"container\" data-e-type=\"container\">\n\t\t\t\t<div class=\"elementor-element elementor-element-15e7a88 elementor-widget__width-inherit elementor-widget-tablet__width-inherit elementor-widget elementor-widget-heading\" data-id=\"15e7a88\" data-element_type=\"widget\" data-e-type=\"widget\" data-widget_type=\"heading.default\">\n\t\t\t\t<div class=\"elementor-widget-container\">\n\t\t\t\t\t<h1 class=\"elementor-heading-title elementor-size-default\">Aloita ilmainen kokeilu  <\/h1>\t\t\t\t<\/div>\n\t\t\t\t<\/div>\n\t\t\t\t<div class=\"elementor-element elementor-element-c5aba2c elementor-widget elementor-widget-text-editor\" data-id=\"c5aba2c\" data-element_type=\"widget\" data-e-type=\"widget\" data-widget_type=\"text-editor.default\">\n\t\t\t\t<div class=\"elementor-widget-container\">\n\t\t\t\t\t\t\t\t\tTutustu GSFleet Managerin etuihin ja ota kalustosi hallintaasi ilman riskej\u00e4 tai velvoitteita. Aloita ilmainen kokeilujakso jo t\u00e4n\u00e4\u00e4n ja saat k\u00e4ytt\u00f6\u00f6si kaikki tehokkaat ominaisuutemme, kuten reaaliaikaisen seurannan, liikennetapahtumat sek\u00e4 polttoaineen kulutusta ja ajok\u00e4ytt\u00e4ytymist\u00e4 koskevat tiedot &#8211; kaikki yhdell\u00e4 alustalla. \t\t\t\t\t\t\t\t<\/div>\n\t\t\t\t<\/div>\n\t\t\t\t<\/div>\n\t\t\t\t<div class=\"elementor-element elementor-element-8317a49 elementor-widget__width-inherit elementor-widget elementor-widget-html\" data-id=\"8317a49\" data-element_type=\"widget\" data-e-type=\"widget\" data-widget_type=\"html.default\">\n\t\t\t\t<div class=\"elementor-widget-container\">\n\t\t\t\t\t<script src=\"https:\/\/js-eu1.hsforms.net\/forms\/embed\/145226144.js\" defer><\/script>\n<div class=\"hs-form-frame\" data-region=\"eu1\" data-form-id=\"af652801-e1f8-4ded-93d3-50c68c58fb7e\" data-portal-id=\"145226144\"><\/div>\t\t\t\t<\/div>\n\t\t\t\t<\/div>\n\t\t\t\t\t<\/div>\n\t\t\t\t<\/div>\n\t\t\t\t<\/div>\n\t\t","protected":false},"excerpt":{"rendered":"<p>Aloita ilmainen kokeilu Tutustu GSFleet Managerin etuihin ja ota kalustosi hallintaasi ilman riskej\u00e4 tai velvoitteita. Aloita ilmainen kokeilujakso jo t\u00e4n\u00e4\u00e4n ja saat k\u00e4ytt\u00f6\u00f6si kaikki tehokkaat ominaisuutemme, kuten reaaliaikaisen seurannan, liikennetapahtumat sek\u00e4 polttoaineen kulutusta ja ajok\u00e4ytt\u00e4ytymist\u00e4 koskevat tiedot &#8211; kaikki yhdell\u00e4 alustalla.<\/p>\n","protected":false},"author":20,"featured_media":0,"parent":0,"menu_order":0,"comment_status":"closed","ping_status":"closed","template":"elementor_header_footer","meta":{"_acf_changed":false,"footnotes":""},"class_list":["post-20052","page","type-page","status-publish","hentry"],"acf":[],"yoast_head":"<!-- This site is optimized with the Yoast SEO Premium plugin v27.4 (Yoast SEO v27.5) - https:\/\/yoast.com\/product\/yoast-seo-premium-wordpress\/ -->\n<title>Aloita ilmainen kokeilu - GSFleet<\/title>\n<meta name=\"robots\" content=\"index, follow, max-snippet:-1, max-image-preview:large, max-video-preview:-1\" \/>\n<link rel=\"canonical\" href=\"https:\/\/www.gsfleet.io\/fi\/aloita-ilmainen-kokeilu\/\" \/>\n<meta property=\"og:locale\" content=\"fi_FI\" \/>\n<meta property=\"og:type\" content=\"article\" \/>\n<meta property=\"og:title\" content=\"Aloita ilmainen kokeilu\" \/>\n<meta property=\"og:description\" content=\"Aloita ilmainen kokeilu Tutustu GSFleet Managerin etuihin ja ota kalustosi hallintaasi ilman riskej\u00e4 tai velvoitteita. Aloita ilmainen kokeilujakso jo t\u00e4n\u00e4\u00e4n ja saat k\u00e4ytt\u00f6\u00f6si kaikki tehokkaat ominaisuutemme, kuten reaaliaikaisen seurannan, liikennetapahtumat sek\u00e4 polttoaineen kulutusta ja ajok\u00e4ytt\u00e4ytymist\u00e4 koskevat tiedot &#8211; kaikki yhdell\u00e4 alustalla.\" \/>\n<meta property=\"og:url\" content=\"https:\/\/www.gsfleet.io\/fi\/aloita-ilmainen-kokeilu\/\" \/>\n<meta property=\"og:site_name\" content=\"GSFleet\" \/>\n<meta property=\"article:modified_time\" content=\"2025-06-13T07:56:31+00:00\" \/>\n<meta property=\"og:image\" content=\"https:\/\/www.gsfleet.io\/wp-content\/uploads\/AdobeStock_452354262_new.jpg\" \/>\n\t<meta property=\"og:image:width\" content=\"1240\" \/>\n\t<meta property=\"og:image:height\" content=\"827\" \/>\n\t<meta property=\"og:image:type\" content=\"image\/jpeg\" \/>\n<meta name=\"twitter:card\" content=\"summary_large_image\" \/>\n<meta name=\"twitter:label1\" content=\"Arvioitu lukuaika\" \/>\n\t<meta name=\"twitter:data1\" content=\"1 minuutti\" \/>\n<script type=\"application\/ld+json\" class=\"yoast-schema-graph\">{\"@context\":\"https:\\\/\\\/schema.org\",\"@graph\":[{\"@type\":\"WebPage\",\"@id\":\"https:\\\/\\\/www.gsfleet.io\\\/fi\\\/aloita-ilmainen-kokeilu\\\/\",\"url\":\"https:\\\/\\\/www.gsfleet.io\\\/fi\\\/aloita-ilmainen-kokeilu\\\/\",\"name\":\"Aloita ilmainen kokeilu - GSFleet\",\"isPartOf\":{\"@id\":\"https:\\\/\\\/www.gsfleet.io\\\/fi\\\/#website\"},\"datePublished\":\"2025-06-13T06:51:43+00:00\",\"dateModified\":\"2025-06-13T07:56:31+00:00\",\"breadcrumb\":{\"@id\":\"https:\\\/\\\/www.gsfleet.io\\\/fi\\\/aloita-ilmainen-kokeilu\\\/#breadcrumb\"},\"inLanguage\":\"fi\",\"potentialAction\":[{\"@type\":\"ReadAction\",\"target\":[\"https:\\\/\\\/www.gsfleet.io\\\/fi\\\/aloita-ilmainen-kokeilu\\\/\"]}]},{\"@type\":\"BreadcrumbList\",\"@id\":\"https:\\\/\\\/www.gsfleet.io\\\/fi\\\/aloita-ilmainen-kokeilu\\\/#breadcrumb\",\"itemListElement\":[{\"@type\":\"ListItem\",\"position\":1,\"name\":\"Home\",\"item\":\"https:\\\/\\\/www.gsfleet.io\\\/fi\\\/\"},{\"@type\":\"ListItem\",\"position\":2,\"name\":\"Aloita ilmainen kokeilu\"}]},{\"@type\":\"WebSite\",\"@id\":\"https:\\\/\\\/www.gsfleet.io\\\/fi\\\/#website\",\"url\":\"https:\\\/\\\/www.gsfleet.io\\\/fi\\\/\",\"name\":\"GSFleet\",\"description\":\"\",\"publisher\":{\"@id\":\"https:\\\/\\\/www.gsfleet.io\\\/fi\\\/#organization\"},\"potentialAction\":[{\"@type\":\"SearchAction\",\"target\":{\"@type\":\"EntryPoint\",\"urlTemplate\":\"https:\\\/\\\/www.gsfleet.io\\\/fi\\\/?s={search_term_string}\"},\"query-input\":{\"@type\":\"PropertyValueSpecification\",\"valueRequired\":true,\"valueName\":\"search_term_string\"}}],\"inLanguage\":\"fi\"},{\"@type\":\"Organization\",\"@id\":\"https:\\\/\\\/www.gsfleet.io\\\/fi\\\/#organization\",\"name\":\"GSFleet\",\"url\":\"https:\\\/\\\/www.gsfleet.io\\\/fi\\\/\",\"logo\":{\"@type\":\"ImageObject\",\"inLanguage\":\"fi\",\"@id\":\"https:\\\/\\\/www.gsfleet.io\\\/fi\\\/#\\\/schema\\\/logo\\\/image\\\/\",\"url\":\"https:\\\/\\\/www.gsfleet.io\\\/wp-content\\\/uploads\\\/GSFleet-Logo-1.svg\",\"contentUrl\":\"https:\\\/\\\/www.gsfleet.io\\\/wp-content\\\/uploads\\\/GSFleet-Logo-1.svg\",\"width\":130,\"height\":25,\"caption\":\"GSFleet\"},\"image\":{\"@id\":\"https:\\\/\\\/www.gsfleet.io\\\/fi\\\/#\\\/schema\\\/logo\\\/image\\\/\"}}]}<\/script>\n<!-- \/ Yoast SEO Premium plugin. -->","yoast_head_json":{"title":"Aloita ilmainen kokeilu - GSFleet","robots":{"index":"index","follow":"follow","max-snippet":"max-snippet:-1","max-image-preview":"max-image-preview:large","max-video-preview":"max-video-preview:-1"},"canonical":"https:\/\/www.gsfleet.io\/fi\/aloita-ilmainen-kokeilu\/","og_locale":"fi_FI","og_type":"article","og_title":"Aloita ilmainen kokeilu","og_description":"Aloita ilmainen kokeilu Tutustu GSFleet Managerin etuihin ja ota kalustosi hallintaasi ilman riskej\u00e4 tai velvoitteita. Aloita ilmainen kokeilujakso jo t\u00e4n\u00e4\u00e4n ja saat k\u00e4ytt\u00f6\u00f6si kaikki tehokkaat ominaisuutemme, kuten reaaliaikaisen seurannan, liikennetapahtumat sek\u00e4 polttoaineen kulutusta ja ajok\u00e4ytt\u00e4ytymist\u00e4 koskevat tiedot &#8211; kaikki yhdell\u00e4 alustalla.","og_url":"https:\/\/www.gsfleet.io\/fi\/aloita-ilmainen-kokeilu\/","og_site_name":"GSFleet","article_modified_time":"2025-06-13T07:56:31+00:00","og_image":[{"width":1240,"height":827,"url":"https:\/\/www.gsfleet.io\/wp-content\/uploads\/AdobeStock_452354262_new.jpg","type":"image\/jpeg"}],"twitter_card":"summary_large_image","twitter_misc":{"Arvioitu lukuaika":"1 minuutti"},"schema":{"@context":"https:\/\/schema.org","@graph":[{"@type":"WebPage","@id":"https:\/\/www.gsfleet.io\/fi\/aloita-ilmainen-kokeilu\/","url":"https:\/\/www.gsfleet.io\/fi\/aloita-ilmainen-kokeilu\/","name":"Aloita ilmainen kokeilu - GSFleet","isPartOf":{"@id":"https:\/\/www.gsfleet.io\/fi\/#website"},"datePublished":"2025-06-13T06:51:43+00:00","dateModified":"2025-06-13T07:56:31+00:00","breadcrumb":{"@id":"https:\/\/www.gsfleet.io\/fi\/aloita-ilmainen-kokeilu\/#breadcrumb"},"inLanguage":"fi","potentialAction":[{"@type":"ReadAction","target":["https:\/\/www.gsfleet.io\/fi\/aloita-ilmainen-kokeilu\/"]}]},{"@type":"BreadcrumbList","@id":"https:\/\/www.gsfleet.io\/fi\/aloita-ilmainen-kokeilu\/#breadcrumb","itemListElement":[{"@type":"ListItem","position":1,"name":"Home","item":"https:\/\/www.gsfleet.io\/fi\/"},{"@type":"ListItem","position":2,"name":"Aloita ilmainen kokeilu"}]},{"@type":"WebSite","@id":"https:\/\/www.gsfleet.io\/fi\/#website","url":"https:\/\/www.gsfleet.io\/fi\/","name":"GSFleet","description":"","publisher":{"@id":"https:\/\/www.gsfleet.io\/fi\/#organization"},"potentialAction":[{"@type":"SearchAction","target":{"@type":"EntryPoint","urlTemplate":"https:\/\/www.gsfleet.io\/fi\/?s={search_term_string}"},"query-input":{"@type":"PropertyValueSpecification","valueRequired":true,"valueName":"search_term_string"}}],"inLanguage":"fi"},{"@type":"Organization","@id":"https:\/\/www.gsfleet.io\/fi\/#organization","name":"GSFleet","url":"https:\/\/www.gsfleet.io\/fi\/","logo":{"@type":"ImageObject","inLanguage":"fi","@id":"https:\/\/www.gsfleet.io\/fi\/#\/schema\/logo\/image\/","url":"https:\/\/www.gsfleet.io\/wp-content\/uploads\/GSFleet-Logo-1.svg","contentUrl":"https:\/\/www.gsfleet.io\/wp-content\/uploads\/GSFleet-Logo-1.svg","width":130,"height":25,"caption":"GSFleet"},"image":{"@id":"https:\/\/www.gsfleet.io\/fi\/#\/schema\/logo\/image\/"}}]}},"_links":{"self":[{"href":"https:\/\/www.gsfleet.io\/fi\/wp-json\/wp\/v2\/pages\/20052","targetHints":{"allow":["GET"]}}],"collection":[{"href":"https:\/\/www.gsfleet.io\/fi\/wp-json\/wp\/v2\/pages"}],"about":[{"href":"https:\/\/www.gsfleet.io\/fi\/wp-json\/wp\/v2\/types\/page"}],"author":[{"embeddable":true,"href":"https:\/\/www.gsfleet.io\/fi\/wp-json\/wp\/v2\/users\/20"}],"replies":[{"embeddable":true,"href":"https:\/\/www.gsfleet.io\/fi\/wp-json\/wp\/v2\/comments?post=20052"}],"version-history":[{"count":4,"href":"https:\/\/www.gsfleet.io\/fi\/wp-json\/wp\/v2\/pages\/20052\/revisions"}],"predecessor-version":[{"id":20063,"href":"https:\/\/www.gsfleet.io\/fi\/wp-json\/wp\/v2\/pages\/20052\/revisions\/20063"}],"wp:attachment":[{"href":"https:\/\/www.gsfleet.io\/fi\/wp-json\/wp\/v2\/media?parent=20052"}],"curies":[{"name":"wp","href":"https:\/\/api.w.org\/{rel}","templated":true}]}}