{"id":17611,"date":"2024-12-02T09:09:09","date_gmt":"2024-12-02T08:09:09","guid":{"rendered":"https:\/\/www.gsfleet.io\/?page_id=17611"},"modified":"2025-02-27T13:31:06","modified_gmt":"2025-02-27T12:31:06","slug":"laskujen-vastaanottaminen","status":"publish","type":"page","link":"https:\/\/www.gsfleet.io\/fi\/tuki\/laskujen-vastaanottaminen\/","title":{"rendered":"Laskujen vastaanottaminen"},"content":{"rendered":"\t\t<div data-elementor-type=\"wp-page\" data-elementor-id=\"17611\" class=\"elementor elementor-17611\" data-elementor-post-type=\"page\">\n\t\t\t\t<div class=\"elementor-element elementor-element-edf0faa e-flex e-con-boxed e-con e-parent\" data-id=\"edf0faa\" data-element_type=\"container\" data-e-type=\"container\">\n\t\t\t\t\t<div class=\"e-con-inner\">\n\t\t\t\t<div class=\"elementor-element elementor-element-0c8ff36 elementor-widget elementor-widget-heading\" data-id=\"0c8ff36\" data-element_type=\"widget\" data-e-type=\"widget\" data-widget_type=\"heading.default\">\n\t\t\t\t<div class=\"elementor-widget-container\">\n\t\t\t\t\t<h2 class=\"elementor-heading-title elementor-size-default\">Laskujen vastaanottaminen<\/h2>\t\t\t\t<\/div>\n\t\t\t\t<\/div>\n\t\t\t\t<div class=\"elementor-element elementor-element-c8317e5 elementor-widget elementor-widget-text-editor\" data-id=\"c8317e5\" data-element_type=\"widget\" data-e-type=\"widget\" data-widget_type=\"text-editor.default\">\n\t\t\t\t<div class=\"elementor-widget-container\">\n\t\t\t\t\t\t\t\t\t<p>GSFleet Oy:lle osoitetut laskut tulee toimittaa verkkolaskuina:<\/p><p><strong>Nimi:<\/strong> GSFleet Oy<br \/><strong>Osoite:<\/strong> Jaakonkatu 2, 01620 Vantaa<br \/><strong>y-tunnus:<\/strong> 0973454-5<\/p><p><strong>Verkkolaskuosoite:<\/strong> 003709734545<br \/><strong>Operaattori:<\/strong> Basware<br \/><strong>Operaattoritunnus:<\/strong> BAWCFI22<\/p><p class=\"p2\">Mik\u00e4li yrityksell\u00e4nne ei ole mahdollista l\u00e4hett\u00e4\u00e4 verkkolaskuja, pyyd\u00e4mme l\u00e4hett\u00e4m\u00e4\u00e4n laskut s\u00e4hk\u00f6postin liitetiedostona PDF-muodossa (max. 5MB) osoitteeseen: <a href=\"mailto:vendorbillfi01@gsfleet.io\">vendorbillfi01@gsfleet.io<\/a>. Mik\u00e4li lasku sis\u00e4lt\u00e4\u00e4 liitesivuja, tulee niiden olla samassa tiedostossa varsinaisen laskun kanssa.<\/p>\t\t\t\t\t\t\t\t<\/div>\n\t\t\t\t<\/div>\n\t\t\t\t\t<\/div>\n\t\t\t\t<\/div>\n\t\t\t\t<\/div>\n\t\t","protected":false},"excerpt":{"rendered":"<p>Laskujen vastaanottaminen GSFleet Oy:lle osoitetut laskut tulee toimittaa verkkolaskuina: Nimi: GSFleet OyOsoite: Jaakonkatu 2, 01620 Vantaay-tunnus: 0973454-5 Verkkolaskuosoite: 003709734545Operaattori: BaswareOperaattoritunnus: BAWCFI22 Mik\u00e4li yrityksell\u00e4nne ei ole mahdollista l\u00e4hett\u00e4\u00e4 verkkolaskuja, pyyd\u00e4mme l\u00e4hett\u00e4m\u00e4\u00e4n laskut s\u00e4hk\u00f6postin liitetiedostona PDF-muodossa (max. 5MB) osoitteeseen: vendorbillfi01@gsfleet.io. Mik\u00e4li lasku sis\u00e4lt\u00e4\u00e4 liitesivuja, tulee niiden olla samassa tiedostossa varsinaisen laskun kanssa.<\/p>\n","protected":false},"author":2,"featured_media":0,"parent":10598,"menu_order":0,"comment_status":"closed","ping_status":"closed","template":"","meta":{"_acf_changed":false,"footnotes":""},"class_list":["post-17611","page","type-page","status-publish","hentry"],"acf":[],"yoast_head":"<!-- This site is optimized with the Yoast SEO Premium plugin v27.4 (Yoast SEO v27.5) - https:\/\/yoast.com\/product\/yoast-seo-premium-wordpress\/ -->\n<title>Laskujen vastaanottaminen - GSFleet<\/title>\n<meta name=\"robots\" content=\"index, follow, max-snippet:-1, max-image-preview:large, max-video-preview:-1\" \/>\n<link rel=\"canonical\" href=\"https:\/\/www.gsfleet.io\/fi\/tuki\/laskujen-vastaanottaminen\/\" \/>\n<meta property=\"og:locale\" content=\"fi_FI\" \/>\n<meta property=\"og:type\" content=\"article\" \/>\n<meta property=\"og:title\" content=\"Laskujen vastaanottaminen\" \/>\n<meta property=\"og:description\" content=\"Laskujen vastaanottaminen GSFleet Oy:lle osoitetut laskut tulee toimittaa verkkolaskuina: Nimi: GSFleet OyOsoite: Jaakonkatu 2, 01620 Vantaay-tunnus: 0973454-5 Verkkolaskuosoite: 003709734545Operaattori: BaswareOperaattoritunnus: BAWCFI22 Mik\u00e4li yrityksell\u00e4nne ei ole mahdollista l\u00e4hett\u00e4\u00e4 verkkolaskuja, pyyd\u00e4mme l\u00e4hett\u00e4m\u00e4\u00e4n laskut s\u00e4hk\u00f6postin liitetiedostona PDF-muodossa (max. 5MB) osoitteeseen: vendorbillfi01@gsfleet.io. Mik\u00e4li lasku sis\u00e4lt\u00e4\u00e4 liitesivuja, tulee niiden olla samassa tiedostossa varsinaisen laskun kanssa.\" \/>\n<meta property=\"og:url\" content=\"https:\/\/www.gsfleet.io\/fi\/tuki\/laskujen-vastaanottaminen\/\" \/>\n<meta property=\"og:site_name\" content=\"GSFleet\" \/>\n<meta property=\"article:modified_time\" content=\"2025-02-27T12:31:06+00:00\" \/>\n<meta property=\"og:image\" content=\"https:\/\/www.gsfleet.io\/wp-content\/uploads\/AdobeStock_452354262_new.jpg\" \/>\n\t<meta property=\"og:image:width\" content=\"1240\" \/>\n\t<meta property=\"og:image:height\" content=\"827\" \/>\n\t<meta property=\"og:image:type\" content=\"image\/jpeg\" \/>\n<meta name=\"twitter:card\" content=\"summary_large_image\" \/>\n<meta name=\"twitter:label1\" content=\"Arvioitu lukuaika\" \/>\n\t<meta name=\"twitter:data1\" content=\"1 minuutti\" \/>\n<script type=\"application\/ld+json\" class=\"yoast-schema-graph\">{\"@context\":\"https:\\\/\\\/schema.org\",\"@graph\":[{\"@type\":\"WebPage\",\"@id\":\"https:\\\/\\\/www.gsfleet.io\\\/fi\\\/tuki\\\/laskujen-vastaanottaminen\\\/\",\"url\":\"https:\\\/\\\/www.gsfleet.io\\\/fi\\\/tuki\\\/laskujen-vastaanottaminen\\\/\",\"name\":\"Laskujen vastaanottaminen - GSFleet\",\"isPartOf\":{\"@id\":\"https:\\\/\\\/www.gsfleet.io\\\/fi\\\/#website\"},\"datePublished\":\"2024-12-02T08:09:09+00:00\",\"dateModified\":\"2025-02-27T12:31:06+00:00\",\"breadcrumb\":{\"@id\":\"https:\\\/\\\/www.gsfleet.io\\\/fi\\\/tuki\\\/laskujen-vastaanottaminen\\\/#breadcrumb\"},\"inLanguage\":\"fi\",\"potentialAction\":[{\"@type\":\"ReadAction\",\"target\":[\"https:\\\/\\\/www.gsfleet.io\\\/fi\\\/tuki\\\/laskujen-vastaanottaminen\\\/\"]}]},{\"@type\":\"BreadcrumbList\",\"@id\":\"https:\\\/\\\/www.gsfleet.io\\\/fi\\\/tuki\\\/laskujen-vastaanottaminen\\\/#breadcrumb\",\"itemListElement\":[{\"@type\":\"ListItem\",\"position\":1,\"name\":\"Home\",\"item\":\"https:\\\/\\\/www.gsfleet.io\\\/fi\\\/\"},{\"@type\":\"ListItem\",\"position\":2,\"name\":\"Tuki\",\"item\":\"https:\\\/\\\/www.gsfleet.io\\\/fi\\\/tuki\\\/\"},{\"@type\":\"ListItem\",\"position\":3,\"name\":\"Laskujen vastaanottaminen\"}]},{\"@type\":\"WebSite\",\"@id\":\"https:\\\/\\\/www.gsfleet.io\\\/fi\\\/#website\",\"url\":\"https:\\\/\\\/www.gsfleet.io\\\/fi\\\/\",\"name\":\"GSFleet\",\"description\":\"\",\"publisher\":{\"@id\":\"https:\\\/\\\/www.gsfleet.io\\\/fi\\\/#organization\"},\"potentialAction\":[{\"@type\":\"SearchAction\",\"target\":{\"@type\":\"EntryPoint\",\"urlTemplate\":\"https:\\\/\\\/www.gsfleet.io\\\/fi\\\/?s={search_term_string}\"},\"query-input\":{\"@type\":\"PropertyValueSpecification\",\"valueRequired\":true,\"valueName\":\"search_term_string\"}}],\"inLanguage\":\"fi\"},{\"@type\":\"Organization\",\"@id\":\"https:\\\/\\\/www.gsfleet.io\\\/fi\\\/#organization\",\"name\":\"GSFleet\",\"url\":\"https:\\\/\\\/www.gsfleet.io\\\/fi\\\/\",\"logo\":{\"@type\":\"ImageObject\",\"inLanguage\":\"fi\",\"@id\":\"https:\\\/\\\/www.gsfleet.io\\\/fi\\\/#\\\/schema\\\/logo\\\/image\\\/\",\"url\":\"https:\\\/\\\/www.gsfleet.io\\\/wp-content\\\/uploads\\\/GSFleet-Logo-1.svg\",\"contentUrl\":\"https:\\\/\\\/www.gsfleet.io\\\/wp-content\\\/uploads\\\/GSFleet-Logo-1.svg\",\"width\":130,\"height\":25,\"caption\":\"GSFleet\"},\"image\":{\"@id\":\"https:\\\/\\\/www.gsfleet.io\\\/fi\\\/#\\\/schema\\\/logo\\\/image\\\/\"}}]}<\/script>\n<!-- \/ Yoast SEO Premium plugin. -->","yoast_head_json":{"title":"Laskujen vastaanottaminen - GSFleet","robots":{"index":"index","follow":"follow","max-snippet":"max-snippet:-1","max-image-preview":"max-image-preview:large","max-video-preview":"max-video-preview:-1"},"canonical":"https:\/\/www.gsfleet.io\/fi\/tuki\/laskujen-vastaanottaminen\/","og_locale":"fi_FI","og_type":"article","og_title":"Laskujen vastaanottaminen","og_description":"Laskujen vastaanottaminen GSFleet Oy:lle osoitetut laskut tulee toimittaa verkkolaskuina: Nimi: GSFleet OyOsoite: Jaakonkatu 2, 01620 Vantaay-tunnus: 0973454-5 Verkkolaskuosoite: 003709734545Operaattori: BaswareOperaattoritunnus: BAWCFI22 Mik\u00e4li yrityksell\u00e4nne ei ole mahdollista l\u00e4hett\u00e4\u00e4 verkkolaskuja, pyyd\u00e4mme l\u00e4hett\u00e4m\u00e4\u00e4n laskut s\u00e4hk\u00f6postin liitetiedostona PDF-muodossa (max. 5MB) osoitteeseen: vendorbillfi01@gsfleet.io. Mik\u00e4li lasku sis\u00e4lt\u00e4\u00e4 liitesivuja, tulee niiden olla samassa tiedostossa varsinaisen laskun kanssa.","og_url":"https:\/\/www.gsfleet.io\/fi\/tuki\/laskujen-vastaanottaminen\/","og_site_name":"GSFleet","article_modified_time":"2025-02-27T12:31:06+00:00","og_image":[{"width":1240,"height":827,"url":"https:\/\/www.gsfleet.io\/wp-content\/uploads\/AdobeStock_452354262_new.jpg","type":"image\/jpeg"}],"twitter_card":"summary_large_image","twitter_misc":{"Arvioitu lukuaika":"1 minuutti"},"schema":{"@context":"https:\/\/schema.org","@graph":[{"@type":"WebPage","@id":"https:\/\/www.gsfleet.io\/fi\/tuki\/laskujen-vastaanottaminen\/","url":"https:\/\/www.gsfleet.io\/fi\/tuki\/laskujen-vastaanottaminen\/","name":"Laskujen vastaanottaminen - GSFleet","isPartOf":{"@id":"https:\/\/www.gsfleet.io\/fi\/#website"},"datePublished":"2024-12-02T08:09:09+00:00","dateModified":"2025-02-27T12:31:06+00:00","breadcrumb":{"@id":"https:\/\/www.gsfleet.io\/fi\/tuki\/laskujen-vastaanottaminen\/#breadcrumb"},"inLanguage":"fi","potentialAction":[{"@type":"ReadAction","target":["https:\/\/www.gsfleet.io\/fi\/tuki\/laskujen-vastaanottaminen\/"]}]},{"@type":"BreadcrumbList","@id":"https:\/\/www.gsfleet.io\/fi\/tuki\/laskujen-vastaanottaminen\/#breadcrumb","itemListElement":[{"@type":"ListItem","position":1,"name":"Home","item":"https:\/\/www.gsfleet.io\/fi\/"},{"@type":"ListItem","position":2,"name":"Tuki","item":"https:\/\/www.gsfleet.io\/fi\/tuki\/"},{"@type":"ListItem","position":3,"name":"Laskujen vastaanottaminen"}]},{"@type":"WebSite","@id":"https:\/\/www.gsfleet.io\/fi\/#website","url":"https:\/\/www.gsfleet.io\/fi\/","name":"GSFleet","description":"","publisher":{"@id":"https:\/\/www.gsfleet.io\/fi\/#organization"},"potentialAction":[{"@type":"SearchAction","target":{"@type":"EntryPoint","urlTemplate":"https:\/\/www.gsfleet.io\/fi\/?s={search_term_string}"},"query-input":{"@type":"PropertyValueSpecification","valueRequired":true,"valueName":"search_term_string"}}],"inLanguage":"fi"},{"@type":"Organization","@id":"https:\/\/www.gsfleet.io\/fi\/#organization","name":"GSFleet","url":"https:\/\/www.gsfleet.io\/fi\/","logo":{"@type":"ImageObject","inLanguage":"fi","@id":"https:\/\/www.gsfleet.io\/fi\/#\/schema\/logo\/image\/","url":"https:\/\/www.gsfleet.io\/wp-content\/uploads\/GSFleet-Logo-1.svg","contentUrl":"https:\/\/www.gsfleet.io\/wp-content\/uploads\/GSFleet-Logo-1.svg","width":130,"height":25,"caption":"GSFleet"},"image":{"@id":"https:\/\/www.gsfleet.io\/fi\/#\/schema\/logo\/image\/"}}]}},"_links":{"self":[{"href":"https:\/\/www.gsfleet.io\/fi\/wp-json\/wp\/v2\/pages\/17611","targetHints":{"allow":["GET"]}}],"collection":[{"href":"https:\/\/www.gsfleet.io\/fi\/wp-json\/wp\/v2\/pages"}],"about":[{"href":"https:\/\/www.gsfleet.io\/fi\/wp-json\/wp\/v2\/types\/page"}],"author":[{"embeddable":true,"href":"https:\/\/www.gsfleet.io\/fi\/wp-json\/wp\/v2\/users\/2"}],"replies":[{"embeddable":true,"href":"https:\/\/www.gsfleet.io\/fi\/wp-json\/wp\/v2\/comments?post=17611"}],"version-history":[{"count":10,"href":"https:\/\/www.gsfleet.io\/fi\/wp-json\/wp\/v2\/pages\/17611\/revisions"}],"predecessor-version":[{"id":18191,"href":"https:\/\/www.gsfleet.io\/fi\/wp-json\/wp\/v2\/pages\/17611\/revisions\/18191"}],"up":[{"embeddable":true,"href":"https:\/\/www.gsfleet.io\/fi\/wp-json\/wp\/v2\/pages\/10598"}],"wp:attachment":[{"href":"https:\/\/www.gsfleet.io\/fi\/wp-json\/wp\/v2\/media?parent=17611"}],"curies":[{"name":"wp","href":"https:\/\/api.w.org\/{rel}","templated":true}]}}