{"id":14386,"date":"2024-06-25T09:46:16","date_gmt":"2024-06-25T07:46:16","guid":{"rendered":"https:\/\/www.gsfleet.io\/?page_id=14386"},"modified":"2024-06-25T09:47:33","modified_gmt":"2024-06-25T07:47:33","slug":"contact-us-2","status":"publish","type":"page","link":"https:\/\/www.gsfleet.io\/en\/resources\/contact-us-2\/","title":{"rendered":"Contact us"},"content":{"rendered":"\t\t<div data-elementor-type=\"wp-page\" data-elementor-id=\"14386\" class=\"elementor elementor-14386\" data-elementor-post-type=\"page\">\n\t\t\t\t<div class=\"elementor-element elementor-element-86f2c81 e-flex e-con-boxed e-con e-parent\" data-id=\"86f2c81\" data-element_type=\"container\" data-e-type=\"container\">\n\t\t\t\t\t<div class=\"e-con-inner\">\n\t\t\t\t<div class=\"elementor-element elementor-element-61246de elementor-widget elementor-widget-heading\" data-id=\"61246de\" data-element_type=\"widget\" data-e-type=\"widget\" data-widget_type=\"heading.default\">\n\t\t\t\t<div class=\"elementor-widget-container\">\n\t\t\t\t\t<h2 class=\"elementor-heading-title elementor-size-default\">Contact us<\/h2>\t\t\t\t<\/div>\n\t\t\t\t<\/div>\n\t\t\t\t<div class=\"elementor-element elementor-element-d3d12e7 elementor-widget elementor-widget-text-editor\" data-id=\"d3d12e7\" data-element_type=\"widget\" data-e-type=\"widget\" data-widget_type=\"text-editor.default\">\n\t\t\t\t<div class=\"elementor-widget-container\">\n\t\t\t\t\t\t\t\t\t<p>GSGroup AB &#8211; !!!!<br \/>J\u00e4rnbrotts Pr\u00e4stv\u00e4g 2<br \/>421 32 V\u00e4stra Fr\u00f6lunda<\/p>\n\t\t\t\t\t\t\t\t<\/div>\n\t\t\t\t<\/div>\n\t\t\t\t<div class=\"elementor-element elementor-element-03813aa elementor-widget elementor-widget-heading\" data-id=\"03813aa\" data-element_type=\"widget\" data-e-type=\"widget\" data-widget_type=\"heading.default\">\n\t\t\t\t<div class=\"elementor-widget-container\">\n\t\t\t\t\t<div class=\"elementor-heading-title elementor-size-default\">Fleet and Asset Tracking<\/div>\t\t\t\t<\/div>\n\t\t\t\t<\/div>\n\t\t\t\t<div class=\"elementor-element elementor-element-52cb676 elementor-widget elementor-widget-text-editor\" data-id=\"52cb676\" data-element_type=\"widget\" data-e-type=\"widget\" data-widget_type=\"text-editor.default\">\n\t\t\t\t<div class=\"elementor-widget-container\">\n\t\t\t\t\t\t\t\t\t<p>Phone: 08-550 124 65 <br \/>09.00-14.00 (closed for lunch between 12.00-13.00)<\/p>\n<p>Alarm number: 08-29 22 90<\/p>\n<p>Mail to support: support@gsgroup.se<\/p>\n<p>Mail to appointments: avtal@gsgroup.se<\/p>\n\t\t\t\t\t\t\t\t<\/div>\n\t\t\t\t<\/div>\n\t\t\t\t\t<\/div>\n\t\t\t\t<\/div>\n\t\t\t\t<\/div>\n\t\t","protected":false},"excerpt":{"rendered":"<p>Contact us GSGroup AB &#8211; !!!!J\u00e4rnbrotts Pr\u00e4stv\u00e4g 2421 32 V\u00e4stra Fr\u00f6lunda Fleet and Asset Tracking Phone: 08-550 124 65 09.00-14.00 (closed for lunch between 12.00-13.00) Alarm number: 08-29 22 90 Mail to support: support@gsgroup.se Mail to appointments: avtal@gsgroup.se<\/p>\n","protected":false},"author":6,"featured_media":0,"parent":6120,"menu_order":0,"comment_status":"closed","ping_status":"closed","template":"","meta":{"_acf_changed":false,"footnotes":""},"class_list":["post-14386","page","type-page","status-publish","hentry"],"acf":[],"yoast_head":"<!-- This site is optimized with the Yoast SEO Premium plugin v27.4 (Yoast SEO v27.5) - https:\/\/yoast.com\/product\/yoast-seo-premium-wordpress\/ -->\n<title>Contact us - GSFleet<\/title>\n<meta name=\"robots\" content=\"index, follow, max-snippet:-1, max-image-preview:large, max-video-preview:-1\" \/>\n<link rel=\"canonical\" href=\"https:\/\/www.gsfleet.io\/en\/resources\/contact-us-2\/\" \/>\n<meta property=\"og:locale\" content=\"en_US\" \/>\n<meta property=\"og:type\" content=\"article\" \/>\n<meta property=\"og:title\" content=\"Contact us\" \/>\n<meta property=\"og:description\" content=\"Contact us GSGroup AB &#8211; !!!!J\u00e4rnbrotts Pr\u00e4stv\u00e4g 2421 32 V\u00e4stra Fr\u00f6lunda Fleet and Asset Tracking Phone: 08-550 124 65 09.00-14.00 (closed for lunch between 12.00-13.00) Alarm number: 08-29 22 90 Mail to support: support@gsgroup.se Mail to appointments: avtal@gsgroup.se\" \/>\n<meta property=\"og:url\" content=\"https:\/\/www.gsfleet.io\/en\/resources\/contact-us-2\/\" \/>\n<meta property=\"og:site_name\" content=\"GSFleet\" \/>\n<meta property=\"article:modified_time\" content=\"2024-06-25T07:47:33+00:00\" \/>\n<meta property=\"og:image\" content=\"https:\/\/www.gsfleet.io\/wp-content\/uploads\/AdobeStock_452354262_new.jpg\" \/>\n\t<meta property=\"og:image:width\" content=\"1240\" \/>\n\t<meta property=\"og:image:height\" content=\"827\" \/>\n\t<meta property=\"og:image:type\" content=\"image\/jpeg\" \/>\n<meta name=\"twitter:card\" content=\"summary_large_image\" \/>\n<script type=\"application\/ld+json\" class=\"yoast-schema-graph\">{\"@context\":\"https:\\\/\\\/schema.org\",\"@graph\":[{\"@type\":\"WebPage\",\"@id\":\"https:\\\/\\\/www.gsfleet.io\\\/en\\\/resources\\\/contact-us-2\\\/\",\"url\":\"https:\\\/\\\/www.gsfleet.io\\\/en\\\/resources\\\/contact-us-2\\\/\",\"name\":\"Contact us - GSFleet\",\"isPartOf\":{\"@id\":\"https:\\\/\\\/www.gsfleet.io\\\/en\\\/#website\"},\"datePublished\":\"2024-06-25T07:46:16+00:00\",\"dateModified\":\"2024-06-25T07:47:33+00:00\",\"breadcrumb\":{\"@id\":\"https:\\\/\\\/www.gsfleet.io\\\/en\\\/resources\\\/contact-us-2\\\/#breadcrumb\"},\"inLanguage\":\"en-US\",\"potentialAction\":[{\"@type\":\"ReadAction\",\"target\":[\"https:\\\/\\\/www.gsfleet.io\\\/en\\\/resources\\\/contact-us-2\\\/\"]}]},{\"@type\":\"BreadcrumbList\",\"@id\":\"https:\\\/\\\/www.gsfleet.io\\\/en\\\/resources\\\/contact-us-2\\\/#breadcrumb\",\"itemListElement\":[{\"@type\":\"ListItem\",\"position\":1,\"name\":\"Home\",\"item\":\"https:\\\/\\\/www.gsfleet.io\\\/en\\\/\"},{\"@type\":\"ListItem\",\"position\":2,\"name\":\"About us\",\"item\":\"https:\\\/\\\/www.gsfleet.io\\\/en\\\/about-us\\\/\"},{\"@type\":\"ListItem\",\"position\":3,\"name\":\"Contact us\"}]},{\"@type\":\"WebSite\",\"@id\":\"https:\\\/\\\/www.gsfleet.io\\\/en\\\/#website\",\"url\":\"https:\\\/\\\/www.gsfleet.io\\\/en\\\/\",\"name\":\"GSFleet\",\"description\":\"\",\"publisher\":{\"@id\":\"https:\\\/\\\/www.gsfleet.io\\\/en\\\/#organization\"},\"potentialAction\":[{\"@type\":\"SearchAction\",\"target\":{\"@type\":\"EntryPoint\",\"urlTemplate\":\"https:\\\/\\\/www.gsfleet.io\\\/en\\\/?s={search_term_string}\"},\"query-input\":{\"@type\":\"PropertyValueSpecification\",\"valueRequired\":true,\"valueName\":\"search_term_string\"}}],\"inLanguage\":\"en-US\"},{\"@type\":\"Organization\",\"@id\":\"https:\\\/\\\/www.gsfleet.io\\\/en\\\/#organization\",\"name\":\"GSFleet\",\"url\":\"https:\\\/\\\/www.gsfleet.io\\\/en\\\/\",\"logo\":{\"@type\":\"ImageObject\",\"inLanguage\":\"en-US\",\"@id\":\"https:\\\/\\\/www.gsfleet.io\\\/en\\\/#\\\/schema\\\/logo\\\/image\\\/\",\"url\":\"https:\\\/\\\/www.gsfleet.io\\\/wp-content\\\/uploads\\\/GSFleet-Logo-1.svg\",\"contentUrl\":\"https:\\\/\\\/www.gsfleet.io\\\/wp-content\\\/uploads\\\/GSFleet-Logo-1.svg\",\"width\":130,\"height\":25,\"caption\":\"GSFleet\"},\"image\":{\"@id\":\"https:\\\/\\\/www.gsfleet.io\\\/en\\\/#\\\/schema\\\/logo\\\/image\\\/\"}}]}<\/script>\n<!-- \/ Yoast SEO Premium plugin. -->","yoast_head_json":{"title":"Contact us - GSFleet","robots":{"index":"index","follow":"follow","max-snippet":"max-snippet:-1","max-image-preview":"max-image-preview:large","max-video-preview":"max-video-preview:-1"},"canonical":"https:\/\/www.gsfleet.io\/en\/resources\/contact-us-2\/","og_locale":"en_US","og_type":"article","og_title":"Contact us","og_description":"Contact us GSGroup AB &#8211; !!!!J\u00e4rnbrotts Pr\u00e4stv\u00e4g 2421 32 V\u00e4stra Fr\u00f6lunda Fleet and Asset Tracking Phone: 08-550 124 65 09.00-14.00 (closed for lunch between 12.00-13.00) Alarm number: 08-29 22 90 Mail to support: support@gsgroup.se Mail to appointments: avtal@gsgroup.se","og_url":"https:\/\/www.gsfleet.io\/en\/resources\/contact-us-2\/","og_site_name":"GSFleet","article_modified_time":"2024-06-25T07:47:33+00:00","og_image":[{"width":1240,"height":827,"url":"https:\/\/www.gsfleet.io\/wp-content\/uploads\/AdobeStock_452354262_new.jpg","type":"image\/jpeg"}],"twitter_card":"summary_large_image","schema":{"@context":"https:\/\/schema.org","@graph":[{"@type":"WebPage","@id":"https:\/\/www.gsfleet.io\/en\/resources\/contact-us-2\/","url":"https:\/\/www.gsfleet.io\/en\/resources\/contact-us-2\/","name":"Contact us - GSFleet","isPartOf":{"@id":"https:\/\/www.gsfleet.io\/en\/#website"},"datePublished":"2024-06-25T07:46:16+00:00","dateModified":"2024-06-25T07:47:33+00:00","breadcrumb":{"@id":"https:\/\/www.gsfleet.io\/en\/resources\/contact-us-2\/#breadcrumb"},"inLanguage":"en-US","potentialAction":[{"@type":"ReadAction","target":["https:\/\/www.gsfleet.io\/en\/resources\/contact-us-2\/"]}]},{"@type":"BreadcrumbList","@id":"https:\/\/www.gsfleet.io\/en\/resources\/contact-us-2\/#breadcrumb","itemListElement":[{"@type":"ListItem","position":1,"name":"Home","item":"https:\/\/www.gsfleet.io\/en\/"},{"@type":"ListItem","position":2,"name":"About us","item":"https:\/\/www.gsfleet.io\/en\/about-us\/"},{"@type":"ListItem","position":3,"name":"Contact us"}]},{"@type":"WebSite","@id":"https:\/\/www.gsfleet.io\/en\/#website","url":"https:\/\/www.gsfleet.io\/en\/","name":"GSFleet","description":"","publisher":{"@id":"https:\/\/www.gsfleet.io\/en\/#organization"},"potentialAction":[{"@type":"SearchAction","target":{"@type":"EntryPoint","urlTemplate":"https:\/\/www.gsfleet.io\/en\/?s={search_term_string}"},"query-input":{"@type":"PropertyValueSpecification","valueRequired":true,"valueName":"search_term_string"}}],"inLanguage":"en-US"},{"@type":"Organization","@id":"https:\/\/www.gsfleet.io\/en\/#organization","name":"GSFleet","url":"https:\/\/www.gsfleet.io\/en\/","logo":{"@type":"ImageObject","inLanguage":"en-US","@id":"https:\/\/www.gsfleet.io\/en\/#\/schema\/logo\/image\/","url":"https:\/\/www.gsfleet.io\/wp-content\/uploads\/GSFleet-Logo-1.svg","contentUrl":"https:\/\/www.gsfleet.io\/wp-content\/uploads\/GSFleet-Logo-1.svg","width":130,"height":25,"caption":"GSFleet"},"image":{"@id":"https:\/\/www.gsfleet.io\/en\/#\/schema\/logo\/image\/"}}]}},"_links":{"self":[{"href":"https:\/\/www.gsfleet.io\/en\/wp-json\/wp\/v2\/pages\/14386","targetHints":{"allow":["GET"]}}],"collection":[{"href":"https:\/\/www.gsfleet.io\/en\/wp-json\/wp\/v2\/pages"}],"about":[{"href":"https:\/\/www.gsfleet.io\/en\/wp-json\/wp\/v2\/types\/page"}],"author":[{"embeddable":true,"href":"https:\/\/www.gsfleet.io\/en\/wp-json\/wp\/v2\/users\/6"}],"replies":[{"embeddable":true,"href":"https:\/\/www.gsfleet.io\/en\/wp-json\/wp\/v2\/comments?post=14386"}],"version-history":[{"count":2,"href":"https:\/\/www.gsfleet.io\/en\/wp-json\/wp\/v2\/pages\/14386\/revisions"}],"predecessor-version":[{"id":14395,"href":"https:\/\/www.gsfleet.io\/en\/wp-json\/wp\/v2\/pages\/14386\/revisions\/14395"}],"up":[{"embeddable":true,"href":"https:\/\/www.gsfleet.io\/en\/wp-json\/wp\/v2\/pages\/6120"}],"wp:attachment":[{"href":"https:\/\/www.gsfleet.io\/en\/wp-json\/wp\/v2\/media?parent=14386"}],"curies":[{"name":"wp","href":"https:\/\/api.w.org\/{rel}","templated":true}]}}