{"id":7951,"date":"2024-01-22T07:54:38","date_gmt":"2024-01-22T06:54:38","guid":{"rendered":"https:\/\/gsgroup.danspot.dk\/ordrebekraeftelse\/"},"modified":"2024-05-14T13:56:16","modified_gmt":"2024-05-14T11:56:16","slug":"ordrebekraeftelse","status":"publish","type":"page","link":"https:\/\/www.gsfleet.io\/da\/ordrebekraeftelse\/","title":{"rendered":"ordrebekr\u00e6ftelse"},"content":{"rendered":"\t\t<div data-elementor-type=\"wp-page\" data-elementor-id=\"7951\" class=\"elementor elementor-7951 elementor-4115\" data-elementor-post-type=\"page\">\n\t\t\t\t<div class=\"elementor-element elementor-element-6c62025 e-flex e-con-boxed e-con e-parent\" data-id=\"6c62025\" data-element_type=\"container\" data-e-type=\"container\">\n\t\t\t\t\t<div class=\"e-con-inner\">\n\t\t\t\t<div class=\"elementor-element elementor-element-aa1842c elementor-widget__width-initial elementor-widget elementor-widget-heading\" data-id=\"aa1842c\" data-element_type=\"widget\" data-e-type=\"widget\" data-widget_type=\"heading.default\">\n\t\t\t\t<div class=\"elementor-widget-container\">\n\t\t\t\t\t<h2 class=\"elementor-heading-title elementor-size-default\">Tak!<\/br>\nEn bekr\u00e6ftelse er blevet sendt til din e-mail<\/h2>\t\t\t\t<\/div>\n\t\t\t\t<\/div>\n\t\t\t\t<div class=\"elementor-element elementor-element-ec195ca elementor-widget elementor-widget-text-editor\" data-id=\"ec195ca\" data-element_type=\"widget\" data-e-type=\"widget\" data-widget_type=\"text-editor.default\">\n\t\t\t\t<div class=\"elementor-widget-container\">\n\t\t\t\t\t\t\t\t\t<p>N\u00e5r nu du er her, s\u00e5 tilmeld dig vores nyhedsbrev og f\u00e5 seneste nyt fra MyFleet.<\/p>\n\t\t\t\t\t\t\t\t<\/div>\n\t\t\t\t<\/div>\n\t\t\t\t<div class=\"elementor-element elementor-element-428d0f9 elementor-widget__width-initial elementor-button-align-stretch elementor-widget elementor-widget-form\" data-id=\"428d0f9\" data-element_type=\"widget\" data-e-type=\"widget\" data-settings=\"{&quot;step_next_label&quot;:&quot;N\\u00e6ste&quot;,&quot;step_previous_label&quot;:&quot;Forrige&quot;,&quot;button_width&quot;:&quot;50&quot;,&quot;step_type&quot;:&quot;number_text&quot;,&quot;step_icon_shape&quot;:&quot;circle&quot;}\" data-widget_type=\"form.default\">\n\t\t\t\t<div class=\"elementor-widget-container\">\n\t\t\t\t\t\t\t<form class=\"elementor-form\" method=\"post\" name=\"Tilmelding - fra ordrebekr\u00e6ftelsessiden\" aria-label=\"Tilmelding - fra ordrebekr\u00e6ftelsessiden\">\n\t\t\t<input type=\"hidden\" name=\"post_id\" value=\"7951\"\/>\n\t\t\t<input type=\"hidden\" name=\"form_id\" value=\"428d0f9\"\/>\n\t\t\t<input type=\"hidden\" name=\"referer_title\" value=\"GSFleet\" \/>\n\n\t\t\t\n\t\t\t<div class=\"elementor-form-fields-wrapper elementor-labels-above\">\n\t\t\t\t\t\t\t\t<div class=\"elementor-field-type-email elementor-field-group elementor-column elementor-field-group-field_1cd97d9 elementor-col-100 elementor-field-required elementor-mark-required\">\n\t\t\t\t\t\t\t\t\t\t\t\t\t<input size=\"1\" type=\"email\" name=\"form_fields[field_1cd97d9]\" id=\"form-field-field_1cd97d9\" class=\"elementor-field elementor-size-md  elementor-field-textual\" placeholder=\"E-mail-adresse\" required=\"required\">\n\t\t\t\t\t\t\t\t\t\t\t<\/div>\n\t\t\t\t\t\t\t\t<div class=\"elementor-field-group elementor-column elementor-field-type-submit elementor-col-50 e-form__buttons\">\n\t\t\t\t\t<button class=\"elementor-button elementor-size-md\" type=\"submit\">\n\t\t\t\t\t\t<span class=\"elementor-button-content-wrapper\">\n\t\t\t\t\t\t\t\t\t\t\t\t\t\t\t\t\t\t\t\t\t\t<span class=\"elementor-button-text\">Tilmeld<\/span>\n\t\t\t\t\t\t\t\t\t\t\t\t\t<\/span>\n\t\t\t\t\t<\/button>\n\t\t\t\t<\/div>\n\t\t\t<\/div>\n\t\t<\/form>\n\t\t\t\t\t\t<\/div>\n\t\t\t\t<\/div>\n\t\t\t\t<div class=\"elementor-element elementor-element-73a3746 elementor-shape-rounded elementor-grid-0 e-grid-align-center elementor-widget elementor-widget-social-icons\" data-id=\"73a3746\" data-element_type=\"widget\" data-e-type=\"widget\" data-widget_type=\"social-icons.default\">\n\t\t\t\t<div class=\"elementor-widget-container\">\n\t\t\t\t\t\t\t<div class=\"elementor-social-icons-wrapper elementor-grid\" role=\"list\">\n\t\t\t\t\t\t\t<span class=\"elementor-grid-item\" role=\"listitem\">\n\t\t\t\t\t<a class=\"elementor-icon elementor-social-icon elementor-social-icon-linkedin elementor-repeater-item-4cb0eac\" target=\"_blank\">\n\t\t\t\t\t\t<span class=\"elementor-screen-only\">Linkedin<\/span>\n\t\t\t\t\t\t<i aria-hidden=\"true\" class=\"fab fa-linkedin\"><\/i>\t\t\t\t\t<\/a>\n\t\t\t\t<\/span>\n\t\t\t\t\t\t\t<span class=\"elementor-grid-item\" role=\"listitem\">\n\t\t\t\t\t<a class=\"elementor-icon elementor-social-icon elementor-social-icon-facebook elementor-repeater-item-eedf963\" target=\"_blank\">\n\t\t\t\t\t\t<span class=\"elementor-screen-only\">Facebook<\/span>\n\t\t\t\t\t\t<i aria-hidden=\"true\" class=\"fab fa-facebook\"><\/i>\t\t\t\t\t<\/a>\n\t\t\t\t<\/span>\n\t\t\t\t\t\t\t<span class=\"elementor-grid-item\" role=\"listitem\">\n\t\t\t\t\t<a class=\"elementor-icon elementor-social-icon elementor-social-icon-instagram elementor-repeater-item-628987c\" target=\"_blank\">\n\t\t\t\t\t\t<span class=\"elementor-screen-only\">Instagram<\/span>\n\t\t\t\t\t\t<i aria-hidden=\"true\" class=\"fab fa-instagram\"><\/i>\t\t\t\t\t<\/a>\n\t\t\t\t<\/span>\n\t\t\t\t\t<\/div>\n\t\t\t\t\t\t<\/div>\n\t\t\t\t<\/div>\n\t\t\t\t\t<\/div>\n\t\t\t\t<\/div>\n\t\t<div class=\"elementor-element elementor-element-01d58e9 e-flex e-con-boxed e-con e-parent\" data-id=\"01d58e9\" data-element_type=\"container\" data-e-type=\"container\">\n\t\t\t\t\t<div class=\"e-con-inner\">\n\t\t<div class=\"elementor-element elementor-element-a85baf8 e-flex e-con-boxed e-con e-child\" data-id=\"a85baf8\" data-element_type=\"container\" data-e-type=\"container\">\n\t\t\t\t\t<div class=\"e-con-inner\">\n\t\t\t\t<div class=\"elementor-element elementor-element-d941d45 elementor-widget elementor-widget-image\" data-id=\"d941d45\" data-element_type=\"widget\" data-e-type=\"widget\" data-widget_type=\"image.default\">\n\t\t\t\t<div class=\"elementor-widget-container\">\n\t\t\t\t\t\t\t\t\t\t\t\t\t\t\t<img loading=\"lazy\" decoding=\"async\" width=\"240\" height=\"44\" src=\"https:\/\/www.gsfleet.io\/wp-content\/uploads\/trygg-hansa-logo-sh.png\" class=\"attachment-large size-large wp-image-15077\" alt=\"\" \/>\t\t\t\t\t\t\t\t\t\t\t\t\t\t\t<\/div>\n\t\t\t\t<\/div>\n\t\t\t\t<div class=\"elementor-element elementor-element-6dbf5c3 elementor-widget elementor-widget-image\" data-id=\"6dbf5c3\" data-element_type=\"widget\" data-e-type=\"widget\" data-widget_type=\"image.default\">\n\t\t\t\t<div class=\"elementor-widget-container\">\n\t\t\t\t\t\t\t\t\t\t\t\t\t\t\t<img loading=\"lazy\" decoding=\"async\" width=\"157\" height=\"41\" src=\"https:\/\/www.gsfleet.io\/wp-content\/uploads\/servu-e1697016810490-sh.png\" class=\"attachment-large size-large wp-image-15076\" alt=\"\" \/>\t\t\t\t\t\t\t\t\t\t\t\t\t\t\t<\/div>\n\t\t\t\t<\/div>\n\t\t\t\t<div class=\"elementor-element elementor-element-bc7f041 elementor-widget elementor-widget-image\" data-id=\"bc7f041\" data-element_type=\"widget\" data-e-type=\"widget\" data-widget_type=\"image.default\">\n\t\t\t\t<div class=\"elementor-widget-container\">\n\t\t\t\t\t\t\t\t\t\t\t\t\t\t\t<img loading=\"lazy\" decoding=\"async\" width=\"240\" height=\"44\" src=\"https:\/\/www.gsfleet.io\/wp-content\/uploads\/trygg-hansa-logo-sh.png\" class=\"attachment-large size-large wp-image-15077\" alt=\"\" \/>\t\t\t\t\t\t\t\t\t\t\t\t\t\t\t<\/div>\n\t\t\t\t<\/div>\n\t\t\t\t<div class=\"elementor-element elementor-element-ac8a20f elementor-widget elementor-widget-image\" data-id=\"ac8a20f\" data-element_type=\"widget\" data-e-type=\"widget\" data-widget_type=\"image.default\">\n\t\t\t\t<div class=\"elementor-widget-container\">\n\t\t\t\t\t\t\t\t\t\t\t\t\t\t\t<img loading=\"lazy\" decoding=\"async\" width=\"157\" height=\"41\" src=\"https:\/\/www.gsfleet.io\/wp-content\/uploads\/servu-e1697016810490-sh.png\" class=\"attachment-large size-large wp-image-15076\" alt=\"\" \/>\t\t\t\t\t\t\t\t\t\t\t\t\t\t\t<\/div>\n\t\t\t\t<\/div>\n\t\t\t\t\t<\/div>\n\t\t\t\t<\/div>\n\t\t\t\t\t<\/div>\n\t\t\t\t<\/div>\n\t\t\t\t<\/div>\n\t\t","protected":false},"excerpt":{"rendered":"<p>Tak! En bekr\u00e6ftelse er blevet sendt til din e-mail N\u00e5r nu du er her, s\u00e5 tilmeld dig vores nyhedsbrev og f\u00e5 seneste nyt fra MyFleet. Linkedin Facebook Instagram<\/p>\n","protected":false},"author":2,"featured_media":0,"parent":0,"menu_order":0,"comment_status":"closed","ping_status":"closed","template":"","meta":{"_acf_changed":false,"footnotes":""},"class_list":["post-7951","page","type-page","status-publish","hentry"],"acf":[],"yoast_head":"<!-- This site is optimized with the Yoast SEO Premium plugin v27.4 (Yoast SEO v27.5) - https:\/\/yoast.com\/product\/yoast-seo-premium-wordpress\/ -->\n<title>ordrebekr\u00e6ftelse - GSFleet<\/title>\n<meta name=\"robots\" content=\"index, follow, max-snippet:-1, max-image-preview:large, max-video-preview:-1\" \/>\n<link rel=\"canonical\" href=\"https:\/\/www.gsfleet.io\/da\/ordrebekraeftelse\/\" \/>\n<meta property=\"og:locale\" content=\"da_DK\" \/>\n<meta property=\"og:type\" content=\"article\" \/>\n<meta property=\"og:title\" content=\"ordrebekr\u00e6ftelse\" \/>\n<meta property=\"og:description\" content=\"Tak! En bekr\u00e6ftelse er blevet sendt til din e-mail N\u00e5r nu du er her, s\u00e5 tilmeld dig vores nyhedsbrev og f\u00e5 seneste nyt fra MyFleet. Linkedin Facebook Instagram\" \/>\n<meta property=\"og:url\" content=\"https:\/\/www.gsfleet.io\/da\/ordrebekraeftelse\/\" \/>\n<meta property=\"og:site_name\" content=\"GSFleet\" \/>\n<meta property=\"article:modified_time\" content=\"2024-05-14T11:56:16+00:00\" \/>\n<meta property=\"og:image\" content=\"https:\/\/www.gsfleet.io\/wp-content\/uploads\/trygg-hansa-logo-sh.png\" \/>\n<meta name=\"twitter:card\" content=\"summary_large_image\" \/>\n<script type=\"application\/ld+json\" class=\"yoast-schema-graph\">{\"@context\":\"https:\\\/\\\/schema.org\",\"@graph\":[{\"@type\":\"WebPage\",\"@id\":\"https:\\\/\\\/www.gsfleet.io\\\/da\\\/ordrebekraeftelse\\\/\",\"url\":\"https:\\\/\\\/www.gsfleet.io\\\/da\\\/ordrebekraeftelse\\\/\",\"name\":\"ordrebekr\u00e6ftelse - GSFleet\",\"isPartOf\":{\"@id\":\"https:\\\/\\\/www.gsfleet.io\\\/da\\\/#website\"},\"primaryImageOfPage\":{\"@id\":\"https:\\\/\\\/www.gsfleet.io\\\/da\\\/ordrebekraeftelse\\\/#primaryimage\"},\"image\":{\"@id\":\"https:\\\/\\\/www.gsfleet.io\\\/da\\\/ordrebekraeftelse\\\/#primaryimage\"},\"thumbnailUrl\":\"https:\\\/\\\/www.gsfleet.io\\\/wp-content\\\/uploads\\\/trygg-hansa-logo-sh.png\",\"datePublished\":\"2024-01-22T06:54:38+00:00\",\"dateModified\":\"2024-05-14T11:56:16+00:00\",\"breadcrumb\":{\"@id\":\"https:\\\/\\\/www.gsfleet.io\\\/da\\\/ordrebekraeftelse\\\/#breadcrumb\"},\"inLanguage\":\"da-DK\",\"potentialAction\":[{\"@type\":\"ReadAction\",\"target\":[\"https:\\\/\\\/www.gsfleet.io\\\/da\\\/ordrebekraeftelse\\\/\"]}]},{\"@type\":\"ImageObject\",\"inLanguage\":\"da-DK\",\"@id\":\"https:\\\/\\\/www.gsfleet.io\\\/da\\\/ordrebekraeftelse\\\/#primaryimage\",\"url\":\"https:\\\/\\\/www.gsfleet.io\\\/wp-content\\\/uploads\\\/trygg-hansa-logo-sh.png\",\"contentUrl\":\"https:\\\/\\\/www.gsfleet.io\\\/wp-content\\\/uploads\\\/trygg-hansa-logo-sh.png\"},{\"@type\":\"BreadcrumbList\",\"@id\":\"https:\\\/\\\/www.gsfleet.io\\\/da\\\/ordrebekraeftelse\\\/#breadcrumb\",\"itemListElement\":[{\"@type\":\"ListItem\",\"position\":1,\"name\":\"Home\",\"item\":\"https:\\\/\\\/www.gsfleet.io\\\/da\\\/\"},{\"@type\":\"ListItem\",\"position\":2,\"name\":\"ordrebekr\u00e6ftelse\"}]},{\"@type\":\"WebSite\",\"@id\":\"https:\\\/\\\/www.gsfleet.io\\\/da\\\/#website\",\"url\":\"https:\\\/\\\/www.gsfleet.io\\\/da\\\/\",\"name\":\"GSFleet\",\"description\":\"\",\"publisher\":{\"@id\":\"https:\\\/\\\/www.gsfleet.io\\\/da\\\/#organization\"},\"potentialAction\":[{\"@type\":\"SearchAction\",\"target\":{\"@type\":\"EntryPoint\",\"urlTemplate\":\"https:\\\/\\\/www.gsfleet.io\\\/da\\\/?s={search_term_string}\"},\"query-input\":{\"@type\":\"PropertyValueSpecification\",\"valueRequired\":true,\"valueName\":\"search_term_string\"}}],\"inLanguage\":\"da-DK\"},{\"@type\":\"Organization\",\"@id\":\"https:\\\/\\\/www.gsfleet.io\\\/da\\\/#organization\",\"name\":\"GSFleet\",\"url\":\"https:\\\/\\\/www.gsfleet.io\\\/da\\\/\",\"logo\":{\"@type\":\"ImageObject\",\"inLanguage\":\"da-DK\",\"@id\":\"https:\\\/\\\/www.gsfleet.io\\\/da\\\/#\\\/schema\\\/logo\\\/image\\\/\",\"url\":\"https:\\\/\\\/www.gsfleet.io\\\/wp-content\\\/uploads\\\/GSFleet-Logo-1.svg\",\"contentUrl\":\"https:\\\/\\\/www.gsfleet.io\\\/wp-content\\\/uploads\\\/GSFleet-Logo-1.svg\",\"width\":130,\"height\":25,\"caption\":\"GSFleet\"},\"image\":{\"@id\":\"https:\\\/\\\/www.gsfleet.io\\\/da\\\/#\\\/schema\\\/logo\\\/image\\\/\"}}]}<\/script>\n<!-- \/ Yoast SEO Premium plugin. -->","yoast_head_json":{"title":"ordrebekr\u00e6ftelse - GSFleet","robots":{"index":"index","follow":"follow","max-snippet":"max-snippet:-1","max-image-preview":"max-image-preview:large","max-video-preview":"max-video-preview:-1"},"canonical":"https:\/\/www.gsfleet.io\/da\/ordrebekraeftelse\/","og_locale":"da_DK","og_type":"article","og_title":"ordrebekr\u00e6ftelse","og_description":"Tak! En bekr\u00e6ftelse er blevet sendt til din e-mail N\u00e5r nu du er her, s\u00e5 tilmeld dig vores nyhedsbrev og f\u00e5 seneste nyt fra MyFleet. Linkedin Facebook Instagram","og_url":"https:\/\/www.gsfleet.io\/da\/ordrebekraeftelse\/","og_site_name":"GSFleet","article_modified_time":"2024-05-14T11:56:16+00:00","og_image":[{"url":"https:\/\/www.gsfleet.io\/wp-content\/uploads\/trygg-hansa-logo-sh.png","type":"","width":"","height":""}],"twitter_card":"summary_large_image","schema":{"@context":"https:\/\/schema.org","@graph":[{"@type":"WebPage","@id":"https:\/\/www.gsfleet.io\/da\/ordrebekraeftelse\/","url":"https:\/\/www.gsfleet.io\/da\/ordrebekraeftelse\/","name":"ordrebekr\u00e6ftelse - GSFleet","isPartOf":{"@id":"https:\/\/www.gsfleet.io\/da\/#website"},"primaryImageOfPage":{"@id":"https:\/\/www.gsfleet.io\/da\/ordrebekraeftelse\/#primaryimage"},"image":{"@id":"https:\/\/www.gsfleet.io\/da\/ordrebekraeftelse\/#primaryimage"},"thumbnailUrl":"https:\/\/www.gsfleet.io\/wp-content\/uploads\/trygg-hansa-logo-sh.png","datePublished":"2024-01-22T06:54:38+00:00","dateModified":"2024-05-14T11:56:16+00:00","breadcrumb":{"@id":"https:\/\/www.gsfleet.io\/da\/ordrebekraeftelse\/#breadcrumb"},"inLanguage":"da-DK","potentialAction":[{"@type":"ReadAction","target":["https:\/\/www.gsfleet.io\/da\/ordrebekraeftelse\/"]}]},{"@type":"ImageObject","inLanguage":"da-DK","@id":"https:\/\/www.gsfleet.io\/da\/ordrebekraeftelse\/#primaryimage","url":"https:\/\/www.gsfleet.io\/wp-content\/uploads\/trygg-hansa-logo-sh.png","contentUrl":"https:\/\/www.gsfleet.io\/wp-content\/uploads\/trygg-hansa-logo-sh.png"},{"@type":"BreadcrumbList","@id":"https:\/\/www.gsfleet.io\/da\/ordrebekraeftelse\/#breadcrumb","itemListElement":[{"@type":"ListItem","position":1,"name":"Home","item":"https:\/\/www.gsfleet.io\/da\/"},{"@type":"ListItem","position":2,"name":"ordrebekr\u00e6ftelse"}]},{"@type":"WebSite","@id":"https:\/\/www.gsfleet.io\/da\/#website","url":"https:\/\/www.gsfleet.io\/da\/","name":"GSFleet","description":"","publisher":{"@id":"https:\/\/www.gsfleet.io\/da\/#organization"},"potentialAction":[{"@type":"SearchAction","target":{"@type":"EntryPoint","urlTemplate":"https:\/\/www.gsfleet.io\/da\/?s={search_term_string}"},"query-input":{"@type":"PropertyValueSpecification","valueRequired":true,"valueName":"search_term_string"}}],"inLanguage":"da-DK"},{"@type":"Organization","@id":"https:\/\/www.gsfleet.io\/da\/#organization","name":"GSFleet","url":"https:\/\/www.gsfleet.io\/da\/","logo":{"@type":"ImageObject","inLanguage":"da-DK","@id":"https:\/\/www.gsfleet.io\/da\/#\/schema\/logo\/image\/","url":"https:\/\/www.gsfleet.io\/wp-content\/uploads\/GSFleet-Logo-1.svg","contentUrl":"https:\/\/www.gsfleet.io\/wp-content\/uploads\/GSFleet-Logo-1.svg","width":130,"height":25,"caption":"GSFleet"},"image":{"@id":"https:\/\/www.gsfleet.io\/da\/#\/schema\/logo\/image\/"}}]}},"_links":{"self":[{"href":"https:\/\/www.gsfleet.io\/da\/wp-json\/wp\/v2\/pages\/7951","targetHints":{"allow":["GET"]}}],"collection":[{"href":"https:\/\/www.gsfleet.io\/da\/wp-json\/wp\/v2\/pages"}],"about":[{"href":"https:\/\/www.gsfleet.io\/da\/wp-json\/wp\/v2\/types\/page"}],"author":[{"embeddable":true,"href":"https:\/\/www.gsfleet.io\/da\/wp-json\/wp\/v2\/users\/2"}],"replies":[{"embeddable":true,"href":"https:\/\/www.gsfleet.io\/da\/wp-json\/wp\/v2\/comments?post=7951"}],"version-history":[{"count":10,"href":"https:\/\/www.gsfleet.io\/da\/wp-json\/wp\/v2\/pages\/7951\/revisions"}],"predecessor-version":[{"id":9855,"href":"https:\/\/www.gsfleet.io\/da\/wp-json\/wp\/v2\/pages\/7951\/revisions\/9855"}],"wp:attachment":[{"href":"https:\/\/www.gsfleet.io\/da\/wp-json\/wp\/v2\/media?parent=7951"}],"curies":[{"name":"wp","href":"https:\/\/api.w.org\/{rel}","templated":true}]}}