{"id":7058,"date":"2023-10-09T14:58:59","date_gmt":"2023-10-09T12:58:59","guid":{"rendered":"https:\/\/gsgroup.danspot.dk\/ressourcer\/indsigt\/"},"modified":"2025-11-25T09:28:49","modified_gmt":"2025-11-25T08:28:49","slug":"indsigt","status":"publish","type":"page","link":"https:\/\/www.gsfleet.io\/da\/ressourcer\/indsigt\/","title":{"rendered":"Indsigt"},"content":{"rendered":"\t\t<div data-elementor-type=\"wp-page\" data-elementor-id=\"7058\" class=\"elementor elementor-7058 elementor-601\" data-elementor-post-type=\"page\">\n\t\t\t\t<div class=\"elementor-element elementor-element-eb67a46 e-flex e-con-boxed e-con e-parent\" data-id=\"eb67a46\" data-element_type=\"container\" data-e-type=\"container\">\n\t\t\t\t\t<div class=\"e-con-inner\">\n\t\t\t\t<div class=\"elementor-element elementor-element-20472d8 elementor-widget elementor-widget-heading\" data-id=\"20472d8\" data-element_type=\"widget\" data-e-type=\"widget\" data-widget_type=\"heading.default\">\n\t\t\t\t<div class=\"elementor-widget-container\">\n\t\t\t\t\t<h2 class=\"elementor-heading-title elementor-size-default\">Indsigt<\/h2>\t\t\t\t<\/div>\n\t\t\t\t<\/div>\n\t\t\t\t<div class=\"elementor-element elementor-element-32251d7 elementor-grid-3 elementor-grid-tablet-2 elementor-grid-mobile-1 elementor-widget elementor-widget-loop-grid\" data-id=\"32251d7\" data-element_type=\"widget\" data-e-type=\"widget\" data-settings=\"{&quot;template_id&quot;:593,&quot;pagination_type&quot;:&quot;numbers&quot;,&quot;row_gap&quot;:{&quot;unit&quot;:&quot;rem&quot;,&quot;size&quot;:4,&quot;sizes&quot;:[]},&quot;row_gap_tablet&quot;:{&quot;unit&quot;:&quot;rem&quot;,&quot;size&quot;:&quot;&quot;,&quot;sizes&quot;:[]},&quot;row_gap_mobile&quot;:{&quot;unit&quot;:&quot;rem&quot;,&quot;size&quot;:&quot;&quot;,&quot;sizes&quot;:[]},&quot;_skin&quot;:&quot;post&quot;,&quot;columns&quot;:&quot;3&quot;,&quot;columns_tablet&quot;:&quot;2&quot;,&quot;columns_mobile&quot;:&quot;1&quot;,&quot;edit_handle_selector&quot;:&quot;[data-elementor-type=\\&quot;loop-item\\&quot;]&quot;,&quot;pagination_load_type&quot;:&quot;page_reload&quot;}\" data-widget_type=\"loop-grid.post\">\n\t\t\t\t<div class=\"elementor-widget-container\">\n\t\t\t\t\t\t\t<div class=\"elementor-loop-container elementor-grid\" role=\"list\">\n\t\t<style id=\"loop-593\">.elementor-593 .elementor-element.elementor-element-bca6a9e{--display:flex;--padding-top:0px;--padding-bottom:0px;--padding-left:0px;--padding-right:0px;}.elementor-593 .elementor-element.elementor-element-bca6a9e.e-con{--flex-grow:0;--flex-shrink:0;}.elementor-593 .elementor-element.elementor-element-850df0e .elementor-heading-title{font-family:var( --e-global-typography-480bec5-font-family ), Sans-serif;font-size:var( --e-global-typography-480bec5-font-size );font-weight:var( --e-global-typography-480bec5-font-weight );line-height:var( --e-global-typography-480bec5-line-height );letter-spacing:var( --e-global-typography-480bec5-letter-spacing );word-spacing:var( --e-global-typography-480bec5-word-spacing );color:var( --e-global-color-text );}.elementor-593 .elementor-element.elementor-element-00b6219{--display:flex;--gap:0px 0px;--row-gap:0px;--column-gap:0px;--padding-top:0px;--padding-bottom:0px;--padding-left:0px;--padding-right:0px;}@media(min-width:768px){.elementor-593 .elementor-element.elementor-element-bca6a9e{--width:100%;}}@media(max-width:1024px){.elementor-593 .elementor-element.elementor-element-850df0e .elementor-heading-title{font-size:var( --e-global-typography-480bec5-font-size );line-height:var( --e-global-typography-480bec5-line-height );letter-spacing:var( --e-global-typography-480bec5-letter-spacing );word-spacing:var( --e-global-typography-480bec5-word-spacing );}}@media(max-width:767px){.elementor-593 .elementor-element.elementor-element-850df0e .elementor-heading-title{font-size:var( --e-global-typography-480bec5-font-size );line-height:var( --e-global-typography-480bec5-line-height );letter-spacing:var( --e-global-typography-480bec5-letter-spacing );word-spacing:var( --e-global-typography-480bec5-word-spacing );}}<\/style>\t\t<div data-elementor-type=\"loop-item\" data-elementor-id=\"593\" class=\"elementor elementor-593 e-loop-item e-loop-item-8743 post-8743 insight type-insight status-publish has-post-thumbnail hentry\" data-elementor-post-type=\"elementor_library\" data-custom-edit-handle=\"1\">\n\t\t\t<div class=\"elementor-element elementor-element-bca6a9e e-con-full e-flex e-con e-parent\" data-id=\"bca6a9e\" data-element_type=\"container\" data-e-type=\"container\">\n\t\t\t\t<div class=\"elementor-element elementor-element-4971638 elementor-widget elementor-widget-image\" data-id=\"4971638\" data-element_type=\"widget\" data-e-type=\"widget\" data-widget_type=\"image.default\">\n\t\t\t\t<div class=\"elementor-widget-container\">\n\t\t\t\t\t\t\t\t\t\t\t\t\t\t\t\t<a href=\"https:\/\/www.gsfleet.io\/da\/insight\/alt-du-behoever-at-vide-om-tomgangskoersel\/\">\n\t\t\t\t\t\t\t<img loading=\"lazy\" decoding=\"async\" width=\"700\" height=\"450\" src=\"https:\/\/www.gsfleet.io\/wp-content\/uploads\/tomgaangskorning.jpg\" class=\"attachment-medium_large size-medium_large wp-image-8744\" alt=\"\" srcset=\"https:\/\/www.gsfleet.io\/wp-content\/uploads\/tomgaangskorning.jpg 700w, https:\/\/www.gsfleet.io\/wp-content\/uploads\/tomgaangskorning-600x386.jpg 600w, https:\/\/www.gsfleet.io\/wp-content\/uploads\/tomgaangskorning-300x193.jpg 300w\" sizes=\"auto, (max-width: 700px) 100vw, 700px\" \/>\t\t\t\t\t\t\t\t<\/a>\n\t\t\t\t\t\t\t\t\t\t\t\t\t\t\t<\/div>\n\t\t\t\t<\/div>\n\t\t\t\t<div class=\"elementor-element elementor-element-850df0e elementor-widget elementor-widget-theme-post-title elementor-page-title elementor-widget-heading\" data-id=\"850df0e\" data-element_type=\"widget\" data-e-type=\"widget\" data-widget_type=\"theme-post-title.default\">\n\t\t\t\t<div class=\"elementor-widget-container\">\n\t\t\t\t\t<h2 class=\"elementor-heading-title elementor-size-default\"><a href=\"https:\/\/www.gsfleet.io\/da\/insight\/alt-du-behoever-at-vide-om-tomgangskoersel\/\">Alt du beh\u00f8ver at vide om tomgangsk\u00f8rsel<\/a><\/h2>\t\t\t\t<\/div>\n\t\t\t\t<\/div>\n\t\t<div class=\"elementor-element elementor-element-00b6219 e-con-full e-flex e-con e-child\" data-id=\"00b6219\" data-element_type=\"container\" data-e-type=\"container\">\n\t\t\t\t<\/div>\n\t\t\t\t<\/div>\n\t\t\t\t<\/div>\n\t\t\t\t<\/div>\n\t\t\n\t\t\t\t\t\t<\/div>\n\t\t\t\t<\/div>\n\t\t\t\t\t<\/div>\n\t\t\t\t<\/div>\n\t\t\t\t<\/div>\n\t\t","protected":false},"excerpt":{"rendered":"<p>Indsigt<\/p>\n","protected":false},"author":2,"featured_media":0,"parent":7048,"menu_order":0,"comment_status":"closed","ping_status":"closed","template":"","meta":{"_acf_changed":false,"footnotes":""},"class_list":["post-7058","page","type-page","status-publish","hentry"],"acf":[],"yoast_head":"<!-- This site is optimized with the Yoast SEO Premium plugin v27.3 (Yoast SEO v27.3) - https:\/\/yoast.com\/product\/yoast-seo-premium-wordpress\/ -->\n<title>Blog - GSFleet<\/title>\n<meta name=\"description\" content=\"F\u00e5 indsigt i transportbranchen for at hj\u00e6lpe dig med at drive din fl\u00e5de p\u00e5 en optimal m\u00e5de.\" \/>\n<meta name=\"robots\" content=\"index, follow, max-snippet:-1, max-image-preview:large, max-video-preview:-1\" \/>\n<link rel=\"canonical\" href=\"https:\/\/www.gsfleet.io\/da\/ressourcer\/indsigt\/\" \/>\n<meta property=\"og:locale\" content=\"da_DK\" \/>\n<meta property=\"og:type\" content=\"article\" \/>\n<meta property=\"og:title\" content=\"Indsigt\" \/>\n<meta property=\"og:description\" content=\"F\u00e5 indsigt i transportbranchen for at hj\u00e6lpe dig med at drive din fl\u00e5de p\u00e5 en optimal m\u00e5de.\" \/>\n<meta property=\"og:url\" content=\"https:\/\/www.gsfleet.io\/da\/ressourcer\/indsigt\/\" \/>\n<meta property=\"og:site_name\" content=\"GSFleet\" \/>\n<meta property=\"article:modified_time\" content=\"2025-11-25T08:28:49+00:00\" \/>\n<meta property=\"og:image\" content=\"https:\/\/www.gsfleet.io\/wp-content\/uploads\/AdobeStock_452354262_new.jpg\" \/>\n\t<meta property=\"og:image:width\" content=\"1240\" \/>\n\t<meta property=\"og:image:height\" content=\"827\" \/>\n\t<meta property=\"og:image:type\" content=\"image\/jpeg\" \/>\n<meta name=\"twitter:card\" content=\"summary_large_image\" \/>\n<script type=\"application\/ld+json\" class=\"yoast-schema-graph\">{\"@context\":\"https:\\\/\\\/schema.org\",\"@graph\":[{\"@type\":\"WebPage\",\"@id\":\"https:\\\/\\\/www.gsfleet.io\\\/da\\\/ressourcer\\\/indsigt\\\/\",\"url\":\"https:\\\/\\\/www.gsfleet.io\\\/da\\\/ressourcer\\\/indsigt\\\/\",\"name\":\"Blog - GSFleet\",\"isPartOf\":{\"@id\":\"https:\\\/\\\/www.gsfleet.io\\\/da\\\/#website\"},\"datePublished\":\"2023-10-09T12:58:59+00:00\",\"dateModified\":\"2025-11-25T08:28:49+00:00\",\"description\":\"F\u00e5 indsigt i transportbranchen for at hj\u00e6lpe dig med at drive din fl\u00e5de p\u00e5 en optimal m\u00e5de.\",\"breadcrumb\":{\"@id\":\"https:\\\/\\\/www.gsfleet.io\\\/da\\\/ressourcer\\\/indsigt\\\/#breadcrumb\"},\"inLanguage\":\"da-DK\",\"potentialAction\":[{\"@type\":\"ReadAction\",\"target\":[\"https:\\\/\\\/www.gsfleet.io\\\/da\\\/ressourcer\\\/indsigt\\\/\"]}]},{\"@type\":\"BreadcrumbList\",\"@id\":\"https:\\\/\\\/www.gsfleet.io\\\/da\\\/ressourcer\\\/indsigt\\\/#breadcrumb\",\"itemListElement\":[{\"@type\":\"ListItem\",\"position\":1,\"name\":\"Home\",\"item\":\"https:\\\/\\\/www.gsfleet.io\\\/da\\\/\"},{\"@type\":\"ListItem\",\"position\":2,\"name\":\"Ressourcer\",\"item\":\"https:\\\/\\\/www.gsfleet.io\\\/da\\\/resurser\\\/\"},{\"@type\":\"ListItem\",\"position\":3,\"name\":\"Indsigt\"}]},{\"@type\":\"WebSite\",\"@id\":\"https:\\\/\\\/www.gsfleet.io\\\/da\\\/#website\",\"url\":\"https:\\\/\\\/www.gsfleet.io\\\/da\\\/\",\"name\":\"GSFleet\",\"description\":\"\",\"publisher\":{\"@id\":\"https:\\\/\\\/www.gsfleet.io\\\/da\\\/#organization\"},\"potentialAction\":[{\"@type\":\"SearchAction\",\"target\":{\"@type\":\"EntryPoint\",\"urlTemplate\":\"https:\\\/\\\/www.gsfleet.io\\\/da\\\/?s={search_term_string}\"},\"query-input\":{\"@type\":\"PropertyValueSpecification\",\"valueRequired\":true,\"valueName\":\"search_term_string\"}}],\"inLanguage\":\"da-DK\"},{\"@type\":\"Organization\",\"@id\":\"https:\\\/\\\/www.gsfleet.io\\\/da\\\/#organization\",\"name\":\"GSFleet\",\"url\":\"https:\\\/\\\/www.gsfleet.io\\\/da\\\/\",\"logo\":{\"@type\":\"ImageObject\",\"inLanguage\":\"da-DK\",\"@id\":\"https:\\\/\\\/www.gsfleet.io\\\/da\\\/#\\\/schema\\\/logo\\\/image\\\/\",\"url\":\"https:\\\/\\\/www.gsfleet.io\\\/wp-content\\\/uploads\\\/GSFleet-Logo-1.svg\",\"contentUrl\":\"https:\\\/\\\/www.gsfleet.io\\\/wp-content\\\/uploads\\\/GSFleet-Logo-1.svg\",\"width\":130,\"height\":25,\"caption\":\"GSFleet\"},\"image\":{\"@id\":\"https:\\\/\\\/www.gsfleet.io\\\/da\\\/#\\\/schema\\\/logo\\\/image\\\/\"}}]}<\/script>\n<!-- \/ Yoast SEO Premium plugin. -->","yoast_head_json":{"title":"Blog - GSFleet","description":"F\u00e5 indsigt i transportbranchen for at hj\u00e6lpe dig med at drive din fl\u00e5de p\u00e5 en optimal m\u00e5de.","robots":{"index":"index","follow":"follow","max-snippet":"max-snippet:-1","max-image-preview":"max-image-preview:large","max-video-preview":"max-video-preview:-1"},"canonical":"https:\/\/www.gsfleet.io\/da\/ressourcer\/indsigt\/","og_locale":"da_DK","og_type":"article","og_title":"Indsigt","og_description":"F\u00e5 indsigt i transportbranchen for at hj\u00e6lpe dig med at drive din fl\u00e5de p\u00e5 en optimal m\u00e5de.","og_url":"https:\/\/www.gsfleet.io\/da\/ressourcer\/indsigt\/","og_site_name":"GSFleet","article_modified_time":"2025-11-25T08:28:49+00:00","og_image":[{"width":1240,"height":827,"url":"https:\/\/www.gsfleet.io\/wp-content\/uploads\/AdobeStock_452354262_new.jpg","type":"image\/jpeg"}],"twitter_card":"summary_large_image","schema":{"@context":"https:\/\/schema.org","@graph":[{"@type":"WebPage","@id":"https:\/\/www.gsfleet.io\/da\/ressourcer\/indsigt\/","url":"https:\/\/www.gsfleet.io\/da\/ressourcer\/indsigt\/","name":"Blog - GSFleet","isPartOf":{"@id":"https:\/\/www.gsfleet.io\/da\/#website"},"datePublished":"2023-10-09T12:58:59+00:00","dateModified":"2025-11-25T08:28:49+00:00","description":"F\u00e5 indsigt i transportbranchen for at hj\u00e6lpe dig med at drive din fl\u00e5de p\u00e5 en optimal m\u00e5de.","breadcrumb":{"@id":"https:\/\/www.gsfleet.io\/da\/ressourcer\/indsigt\/#breadcrumb"},"inLanguage":"da-DK","potentialAction":[{"@type":"ReadAction","target":["https:\/\/www.gsfleet.io\/da\/ressourcer\/indsigt\/"]}]},{"@type":"BreadcrumbList","@id":"https:\/\/www.gsfleet.io\/da\/ressourcer\/indsigt\/#breadcrumb","itemListElement":[{"@type":"ListItem","position":1,"name":"Home","item":"https:\/\/www.gsfleet.io\/da\/"},{"@type":"ListItem","position":2,"name":"Ressourcer","item":"https:\/\/www.gsfleet.io\/da\/resurser\/"},{"@type":"ListItem","position":3,"name":"Indsigt"}]},{"@type":"WebSite","@id":"https:\/\/www.gsfleet.io\/da\/#website","url":"https:\/\/www.gsfleet.io\/da\/","name":"GSFleet","description":"","publisher":{"@id":"https:\/\/www.gsfleet.io\/da\/#organization"},"potentialAction":[{"@type":"SearchAction","target":{"@type":"EntryPoint","urlTemplate":"https:\/\/www.gsfleet.io\/da\/?s={search_term_string}"},"query-input":{"@type":"PropertyValueSpecification","valueRequired":true,"valueName":"search_term_string"}}],"inLanguage":"da-DK"},{"@type":"Organization","@id":"https:\/\/www.gsfleet.io\/da\/#organization","name":"GSFleet","url":"https:\/\/www.gsfleet.io\/da\/","logo":{"@type":"ImageObject","inLanguage":"da-DK","@id":"https:\/\/www.gsfleet.io\/da\/#\/schema\/logo\/image\/","url":"https:\/\/www.gsfleet.io\/wp-content\/uploads\/GSFleet-Logo-1.svg","contentUrl":"https:\/\/www.gsfleet.io\/wp-content\/uploads\/GSFleet-Logo-1.svg","width":130,"height":25,"caption":"GSFleet"},"image":{"@id":"https:\/\/www.gsfleet.io\/da\/#\/schema\/logo\/image\/"}}]}},"_links":{"self":[{"href":"https:\/\/www.gsfleet.io\/da\/wp-json\/wp\/v2\/pages\/7058","targetHints":{"allow":["GET"]}}],"collection":[{"href":"https:\/\/www.gsfleet.io\/da\/wp-json\/wp\/v2\/pages"}],"about":[{"href":"https:\/\/www.gsfleet.io\/da\/wp-json\/wp\/v2\/types\/page"}],"author":[{"embeddable":true,"href":"https:\/\/www.gsfleet.io\/da\/wp-json\/wp\/v2\/users\/2"}],"replies":[{"embeddable":true,"href":"https:\/\/www.gsfleet.io\/da\/wp-json\/wp\/v2\/comments?post=7058"}],"version-history":[{"count":6,"href":"https:\/\/www.gsfleet.io\/da\/wp-json\/wp\/v2\/pages\/7058\/revisions"}],"predecessor-version":[{"id":17696,"href":"https:\/\/www.gsfleet.io\/da\/wp-json\/wp\/v2\/pages\/7058\/revisions\/17696"}],"up":[{"embeddable":true,"href":"https:\/\/www.gsfleet.io\/da\/wp-json\/wp\/v2\/pages\/7048"}],"wp:attachment":[{"href":"https:\/\/www.gsfleet.io\/da\/wp-json\/wp\/v2\/media?parent=7058"}],"curies":[{"name":"wp","href":"https:\/\/api.w.org\/{rel}","templated":true}]}}