{"id":7054,"date":"2023-10-27T09:14:36","date_gmt":"2023-10-27T07:14:36","guid":{"rendered":"https:\/\/gsgroup.danspot.dk\/kontakt-os\/"},"modified":"2025-11-25T09:43:50","modified_gmt":"2025-11-25T08:43:50","slug":"kontakt-os","status":"publish","type":"page","link":"https:\/\/www.gsfleet.io\/da\/om-os\/kontakt-os\/","title":{"rendered":"Kontakt os"},"content":{"rendered":"\t\t<div data-elementor-type=\"wp-page\" data-elementor-id=\"7054\" class=\"elementor elementor-7054 elementor-1162\" data-elementor-post-type=\"page\">\n\t\t\t\t<div class=\"elementor-element elementor-element-86f2c81 e-flex e-con-boxed e-con e-parent\" data-id=\"86f2c81\" data-element_type=\"container\" data-e-type=\"container\">\n\t\t\t\t\t<div class=\"e-con-inner\">\n\t\t\t\t<div class=\"elementor-element elementor-element-61246de elementor-widget elementor-widget-heading\" data-id=\"61246de\" data-element_type=\"widget\" data-e-type=\"widget\" data-widget_type=\"heading.default\">\n\t\t\t\t<div class=\"elementor-widget-container\">\n\t\t\t\t\t<h2 class=\"elementor-heading-title elementor-size-default\">Kontakt os<\/h2>\t\t\t\t<\/div>\n\t\t\t\t<\/div>\n\t\t\t\t<div class=\"elementor-element elementor-element-d3d12e7 elementor-widget elementor-widget-text-editor\" data-id=\"d3d12e7\" data-element_type=\"widget\" data-e-type=\"widget\" data-widget_type=\"text-editor.default\">\n\t\t\t\t<div class=\"elementor-widget-container\">\n\t\t\t\t\t\t\t\t\t<p>GSFleet DK ApS<br \/>H\u00f8gevej 19<br \/>6705 Esbjerg<\/p>\t\t\t\t\t\t\t\t<\/div>\n\t\t\t\t<\/div>\n\t\t\t\t<div class=\"elementor-element elementor-element-03813aa elementor-widget elementor-widget-heading\" data-id=\"03813aa\" data-element_type=\"widget\" data-e-type=\"widget\" data-widget_type=\"heading.default\">\n\t\t\t\t<div class=\"elementor-widget-container\">\n\t\t\t\t\t<div class=\"elementor-heading-title elementor-size-default\">Sporing af fl\u00e5de og aktiver<\/div>\t\t\t\t<\/div>\n\t\t\t\t<\/div>\n\t\t\t\t<div class=\"elementor-element elementor-element-52cb676 elementor-widget elementor-widget-text-editor\" data-id=\"52cb676\" data-element_type=\"widget\" data-e-type=\"widget\" data-widget_type=\"text-editor.default\">\n\t\t\t\t<div class=\"elementor-widget-container\">\n\t\t\t\t\t\t\t\t\t<p>Telefon: +45 76 13 44 44<\/p><p>Mandag-Torsdag 8.00-16.00<br \/><span style=\"text-align: var(--text-align); color: var( --e-global-color-text ); font-family: var( --e-global-typography-5c66753-font-family ), Sans-serif; font-size: var( --e-global-typography-5c66753-font-size ); font-weight: var( --e-global-typography-5c66753-font-weight ); letter-spacing: var( --e-global-typography-5c66753-letter-spacing ); word-spacing: var( --e-global-typography-5c66753-word-spacing );\">Fredag 8.00-15.30<\/span><\/p><p>Mail til support: <a style=\"color: var(--e-global-color-text);\" href=\"mailto:SupportDenmark@gsfleet.io\">SupportDenmark@gsfleet.io<\/a><\/p>\t\t\t\t\t\t\t\t<\/div>\n\t\t\t\t<\/div>\n\t\t\t\t\t<\/div>\n\t\t\t\t<\/div>\n\t\t\t\t<\/div>\n\t\t","protected":false},"excerpt":{"rendered":"<p>Kontakt os GSFleet DK ApSH\u00f8gevej 196705 Esbjerg Sporing af fl\u00e5de og aktiver Telefon: +45 76 13 44 44 Mandag-Torsdag 8.00-16.00Fredag 8.00-15.30 Mail til support: SupportDenmark@gsfleet.io<\/p>\n","protected":false},"author":2,"featured_media":0,"parent":7073,"menu_order":0,"comment_status":"closed","ping_status":"closed","template":"","meta":{"_acf_changed":false,"footnotes":""},"class_list":["post-7054","page","type-page","status-publish","hentry"],"acf":[],"yoast_head":"<!-- This site is optimized with the Yoast SEO Premium plugin v27.4 (Yoast SEO v27.5) - https:\/\/yoast.com\/product\/yoast-seo-premium-wordpress\/ -->\n<title>Kontakt os - GSFleet<\/title>\n<meta name=\"description\" content=\"Kontakt os hos GSFleet for at f\u00e5 hj\u00e6lp, s\u00e5 besvarer vi alle dine sp\u00f8rgsm\u00e5l s\u00e5 hurtigt som muligt.\" \/>\n<meta name=\"robots\" content=\"index, follow, max-snippet:-1, max-image-preview:large, max-video-preview:-1\" \/>\n<link rel=\"canonical\" href=\"https:\/\/www.gsfleet.io\/da\/om-os\/kontakt-os\/\" \/>\n<meta property=\"og:locale\" content=\"da_DK\" \/>\n<meta property=\"og:type\" content=\"article\" \/>\n<meta property=\"og:title\" content=\"Kontakt os\" \/>\n<meta property=\"og:description\" content=\"Kontakt os hos GSFleet for at f\u00e5 hj\u00e6lp, s\u00e5 besvarer vi alle dine sp\u00f8rgsm\u00e5l s\u00e5 hurtigt som muligt.\" \/>\n<meta property=\"og:url\" content=\"https:\/\/www.gsfleet.io\/da\/om-os\/kontakt-os\/\" \/>\n<meta property=\"og:site_name\" content=\"GSFleet\" \/>\n<meta property=\"article:modified_time\" content=\"2025-11-25T08:43:50+00:00\" \/>\n<meta property=\"og:image\" content=\"https:\/\/www.gsfleet.io\/wp-content\/uploads\/AdobeStock_452354262_new.jpg\" \/>\n\t<meta property=\"og:image:width\" content=\"1240\" \/>\n\t<meta property=\"og:image:height\" content=\"827\" \/>\n\t<meta property=\"og:image:type\" content=\"image\/jpeg\" \/>\n<meta name=\"twitter:card\" content=\"summary_large_image\" \/>\n<meta name=\"twitter:label1\" content=\"Estimeret l\u00e6setid\" \/>\n\t<meta name=\"twitter:data1\" content=\"1 minut\" \/>\n<script type=\"application\/ld+json\" class=\"yoast-schema-graph\">{\"@context\":\"https:\\\/\\\/schema.org\",\"@graph\":[{\"@type\":\"WebPage\",\"@id\":\"https:\\\/\\\/www.gsfleet.io\\\/da\\\/om-os\\\/kontakt-os\\\/\",\"url\":\"https:\\\/\\\/www.gsfleet.io\\\/da\\\/om-os\\\/kontakt-os\\\/\",\"name\":\"Kontakt os - GSFleet\",\"isPartOf\":{\"@id\":\"https:\\\/\\\/www.gsfleet.io\\\/da\\\/#website\"},\"datePublished\":\"2023-10-27T07:14:36+00:00\",\"dateModified\":\"2025-11-25T08:43:50+00:00\",\"description\":\"Kontakt os hos GSFleet for at f\u00e5 hj\u00e6lp, s\u00e5 besvarer vi alle dine sp\u00f8rgsm\u00e5l s\u00e5 hurtigt som muligt.\",\"breadcrumb\":{\"@id\":\"https:\\\/\\\/www.gsfleet.io\\\/da\\\/om-os\\\/kontakt-os\\\/#breadcrumb\"},\"inLanguage\":\"da-DK\",\"potentialAction\":[{\"@type\":\"ReadAction\",\"target\":[\"https:\\\/\\\/www.gsfleet.io\\\/da\\\/om-os\\\/kontakt-os\\\/\"]}]},{\"@type\":\"BreadcrumbList\",\"@id\":\"https:\\\/\\\/www.gsfleet.io\\\/da\\\/om-os\\\/kontakt-os\\\/#breadcrumb\",\"itemListElement\":[{\"@type\":\"ListItem\",\"position\":1,\"name\":\"Home\",\"item\":\"https:\\\/\\\/www.gsfleet.io\\\/da\\\/\"},{\"@type\":\"ListItem\",\"position\":2,\"name\":\"Om os\",\"item\":\"https:\\\/\\\/www.gsfleet.io\\\/da\\\/om-os\\\/\"},{\"@type\":\"ListItem\",\"position\":3,\"name\":\"Kontakt os\"}]},{\"@type\":\"WebSite\",\"@id\":\"https:\\\/\\\/www.gsfleet.io\\\/da\\\/#website\",\"url\":\"https:\\\/\\\/www.gsfleet.io\\\/da\\\/\",\"name\":\"GSFleet\",\"description\":\"\",\"publisher\":{\"@id\":\"https:\\\/\\\/www.gsfleet.io\\\/da\\\/#organization\"},\"potentialAction\":[{\"@type\":\"SearchAction\",\"target\":{\"@type\":\"EntryPoint\",\"urlTemplate\":\"https:\\\/\\\/www.gsfleet.io\\\/da\\\/?s={search_term_string}\"},\"query-input\":{\"@type\":\"PropertyValueSpecification\",\"valueRequired\":true,\"valueName\":\"search_term_string\"}}],\"inLanguage\":\"da-DK\"},{\"@type\":\"Organization\",\"@id\":\"https:\\\/\\\/www.gsfleet.io\\\/da\\\/#organization\",\"name\":\"GSFleet\",\"url\":\"https:\\\/\\\/www.gsfleet.io\\\/da\\\/\",\"logo\":{\"@type\":\"ImageObject\",\"inLanguage\":\"da-DK\",\"@id\":\"https:\\\/\\\/www.gsfleet.io\\\/da\\\/#\\\/schema\\\/logo\\\/image\\\/\",\"url\":\"https:\\\/\\\/www.gsfleet.io\\\/wp-content\\\/uploads\\\/GSFleet-Logo-1.svg\",\"contentUrl\":\"https:\\\/\\\/www.gsfleet.io\\\/wp-content\\\/uploads\\\/GSFleet-Logo-1.svg\",\"width\":130,\"height\":25,\"caption\":\"GSFleet\"},\"image\":{\"@id\":\"https:\\\/\\\/www.gsfleet.io\\\/da\\\/#\\\/schema\\\/logo\\\/image\\\/\"}}]}<\/script>\n<!-- \/ Yoast SEO Premium plugin. -->","yoast_head_json":{"title":"Kontakt os - GSFleet","description":"Kontakt os hos GSFleet for at f\u00e5 hj\u00e6lp, s\u00e5 besvarer vi alle dine sp\u00f8rgsm\u00e5l s\u00e5 hurtigt som muligt.","robots":{"index":"index","follow":"follow","max-snippet":"max-snippet:-1","max-image-preview":"max-image-preview:large","max-video-preview":"max-video-preview:-1"},"canonical":"https:\/\/www.gsfleet.io\/da\/om-os\/kontakt-os\/","og_locale":"da_DK","og_type":"article","og_title":"Kontakt os","og_description":"Kontakt os hos GSFleet for at f\u00e5 hj\u00e6lp, s\u00e5 besvarer vi alle dine sp\u00f8rgsm\u00e5l s\u00e5 hurtigt som muligt.","og_url":"https:\/\/www.gsfleet.io\/da\/om-os\/kontakt-os\/","og_site_name":"GSFleet","article_modified_time":"2025-11-25T08:43:50+00:00","og_image":[{"width":1240,"height":827,"url":"https:\/\/www.gsfleet.io\/wp-content\/uploads\/AdobeStock_452354262_new.jpg","type":"image\/jpeg"}],"twitter_card":"summary_large_image","twitter_misc":{"Estimeret l\u00e6setid":"1 minut"},"schema":{"@context":"https:\/\/schema.org","@graph":[{"@type":"WebPage","@id":"https:\/\/www.gsfleet.io\/da\/om-os\/kontakt-os\/","url":"https:\/\/www.gsfleet.io\/da\/om-os\/kontakt-os\/","name":"Kontakt os - GSFleet","isPartOf":{"@id":"https:\/\/www.gsfleet.io\/da\/#website"},"datePublished":"2023-10-27T07:14:36+00:00","dateModified":"2025-11-25T08:43:50+00:00","description":"Kontakt os hos GSFleet for at f\u00e5 hj\u00e6lp, s\u00e5 besvarer vi alle dine sp\u00f8rgsm\u00e5l s\u00e5 hurtigt som muligt.","breadcrumb":{"@id":"https:\/\/www.gsfleet.io\/da\/om-os\/kontakt-os\/#breadcrumb"},"inLanguage":"da-DK","potentialAction":[{"@type":"ReadAction","target":["https:\/\/www.gsfleet.io\/da\/om-os\/kontakt-os\/"]}]},{"@type":"BreadcrumbList","@id":"https:\/\/www.gsfleet.io\/da\/om-os\/kontakt-os\/#breadcrumb","itemListElement":[{"@type":"ListItem","position":1,"name":"Home","item":"https:\/\/www.gsfleet.io\/da\/"},{"@type":"ListItem","position":2,"name":"Om os","item":"https:\/\/www.gsfleet.io\/da\/om-os\/"},{"@type":"ListItem","position":3,"name":"Kontakt os"}]},{"@type":"WebSite","@id":"https:\/\/www.gsfleet.io\/da\/#website","url":"https:\/\/www.gsfleet.io\/da\/","name":"GSFleet","description":"","publisher":{"@id":"https:\/\/www.gsfleet.io\/da\/#organization"},"potentialAction":[{"@type":"SearchAction","target":{"@type":"EntryPoint","urlTemplate":"https:\/\/www.gsfleet.io\/da\/?s={search_term_string}"},"query-input":{"@type":"PropertyValueSpecification","valueRequired":true,"valueName":"search_term_string"}}],"inLanguage":"da-DK"},{"@type":"Organization","@id":"https:\/\/www.gsfleet.io\/da\/#organization","name":"GSFleet","url":"https:\/\/www.gsfleet.io\/da\/","logo":{"@type":"ImageObject","inLanguage":"da-DK","@id":"https:\/\/www.gsfleet.io\/da\/#\/schema\/logo\/image\/","url":"https:\/\/www.gsfleet.io\/wp-content\/uploads\/GSFleet-Logo-1.svg","contentUrl":"https:\/\/www.gsfleet.io\/wp-content\/uploads\/GSFleet-Logo-1.svg","width":130,"height":25,"caption":"GSFleet"},"image":{"@id":"https:\/\/www.gsfleet.io\/da\/#\/schema\/logo\/image\/"}}]}},"_links":{"self":[{"href":"https:\/\/www.gsfleet.io\/da\/wp-json\/wp\/v2\/pages\/7054","targetHints":{"allow":["GET"]}}],"collection":[{"href":"https:\/\/www.gsfleet.io\/da\/wp-json\/wp\/v2\/pages"}],"about":[{"href":"https:\/\/www.gsfleet.io\/da\/wp-json\/wp\/v2\/types\/page"}],"author":[{"embeddable":true,"href":"https:\/\/www.gsfleet.io\/da\/wp-json\/wp\/v2\/users\/2"}],"replies":[{"embeddable":true,"href":"https:\/\/www.gsfleet.io\/da\/wp-json\/wp\/v2\/comments?post=7054"}],"version-history":[{"count":24,"href":"https:\/\/www.gsfleet.io\/da\/wp-json\/wp\/v2\/pages\/7054\/revisions"}],"predecessor-version":[{"id":18199,"href":"https:\/\/www.gsfleet.io\/da\/wp-json\/wp\/v2\/pages\/7054\/revisions\/18199"}],"up":[{"embeddable":true,"href":"https:\/\/www.gsfleet.io\/da\/wp-json\/wp\/v2\/pages\/7073"}],"wp:attachment":[{"href":"https:\/\/www.gsfleet.io\/da\/wp-json\/wp\/v2\/media?parent=7054"}],"curies":[{"name":"wp","href":"https:\/\/api.w.org\/{rel}","templated":true}]}}