{"id":7038,"date":"2023-10-02T10:30:14","date_gmt":"2023-10-02T08:30:14","guid":{"rendered":"https:\/\/gsgroup.danspot.dk\/bliv-partner\/"},"modified":"2025-11-25T09:47:47","modified_gmt":"2025-11-25T08:47:47","slug":"bliv-partner","status":"publish","type":"page","link":"https:\/\/www.gsfleet.io\/da\/partnere\/bliv-partner\/","title":{"rendered":"Bliv partner"},"content":{"rendered":"\t\t<div data-elementor-type=\"wp-page\" data-elementor-id=\"7038\" class=\"elementor elementor-7038 elementor-415\" data-elementor-post-type=\"page\">\n\t\t\t\t<div class=\"elementor-element elementor-element-49e7aa6 e-con-full e-flex e-con e-parent\" data-id=\"49e7aa6\" data-element_type=\"container\" data-e-type=\"container\" data-settings=\"{&quot;background_background&quot;:&quot;classic&quot;}\">\n\t\t\t\t<div class=\"elementor-element elementor-element-86441e2 elementor-widget__width-initial elementor-widget elementor-widget-heading\" data-id=\"86441e2\" data-element_type=\"widget\" data-e-type=\"widget\" data-widget_type=\"heading.default\">\n\t\t\t\t<div class=\"elementor-widget-container\">\n\t\t\t\t\t<h1 class=\"elementor-heading-title elementor-size-default\">Bliv partner<\/h1>\t\t\t\t<\/div>\n\t\t\t\t<\/div>\n\t\t\t\t<\/div>\n\t\t<div class=\"elementor-element elementor-element-6c62025 e-flex e-con-boxed e-con e-parent\" data-id=\"6c62025\" data-element_type=\"container\" data-e-type=\"container\">\n\t\t\t\t\t<div class=\"e-con-inner\">\n\t\t\t\t<div class=\"elementor-element elementor-element-ec195ca elementor-widget elementor-widget-text-editor\" data-id=\"ec195ca\" data-element_type=\"widget\" data-e-type=\"widget\" data-widget_type=\"text-editor.default\">\n\t\t\t\t<div class=\"elementor-widget-container\">\n\t\t\t\t\t\t\t\t\t<p><strong>Hvad betyder det at v\u00e6re partner med GSFleet?<\/strong><\/p><p>Vi tilbyder dine medlemmer og kunder en end-to-end-l\u00f8sning, hvor de nemt kan se deres k\u00f8ret\u00f8jer i realtid, reducere br\u00e6ndstof- og driftsomkostninger, dokumentere alle kilometer, sikre serviceintervaller og spore k\u00f8ret\u00f8jer og genstande i hele verden i tilf\u00e6lde af tyveri. <\/p><p>Uanset model eller m\u00e6rke k\u00f8ret\u00f8jsm\u00e6rke.<\/p><p><strong>Hvad g\u00f8r GSFleet til det bedste valg for dine medlemmer og kunder?<\/strong><\/p><p>Vi har over 30 \u00e5rs erfaring med at levering af disse tjenester til vores kunder og partnere, og vi er stolte af at have v\u00e6ret den foretrukne partner for nogle af de st\u00f8rste akt\u00f8rer i transportsektoren i mange \u00e5r.<\/p><p>Det er denne erfaring, der g\u00f8r det muligt for os at vide, hvad vores kunder \u00f8nsker, og hvad vi kan bidrage med for at skabe langsigtede og rentable l\u00f8sninger for vores partnere.<\/p><p><strong>Er du interesseret i at h\u00f8re mere om, hvad vi kan g\u00f8re for dig? Udfyld formularen nedenfor, s\u00e5 kontakter vi dig! <\/strong><\/p>\t\t\t\t\t\t\t\t<\/div>\n\t\t\t\t<\/div>\n\t\t\t\t\t<\/div>\n\t\t\t\t<\/div>\n\t\t\t\t<\/div>\n\t\t","protected":false},"excerpt":{"rendered":"<p>Bliv partner Hvad betyder det at v\u00e6re partner med GSFleet? Vi tilbyder dine medlemmer og kunder en end-to-end-l\u00f8sning, hvor de nemt kan se deres k\u00f8ret\u00f8jer i realtid, reducere br\u00e6ndstof- og driftsomkostninger, dokumentere alle kilometer, sikre serviceintervaller og spore k\u00f8ret\u00f8jer og genstande i hele verden i tilf\u00e6lde af tyveri. Uanset model eller m\u00e6rke k\u00f8ret\u00f8jsm\u00e6rke. Hvad g\u00f8r [&hellip;]<\/p>\n","protected":false},"author":2,"featured_media":6520,"parent":7068,"menu_order":0,"comment_status":"closed","ping_status":"closed","template":"","meta":{"_acf_changed":false,"footnotes":""},"class_list":["post-7038","page","type-page","status-publish","has-post-thumbnail","hentry"],"acf":[],"yoast_head":"<!-- This site is optimized with the Yoast SEO Premium plugin v27.3 (Yoast SEO v27.3) - https:\/\/yoast.com\/product\/yoast-seo-premium-wordpress\/ -->\n<title>Bliv partner - GSFleet<\/title>\n<meta name=\"description\" content=\"Bliv en GSFleet-partner. Tilbyd dine kunder omfattende fl\u00e5del\u00f8sninger, og reducer driftsomkostningerne. Klik her for at f\u00e5 mere at vide!\" \/>\n<meta name=\"robots\" content=\"index, follow, max-snippet:-1, max-image-preview:large, max-video-preview:-1\" \/>\n<link rel=\"canonical\" href=\"https:\/\/www.gsfleet.io\/da\/partnere\/bliv-partner\/\" \/>\n<meta property=\"og:locale\" content=\"da_DK\" \/>\n<meta property=\"og:type\" content=\"article\" \/>\n<meta property=\"og:title\" content=\"Bliv partner\" \/>\n<meta property=\"og:description\" content=\"Bliv en GSFleet-partner. Tilbyd dine kunder omfattende fl\u00e5del\u00f8sninger, og reducer driftsomkostningerne. Klik her for at f\u00e5 mere at vide!\" \/>\n<meta property=\"og:url\" content=\"https:\/\/www.gsfleet.io\/da\/partnere\/bliv-partner\/\" \/>\n<meta property=\"og:site_name\" content=\"GSFleet\" \/>\n<meta property=\"article:modified_time\" content=\"2025-11-25T08:47:47+00:00\" \/>\n<meta property=\"og:image\" content=\"https:\/\/www.gsfleet.io\/wp-content\/uploads\/AdobeStock_386502382-1.jpg\" \/>\n\t<meta property=\"og:image:width\" content=\"1920\" \/>\n\t<meta property=\"og:image:height\" content=\"1279\" \/>\n\t<meta property=\"og:image:type\" content=\"image\/jpeg\" \/>\n<meta name=\"twitter:card\" content=\"summary_large_image\" \/>\n<meta name=\"twitter:label1\" content=\"Estimeret l\u00e6setid\" \/>\n\t<meta name=\"twitter:data1\" content=\"1 minut\" \/>\n<script type=\"application\/ld+json\" class=\"yoast-schema-graph\">{\"@context\":\"https:\\\/\\\/schema.org\",\"@graph\":[{\"@type\":\"WebPage\",\"@id\":\"https:\\\/\\\/www.gsfleet.io\\\/da\\\/partnere\\\/bliv-partner\\\/\",\"url\":\"https:\\\/\\\/www.gsfleet.io\\\/da\\\/partnere\\\/bliv-partner\\\/\",\"name\":\"Bliv partner - GSFleet\",\"isPartOf\":{\"@id\":\"https:\\\/\\\/www.gsfleet.io\\\/da\\\/#website\"},\"primaryImageOfPage\":{\"@id\":\"https:\\\/\\\/www.gsfleet.io\\\/da\\\/partnere\\\/bliv-partner\\\/#primaryimage\"},\"image\":{\"@id\":\"https:\\\/\\\/www.gsfleet.io\\\/da\\\/partnere\\\/bliv-partner\\\/#primaryimage\"},\"thumbnailUrl\":\"https:\\\/\\\/www.gsfleet.io\\\/wp-content\\\/uploads\\\/AdobeStock_386502382-1.jpg\",\"datePublished\":\"2023-10-02T08:30:14+00:00\",\"dateModified\":\"2025-11-25T08:47:47+00:00\",\"description\":\"Bliv en GSFleet-partner. Tilbyd dine kunder omfattende fl\u00e5del\u00f8sninger, og reducer driftsomkostningerne. Klik her for at f\u00e5 mere at vide!\",\"breadcrumb\":{\"@id\":\"https:\\\/\\\/www.gsfleet.io\\\/da\\\/partnere\\\/bliv-partner\\\/#breadcrumb\"},\"inLanguage\":\"da-DK\",\"potentialAction\":[{\"@type\":\"ReadAction\",\"target\":[\"https:\\\/\\\/www.gsfleet.io\\\/da\\\/partnere\\\/bliv-partner\\\/\"]}]},{\"@type\":\"ImageObject\",\"inLanguage\":\"da-DK\",\"@id\":\"https:\\\/\\\/www.gsfleet.io\\\/da\\\/partnere\\\/bliv-partner\\\/#primaryimage\",\"url\":\"https:\\\/\\\/www.gsfleet.io\\\/wp-content\\\/uploads\\\/AdobeStock_386502382-1.jpg\",\"contentUrl\":\"https:\\\/\\\/www.gsfleet.io\\\/wp-content\\\/uploads\\\/AdobeStock_386502382-1.jpg\",\"width\":1920,\"height\":1279},{\"@type\":\"BreadcrumbList\",\"@id\":\"https:\\\/\\\/www.gsfleet.io\\\/da\\\/partnere\\\/bliv-partner\\\/#breadcrumb\",\"itemListElement\":[{\"@type\":\"ListItem\",\"position\":1,\"name\":\"Home\",\"item\":\"https:\\\/\\\/www.gsfleet.io\\\/da\\\/\"},{\"@type\":\"ListItem\",\"position\":2,\"name\":\"Partnere\",\"item\":\"https:\\\/\\\/www.gsfleet.io\\\/da\\\/partnere\\\/\"},{\"@type\":\"ListItem\",\"position\":3,\"name\":\"Bliv partner\"}]},{\"@type\":\"WebSite\",\"@id\":\"https:\\\/\\\/www.gsfleet.io\\\/da\\\/#website\",\"url\":\"https:\\\/\\\/www.gsfleet.io\\\/da\\\/\",\"name\":\"GSFleet\",\"description\":\"\",\"publisher\":{\"@id\":\"https:\\\/\\\/www.gsfleet.io\\\/da\\\/#organization\"},\"potentialAction\":[{\"@type\":\"SearchAction\",\"target\":{\"@type\":\"EntryPoint\",\"urlTemplate\":\"https:\\\/\\\/www.gsfleet.io\\\/da\\\/?s={search_term_string}\"},\"query-input\":{\"@type\":\"PropertyValueSpecification\",\"valueRequired\":true,\"valueName\":\"search_term_string\"}}],\"inLanguage\":\"da-DK\"},{\"@type\":\"Organization\",\"@id\":\"https:\\\/\\\/www.gsfleet.io\\\/da\\\/#organization\",\"name\":\"GSFleet\",\"url\":\"https:\\\/\\\/www.gsfleet.io\\\/da\\\/\",\"logo\":{\"@type\":\"ImageObject\",\"inLanguage\":\"da-DK\",\"@id\":\"https:\\\/\\\/www.gsfleet.io\\\/da\\\/#\\\/schema\\\/logo\\\/image\\\/\",\"url\":\"https:\\\/\\\/www.gsfleet.io\\\/wp-content\\\/uploads\\\/GSFleet-Logo-1.svg\",\"contentUrl\":\"https:\\\/\\\/www.gsfleet.io\\\/wp-content\\\/uploads\\\/GSFleet-Logo-1.svg\",\"width\":130,\"height\":25,\"caption\":\"GSFleet\"},\"image\":{\"@id\":\"https:\\\/\\\/www.gsfleet.io\\\/da\\\/#\\\/schema\\\/logo\\\/image\\\/\"}}]}<\/script>\n<!-- \/ Yoast SEO Premium plugin. -->","yoast_head_json":{"title":"Bliv partner - GSFleet","description":"Bliv en GSFleet-partner. Tilbyd dine kunder omfattende fl\u00e5del\u00f8sninger, og reducer driftsomkostningerne. Klik her for at f\u00e5 mere at vide!","robots":{"index":"index","follow":"follow","max-snippet":"max-snippet:-1","max-image-preview":"max-image-preview:large","max-video-preview":"max-video-preview:-1"},"canonical":"https:\/\/www.gsfleet.io\/da\/partnere\/bliv-partner\/","og_locale":"da_DK","og_type":"article","og_title":"Bliv partner","og_description":"Bliv en GSFleet-partner. Tilbyd dine kunder omfattende fl\u00e5del\u00f8sninger, og reducer driftsomkostningerne. Klik her for at f\u00e5 mere at vide!","og_url":"https:\/\/www.gsfleet.io\/da\/partnere\/bliv-partner\/","og_site_name":"GSFleet","article_modified_time":"2025-11-25T08:47:47+00:00","og_image":[{"width":1920,"height":1279,"url":"https:\/\/www.gsfleet.io\/wp-content\/uploads\/AdobeStock_386502382-1.jpg","type":"image\/jpeg"}],"twitter_card":"summary_large_image","twitter_misc":{"Estimeret l\u00e6setid":"1 minut"},"schema":{"@context":"https:\/\/schema.org","@graph":[{"@type":"WebPage","@id":"https:\/\/www.gsfleet.io\/da\/partnere\/bliv-partner\/","url":"https:\/\/www.gsfleet.io\/da\/partnere\/bliv-partner\/","name":"Bliv partner - GSFleet","isPartOf":{"@id":"https:\/\/www.gsfleet.io\/da\/#website"},"primaryImageOfPage":{"@id":"https:\/\/www.gsfleet.io\/da\/partnere\/bliv-partner\/#primaryimage"},"image":{"@id":"https:\/\/www.gsfleet.io\/da\/partnere\/bliv-partner\/#primaryimage"},"thumbnailUrl":"https:\/\/www.gsfleet.io\/wp-content\/uploads\/AdobeStock_386502382-1.jpg","datePublished":"2023-10-02T08:30:14+00:00","dateModified":"2025-11-25T08:47:47+00:00","description":"Bliv en GSFleet-partner. Tilbyd dine kunder omfattende fl\u00e5del\u00f8sninger, og reducer driftsomkostningerne. Klik her for at f\u00e5 mere at vide!","breadcrumb":{"@id":"https:\/\/www.gsfleet.io\/da\/partnere\/bliv-partner\/#breadcrumb"},"inLanguage":"da-DK","potentialAction":[{"@type":"ReadAction","target":["https:\/\/www.gsfleet.io\/da\/partnere\/bliv-partner\/"]}]},{"@type":"ImageObject","inLanguage":"da-DK","@id":"https:\/\/www.gsfleet.io\/da\/partnere\/bliv-partner\/#primaryimage","url":"https:\/\/www.gsfleet.io\/wp-content\/uploads\/AdobeStock_386502382-1.jpg","contentUrl":"https:\/\/www.gsfleet.io\/wp-content\/uploads\/AdobeStock_386502382-1.jpg","width":1920,"height":1279},{"@type":"BreadcrumbList","@id":"https:\/\/www.gsfleet.io\/da\/partnere\/bliv-partner\/#breadcrumb","itemListElement":[{"@type":"ListItem","position":1,"name":"Home","item":"https:\/\/www.gsfleet.io\/da\/"},{"@type":"ListItem","position":2,"name":"Partnere","item":"https:\/\/www.gsfleet.io\/da\/partnere\/"},{"@type":"ListItem","position":3,"name":"Bliv partner"}]},{"@type":"WebSite","@id":"https:\/\/www.gsfleet.io\/da\/#website","url":"https:\/\/www.gsfleet.io\/da\/","name":"GSFleet","description":"","publisher":{"@id":"https:\/\/www.gsfleet.io\/da\/#organization"},"potentialAction":[{"@type":"SearchAction","target":{"@type":"EntryPoint","urlTemplate":"https:\/\/www.gsfleet.io\/da\/?s={search_term_string}"},"query-input":{"@type":"PropertyValueSpecification","valueRequired":true,"valueName":"search_term_string"}}],"inLanguage":"da-DK"},{"@type":"Organization","@id":"https:\/\/www.gsfleet.io\/da\/#organization","name":"GSFleet","url":"https:\/\/www.gsfleet.io\/da\/","logo":{"@type":"ImageObject","inLanguage":"da-DK","@id":"https:\/\/www.gsfleet.io\/da\/#\/schema\/logo\/image\/","url":"https:\/\/www.gsfleet.io\/wp-content\/uploads\/GSFleet-Logo-1.svg","contentUrl":"https:\/\/www.gsfleet.io\/wp-content\/uploads\/GSFleet-Logo-1.svg","width":130,"height":25,"caption":"GSFleet"},"image":{"@id":"https:\/\/www.gsfleet.io\/da\/#\/schema\/logo\/image\/"}}]}},"_links":{"self":[{"href":"https:\/\/www.gsfleet.io\/da\/wp-json\/wp\/v2\/pages\/7038","targetHints":{"allow":["GET"]}}],"collection":[{"href":"https:\/\/www.gsfleet.io\/da\/wp-json\/wp\/v2\/pages"}],"about":[{"href":"https:\/\/www.gsfleet.io\/da\/wp-json\/wp\/v2\/types\/page"}],"author":[{"embeddable":true,"href":"https:\/\/www.gsfleet.io\/da\/wp-json\/wp\/v2\/users\/2"}],"replies":[{"embeddable":true,"href":"https:\/\/www.gsfleet.io\/da\/wp-json\/wp\/v2\/comments?post=7038"}],"version-history":[{"count":21,"href":"https:\/\/www.gsfleet.io\/da\/wp-json\/wp\/v2\/pages\/7038\/revisions"}],"predecessor-version":[{"id":20976,"href":"https:\/\/www.gsfleet.io\/da\/wp-json\/wp\/v2\/pages\/7038\/revisions\/20976"}],"up":[{"embeddable":true,"href":"https:\/\/www.gsfleet.io\/da\/wp-json\/wp\/v2\/pages\/7068"}],"wp:featuredmedia":[{"embeddable":true,"href":"https:\/\/www.gsfleet.io\/da\/wp-json\/wp\/v2\/media\/6520"}],"wp:attachment":[{"href":"https:\/\/www.gsfleet.io\/da\/wp-json\/wp\/v2\/media?parent=7038"}],"curies":[{"name":"wp","href":"https:\/\/api.w.org\/{rel}","templated":true}]}}