{"id":20056,"date":"2025-06-13T08:51:43","date_gmt":"2025-06-13T06:51:43","guid":{"rendered":"https:\/\/www.gsfleet.io\/start-en-gratis-proeveperiode\/"},"modified":"2025-06-13T09:57:39","modified_gmt":"2025-06-13T07:57:39","slug":"start-en-gratis-proeveperiode","status":"publish","type":"page","link":"https:\/\/www.gsfleet.io\/da\/start-en-gratis-proeveperiode\/","title":{"rendered":"Start en gratis pr\u00f8veperiode"},"content":{"rendered":"\t\t<div data-elementor-type=\"wp-page\" data-elementor-id=\"20056\" class=\"elementor elementor-20056 elementor-19983\" data-elementor-post-type=\"page\">\n\t\t\t\t<div class=\"elementor-element elementor-element-5a6835d e-flex e-con-boxed e-con e-parent\" data-id=\"5a6835d\" data-element_type=\"container\" data-e-type=\"container\" data-settings=\"{&quot;background_background&quot;:&quot;classic&quot;}\">\n\t\t\t\t\t<div class=\"e-con-inner\">\n\t\t<div class=\"elementor-element elementor-element-e3df075 e-con-full e-flex e-con e-child\" data-id=\"e3df075\" data-element_type=\"container\" data-e-type=\"container\">\n\t\t\t\t<div class=\"elementor-element elementor-element-15e7a88 elementor-widget__width-inherit elementor-widget-tablet__width-inherit elementor-widget elementor-widget-heading\" data-id=\"15e7a88\" data-element_type=\"widget\" data-e-type=\"widget\" data-widget_type=\"heading.default\">\n\t\t\t\t<div class=\"elementor-widget-container\">\n\t\t\t\t\t<h1 class=\"elementor-heading-title elementor-size-default\">Start en gratis pr\u00f8veperiode  <\/h1>\t\t\t\t<\/div>\n\t\t\t\t<\/div>\n\t\t\t\t<div class=\"elementor-element elementor-element-c5aba2c elementor-widget elementor-widget-text-editor\" data-id=\"c5aba2c\" data-element_type=\"widget\" data-e-type=\"widget\" data-widget_type=\"text-editor.default\">\n\t\t\t\t<div class=\"elementor-widget-container\">\n\t\t\t\t\t\t\t\t\t<p>Oplev fordelene ved GSFleet Manager, og tag kontrol over din fl\u00e5de uden risiko eller forpligtelser. Start en gratis pr\u00f8veperiode i dag, og f\u00e5 adgang til alle vores st\u00e6rke funktioner, herunder sporing i realtid, trafikh\u00e6ndelser og indsigt i br\u00e6ndstofforbrug og k\u00f8readf\u00e6rd &#8211; alt sammen p\u00e5 \u00e9n platform.<\/p>\t\t\t\t\t\t\t\t<\/div>\n\t\t\t\t<\/div>\n\t\t\t\t<\/div>\n\t\t\t\t<div class=\"elementor-element elementor-element-8317a49 elementor-widget__width-inherit elementor-widget elementor-widget-html\" data-id=\"8317a49\" data-element_type=\"widget\" data-e-type=\"widget\" data-widget_type=\"html.default\">\n\t\t\t\t<div class=\"elementor-widget-container\">\n\t\t\t\t\t<script src=\"https:\/\/js-eu1.hsforms.net\/forms\/embed\/145226144.js\" defer><\/script>\n<div class=\"hs-form-frame\" data-region=\"eu1\" data-form-id=\"dc03ad95-acf4-4672-aa51-b0a476791148\" data-portal-id=\"145226144\"><\/div>\t\t\t\t<\/div>\n\t\t\t\t<\/div>\n\t\t\t\t\t<\/div>\n\t\t\t\t<\/div>\n\t\t\t\t<\/div>\n\t\t","protected":false},"excerpt":{"rendered":"<p>Start en gratis pr\u00f8veperiode Oplev fordelene ved GSFleet Manager, og tag kontrol over din fl\u00e5de uden risiko eller forpligtelser. Start en gratis pr\u00f8veperiode i dag, og f\u00e5 adgang til alle vores st\u00e6rke funktioner, herunder sporing i realtid, trafikh\u00e6ndelser og indsigt i br\u00e6ndstofforbrug og k\u00f8readf\u00e6rd &#8211; alt sammen p\u00e5 \u00e9n platform.<\/p>\n","protected":false},"author":20,"featured_media":0,"parent":0,"menu_order":0,"comment_status":"closed","ping_status":"closed","template":"elementor_header_footer","meta":{"_acf_changed":false,"footnotes":""},"class_list":["post-20056","page","type-page","status-publish","hentry"],"acf":[],"yoast_head":"<!-- This site is optimized with the Yoast SEO Premium plugin v27.4 (Yoast SEO v27.5) - https:\/\/yoast.com\/product\/yoast-seo-premium-wordpress\/ -->\n<title>Start en gratis pr\u00f8veperiode - GSFleet<\/title>\n<meta name=\"robots\" content=\"index, follow, max-snippet:-1, max-image-preview:large, max-video-preview:-1\" \/>\n<link rel=\"canonical\" href=\"https:\/\/www.gsfleet.io\/da\/start-en-gratis-proeveperiode\/\" \/>\n<meta property=\"og:locale\" content=\"da_DK\" \/>\n<meta property=\"og:type\" content=\"article\" \/>\n<meta property=\"og:title\" content=\"Start en gratis pr\u00f8veperiode\" \/>\n<meta property=\"og:description\" content=\"Start en gratis pr\u00f8veperiode Oplev fordelene ved GSFleet Manager, og tag kontrol over din fl\u00e5de uden risiko eller forpligtelser. Start en gratis pr\u00f8veperiode i dag, og f\u00e5 adgang til alle vores st\u00e6rke funktioner, herunder sporing i realtid, trafikh\u00e6ndelser og indsigt i br\u00e6ndstofforbrug og k\u00f8readf\u00e6rd &#8211; alt sammen p\u00e5 \u00e9n platform.\" \/>\n<meta property=\"og:url\" content=\"https:\/\/www.gsfleet.io\/da\/start-en-gratis-proeveperiode\/\" \/>\n<meta property=\"og:site_name\" content=\"GSFleet\" \/>\n<meta property=\"article:modified_time\" content=\"2025-06-13T07:57:39+00:00\" \/>\n<meta property=\"og:image\" content=\"https:\/\/www.gsfleet.io\/wp-content\/uploads\/AdobeStock_452354262_new.jpg\" \/>\n\t<meta property=\"og:image:width\" content=\"1240\" \/>\n\t<meta property=\"og:image:height\" content=\"827\" \/>\n\t<meta property=\"og:image:type\" content=\"image\/jpeg\" \/>\n<meta name=\"twitter:card\" content=\"summary_large_image\" \/>\n<meta name=\"twitter:label1\" content=\"Estimeret l\u00e6setid\" \/>\n\t<meta name=\"twitter:data1\" content=\"1 minut\" \/>\n<script type=\"application\/ld+json\" class=\"yoast-schema-graph\">{\"@context\":\"https:\\\/\\\/schema.org\",\"@graph\":[{\"@type\":\"WebPage\",\"@id\":\"https:\\\/\\\/www.gsfleet.io\\\/da\\\/start-en-gratis-proeveperiode\\\/\",\"url\":\"https:\\\/\\\/www.gsfleet.io\\\/da\\\/start-en-gratis-proeveperiode\\\/\",\"name\":\"Start en gratis pr\u00f8veperiode - GSFleet\",\"isPartOf\":{\"@id\":\"https:\\\/\\\/www.gsfleet.io\\\/da\\\/#website\"},\"datePublished\":\"2025-06-13T06:51:43+00:00\",\"dateModified\":\"2025-06-13T07:57:39+00:00\",\"breadcrumb\":{\"@id\":\"https:\\\/\\\/www.gsfleet.io\\\/da\\\/start-en-gratis-proeveperiode\\\/#breadcrumb\"},\"inLanguage\":\"da-DK\",\"potentialAction\":[{\"@type\":\"ReadAction\",\"target\":[\"https:\\\/\\\/www.gsfleet.io\\\/da\\\/start-en-gratis-proeveperiode\\\/\"]}]},{\"@type\":\"BreadcrumbList\",\"@id\":\"https:\\\/\\\/www.gsfleet.io\\\/da\\\/start-en-gratis-proeveperiode\\\/#breadcrumb\",\"itemListElement\":[{\"@type\":\"ListItem\",\"position\":1,\"name\":\"Home\",\"item\":\"https:\\\/\\\/www.gsfleet.io\\\/da\\\/\"},{\"@type\":\"ListItem\",\"position\":2,\"name\":\"Start en gratis pr\u00f8veperiode\"}]},{\"@type\":\"WebSite\",\"@id\":\"https:\\\/\\\/www.gsfleet.io\\\/da\\\/#website\",\"url\":\"https:\\\/\\\/www.gsfleet.io\\\/da\\\/\",\"name\":\"GSFleet\",\"description\":\"\",\"publisher\":{\"@id\":\"https:\\\/\\\/www.gsfleet.io\\\/da\\\/#organization\"},\"potentialAction\":[{\"@type\":\"SearchAction\",\"target\":{\"@type\":\"EntryPoint\",\"urlTemplate\":\"https:\\\/\\\/www.gsfleet.io\\\/da\\\/?s={search_term_string}\"},\"query-input\":{\"@type\":\"PropertyValueSpecification\",\"valueRequired\":true,\"valueName\":\"search_term_string\"}}],\"inLanguage\":\"da-DK\"},{\"@type\":\"Organization\",\"@id\":\"https:\\\/\\\/www.gsfleet.io\\\/da\\\/#organization\",\"name\":\"GSFleet\",\"url\":\"https:\\\/\\\/www.gsfleet.io\\\/da\\\/\",\"logo\":{\"@type\":\"ImageObject\",\"inLanguage\":\"da-DK\",\"@id\":\"https:\\\/\\\/www.gsfleet.io\\\/da\\\/#\\\/schema\\\/logo\\\/image\\\/\",\"url\":\"https:\\\/\\\/www.gsfleet.io\\\/wp-content\\\/uploads\\\/GSFleet-Logo-1.svg\",\"contentUrl\":\"https:\\\/\\\/www.gsfleet.io\\\/wp-content\\\/uploads\\\/GSFleet-Logo-1.svg\",\"width\":130,\"height\":25,\"caption\":\"GSFleet\"},\"image\":{\"@id\":\"https:\\\/\\\/www.gsfleet.io\\\/da\\\/#\\\/schema\\\/logo\\\/image\\\/\"}}]}<\/script>\n<!-- \/ Yoast SEO Premium plugin. -->","yoast_head_json":{"title":"Start en gratis pr\u00f8veperiode - GSFleet","robots":{"index":"index","follow":"follow","max-snippet":"max-snippet:-1","max-image-preview":"max-image-preview:large","max-video-preview":"max-video-preview:-1"},"canonical":"https:\/\/www.gsfleet.io\/da\/start-en-gratis-proeveperiode\/","og_locale":"da_DK","og_type":"article","og_title":"Start en gratis pr\u00f8veperiode","og_description":"Start en gratis pr\u00f8veperiode Oplev fordelene ved GSFleet Manager, og tag kontrol over din fl\u00e5de uden risiko eller forpligtelser. Start en gratis pr\u00f8veperiode i dag, og f\u00e5 adgang til alle vores st\u00e6rke funktioner, herunder sporing i realtid, trafikh\u00e6ndelser og indsigt i br\u00e6ndstofforbrug og k\u00f8readf\u00e6rd &#8211; alt sammen p\u00e5 \u00e9n platform.","og_url":"https:\/\/www.gsfleet.io\/da\/start-en-gratis-proeveperiode\/","og_site_name":"GSFleet","article_modified_time":"2025-06-13T07:57:39+00:00","og_image":[{"width":1240,"height":827,"url":"https:\/\/www.gsfleet.io\/wp-content\/uploads\/AdobeStock_452354262_new.jpg","type":"image\/jpeg"}],"twitter_card":"summary_large_image","twitter_misc":{"Estimeret l\u00e6setid":"1 minut"},"schema":{"@context":"https:\/\/schema.org","@graph":[{"@type":"WebPage","@id":"https:\/\/www.gsfleet.io\/da\/start-en-gratis-proeveperiode\/","url":"https:\/\/www.gsfleet.io\/da\/start-en-gratis-proeveperiode\/","name":"Start en gratis pr\u00f8veperiode - GSFleet","isPartOf":{"@id":"https:\/\/www.gsfleet.io\/da\/#website"},"datePublished":"2025-06-13T06:51:43+00:00","dateModified":"2025-06-13T07:57:39+00:00","breadcrumb":{"@id":"https:\/\/www.gsfleet.io\/da\/start-en-gratis-proeveperiode\/#breadcrumb"},"inLanguage":"da-DK","potentialAction":[{"@type":"ReadAction","target":["https:\/\/www.gsfleet.io\/da\/start-en-gratis-proeveperiode\/"]}]},{"@type":"BreadcrumbList","@id":"https:\/\/www.gsfleet.io\/da\/start-en-gratis-proeveperiode\/#breadcrumb","itemListElement":[{"@type":"ListItem","position":1,"name":"Home","item":"https:\/\/www.gsfleet.io\/da\/"},{"@type":"ListItem","position":2,"name":"Start en gratis pr\u00f8veperiode"}]},{"@type":"WebSite","@id":"https:\/\/www.gsfleet.io\/da\/#website","url":"https:\/\/www.gsfleet.io\/da\/","name":"GSFleet","description":"","publisher":{"@id":"https:\/\/www.gsfleet.io\/da\/#organization"},"potentialAction":[{"@type":"SearchAction","target":{"@type":"EntryPoint","urlTemplate":"https:\/\/www.gsfleet.io\/da\/?s={search_term_string}"},"query-input":{"@type":"PropertyValueSpecification","valueRequired":true,"valueName":"search_term_string"}}],"inLanguage":"da-DK"},{"@type":"Organization","@id":"https:\/\/www.gsfleet.io\/da\/#organization","name":"GSFleet","url":"https:\/\/www.gsfleet.io\/da\/","logo":{"@type":"ImageObject","inLanguage":"da-DK","@id":"https:\/\/www.gsfleet.io\/da\/#\/schema\/logo\/image\/","url":"https:\/\/www.gsfleet.io\/wp-content\/uploads\/GSFleet-Logo-1.svg","contentUrl":"https:\/\/www.gsfleet.io\/wp-content\/uploads\/GSFleet-Logo-1.svg","width":130,"height":25,"caption":"GSFleet"},"image":{"@id":"https:\/\/www.gsfleet.io\/da\/#\/schema\/logo\/image\/"}}]}},"_links":{"self":[{"href":"https:\/\/www.gsfleet.io\/da\/wp-json\/wp\/v2\/pages\/20056","targetHints":{"allow":["GET"]}}],"collection":[{"href":"https:\/\/www.gsfleet.io\/da\/wp-json\/wp\/v2\/pages"}],"about":[{"href":"https:\/\/www.gsfleet.io\/da\/wp-json\/wp\/v2\/types\/page"}],"author":[{"embeddable":true,"href":"https:\/\/www.gsfleet.io\/da\/wp-json\/wp\/v2\/users\/20"}],"replies":[{"embeddable":true,"href":"https:\/\/www.gsfleet.io\/da\/wp-json\/wp\/v2\/comments?post=20056"}],"version-history":[{"count":4,"href":"https:\/\/www.gsfleet.io\/da\/wp-json\/wp\/v2\/pages\/20056\/revisions"}],"predecessor-version":[{"id":20069,"href":"https:\/\/www.gsfleet.io\/da\/wp-json\/wp\/v2\/pages\/20056\/revisions\/20069"}],"wp:attachment":[{"href":"https:\/\/www.gsfleet.io\/da\/wp-json\/wp\/v2\/media?parent=20056"}],"curies":[{"name":"wp","href":"https:\/\/api.w.org\/{rel}","templated":true}]}}